{"id":118352,"date":"2021-11-09T11:02:39","date_gmt":"2021-11-08T11:02:39","guid":{"rendered":"https:\/\/www.sylvie-monthule.com\/?post_type=product&#038;p=118352\/"},"modified":"2025-02-17T08:48:34","modified_gmt":"2025-02-17T07:48:34","slug":"taillenkette-regen-von-perlen-gold","status":"publish","type":"product","link":"https:\/\/www.sylvie-monthule.com\/de\/juwel\/taillenkette-regen-von-perlen-gold\/","title":{"rendered":"Taillenkette \u201eRegen von Perlen\u201c Gold"},"content":{"rendered":"<p>Du tr\u00e4gst eine sehr sinnliche H\u00fcftkette. Die 5 kaprizi\u00f6sen Perlen, eine Mischung aus Gold und H\u00e4matit, sind wie die Liebkosung eines leichten Regens auf die W\u00f6lbung deines Bauches&#8230; Eine Taillenkette im Einklang mit dem Perlenregen-Brustschmuck.<\/p>\n","protected":false},"excerpt":{"rendered":"<p>Geben Sie im Block Ihre Gr\u00f6\u00dfe an:<br \/>\nS, M, L, XL \u2026 Egal welche Gr\u00f6\u00dfe Sie ausw\u00e4hlen, unser Taillenschmuck ist verstellbar.<\/p>\n<p>Hohe Vergoldung 1 Mikron 16 Karat und Finish 24 Karat auf Metall.<br \/>\nH\u00e4matit-Perle.<br \/>\nHypoallergen.<\/p>\n","protected":false},"featured_media":117687,"template":"","meta":{"_acf_changed":false},"product_brand":[],"product_cat":[1683,1694],"product_tag":[],"class_list":{"0":"post-118352","1":"product","2":"type-product","3":"status-publish","4":"has-post-thumbnail","6":"product_cat-schmuck-fur-sie","7":"product_cat-taillenketten-fusketten","8":"collection-leidenschaftlich-nackt","10":"first","11":"instock","12":"taxable","13":"shipping-taxable","14":"purchasable","15":"product-type-variable","16":"has-default-attributes"},"acf":[],"_links":{"self":[{"href":"https:\/\/www.sylvie-monthule.com\/de\/wp-json\/wp\/v2\/product\/118352","targetHints":{"allow":["GET"]}}],"collection":[{"href":"https:\/\/www.sylvie-monthule.com\/de\/wp-json\/wp\/v2\/product"}],"about":[{"href":"https:\/\/www.sylvie-monthule.com\/de\/wp-json\/wp\/v2\/types\/product"}],"wp:featuredmedia":[{"embeddable":true,"href":"https:\/\/www.sylvie-monthule.com\/de\/wp-json\/wp\/v2\/media\/117687"}],"wp:attachment":[{"href":"https:\/\/www.sylvie-monthule.com\/de\/wp-json\/wp\/v2\/media?parent=118352"}],"wp:term":[{"taxonomy":"product_brand","embeddable":true,"href":"https:\/\/www.sylvie-monthule.com\/de\/wp-json\/wp\/v2\/product_brand?post=118352"},{"taxonomy":"product_cat","embeddable":true,"href":"https:\/\/www.sylvie-monthule.com\/de\/wp-json\/wp\/v2\/product_cat?post=118352"},{"taxonomy":"product_tag","embeddable":true,"href":"https:\/\/www.sylvie-monthule.com\/de\/wp-json\/wp\/v2\/product_tag?post=118352"}],"curies":[{"name":"wp","href":"https:\/\/api.w.org\/{rel}","templated":true}]}}