{"id":118344,"date":"2021-11-09T11:02:42","date_gmt":"2021-11-08T11:02:42","guid":{"rendered":"https:\/\/www.sylvie-monthule.com\/?post_type=product&#038;p=118344\/"},"modified":"2025-02-17T08:47:16","modified_gmt":"2025-02-17T07:47:16","slug":"brustkette-penisskulptur-silber","status":"publish","type":"product","link":"https:\/\/www.sylvie-monthule.com\/de\/juwel\/brustkette-penisskulptur-silber\/","title":{"rendered":"Brustkette \u201ePenisskulptur&#8220; Silber"},"content":{"rendered":"<p>Schieben Sie dieses Penis-Schmuckst\u00fcck zwischen Ihre Br\u00fcste. Erfasse seinen Bogen, sein Verlangen und lass es auf den Busen zu steigen. Dieser skulpturale Silberpenis ist eine erhabene Provokation in jedem Detail: Die Hand, die sie umarmt, die Perle als Symbol der Freude, die ihr entweicht. Ergeben Sie sich der sinnlichen Liebkosung der Goldketten, die Ihre Br\u00fcste umwerben, dem Kitzeln Ihrer zart eingeklemmten Brustwarzen, den kleinen rebellischen Tropfen, die glitzern&#8230;<\/p>\n","protected":false},"excerpt":{"rendered":"<p>Dank der verstellbaren Halskette k\u00f6nnen<br \/>\nSie Ihr Brustcollier wunschgem\u00e4\u00df justieren.<br \/>\n\u201eBrustbefestigungen\u201c ohne Piercing, gleitend,<br \/>\nf\u00fcr alle Brustwarzengr\u00f6\u00dfen geeignet.<\/p>\n<p>Silber 10 Mikron auf Metall.<br \/>\nHypoallergen.<\/p>\n","protected":false},"featured_media":117835,"template":"","meta":{"_acf_changed":false},"product_brand":[],"product_cat":[1683,1692],"product_tag":[],"class_list":{"0":"post-118344","1":"product","2":"type-product","3":"status-publish","4":"has-post-thumbnail","6":"product_cat-schmuck-fur-sie","7":"product_cat-brustschmuck-ohne-piercing","8":"collection-leidenschaftlich-nackt","10":"first","11":"instock","12":"taxable","13":"shipping-taxable","14":"purchasable","15":"product-type-simple"},"acf":[],"_links":{"self":[{"href":"https:\/\/www.sylvie-monthule.com\/de\/wp-json\/wp\/v2\/product\/118344","targetHints":{"allow":["GET"]}}],"collection":[{"href":"https:\/\/www.sylvie-monthule.com\/de\/wp-json\/wp\/v2\/product"}],"about":[{"href":"https:\/\/www.sylvie-monthule.com\/de\/wp-json\/wp\/v2\/types\/product"}],"wp:featuredmedia":[{"embeddable":true,"href":"https:\/\/www.sylvie-monthule.com\/de\/wp-json\/wp\/v2\/media\/117835"}],"wp:attachment":[{"href":"https:\/\/www.sylvie-monthule.com\/de\/wp-json\/wp\/v2\/media?parent=118344"}],"wp:term":[{"taxonomy":"product_brand","embeddable":true,"href":"https:\/\/www.sylvie-monthule.com\/de\/wp-json\/wp\/v2\/product_brand?post=118344"},{"taxonomy":"product_cat","embeddable":true,"href":"https:\/\/www.sylvie-monthule.com\/de\/wp-json\/wp\/v2\/product_cat?post=118344"},{"taxonomy":"product_tag","embeddable":true,"href":"https:\/\/www.sylvie-monthule.com\/de\/wp-json\/wp\/v2\/product_tag?post=118344"}],"curies":[{"name":"wp","href":"https:\/\/api.w.org\/{rel}","templated":true}]}}