{"id":118337,"date":"2021-11-09T11:02:45","date_gmt":"2021-11-08T11:02:45","guid":{"rendered":"https:\/\/www.sylvie-monthule.com\/?post_type=product&#038;p=118337\/"},"modified":"2025-02-17T08:47:15","modified_gmt":"2025-02-17T07:47:15","slug":"brustschmuck-die-leidenschaft-der-liebenden-silber","status":"publish","type":"product","link":"https:\/\/www.sylvie-monthule.com\/de\/juwel\/brustschmuck-die-leidenschaft-der-liebenden-silber\/","title":{"rendered":"Brustschmuck \u201eDie Leidenschaft der Liebenden&#8220; Silber"},"content":{"rendered":"<p>Eine sehr erotische Brust-Halskette! Dieser &#8222;Liebespaar&#8220;-Anh\u00e4nger schm\u00fcckt Ihr Dekollet\u00e9. Strahlen und Begehren f\u00fcr diese zwei silbernen Liebenden, mit vollen und weichen Kurven, die sich leidenschaftlich auf deiner Haut umarmen. Bewundern Sie die sinnlichen Details ihrer K\u00f6rper in der Fusion&#8230; Geben Sie sich der Z\u00e4rtlichkeit der Ketten hin, die wie Wellen der Lust auf Ihren Br\u00fcsten schwingen, und dem Wahnsinn eines intimen Juwels, der Ihre Brustwarzen umarmt.<\/p>\n","protected":false},"excerpt":{"rendered":"<p>Dank der verstellbaren Halskette k\u00f6nnen<br \/>\nSie Ihr Brustcollier wunschgem\u00e4\u00df justieren.<br \/>\n\u201eBrustbefestigungen\u201c ohne Piercing, gleitend,<br \/>\nf\u00fcr alle Brustwarzengr\u00f6\u00dfen geeignet.<\/p>\n<p>Silber 10 Mikron auf Metall.<br \/>\nHypoallergen.<\/p>\n","protected":false},"featured_media":117883,"template":"","meta":{"_acf_changed":false},"product_brand":[],"product_cat":[1683,1692],"product_tag":[],"class_list":{"0":"post-118337","1":"product","2":"type-product","3":"status-publish","4":"has-post-thumbnail","6":"product_cat-schmuck-fur-sie","7":"product_cat-brustschmuck-ohne-piercing","8":"collection-leidenschaftlich-nackt","10":"first","11":"instock","12":"taxable","13":"shipping-taxable","14":"purchasable","15":"product-type-simple"},"acf":[],"_links":{"self":[{"href":"https:\/\/www.sylvie-monthule.com\/de\/wp-json\/wp\/v2\/product\/118337","targetHints":{"allow":["GET"]}}],"collection":[{"href":"https:\/\/www.sylvie-monthule.com\/de\/wp-json\/wp\/v2\/product"}],"about":[{"href":"https:\/\/www.sylvie-monthule.com\/de\/wp-json\/wp\/v2\/types\/product"}],"wp:featuredmedia":[{"embeddable":true,"href":"https:\/\/www.sylvie-monthule.com\/de\/wp-json\/wp\/v2\/media\/117883"}],"wp:attachment":[{"href":"https:\/\/www.sylvie-monthule.com\/de\/wp-json\/wp\/v2\/media?parent=118337"}],"wp:term":[{"taxonomy":"product_brand","embeddable":true,"href":"https:\/\/www.sylvie-monthule.com\/de\/wp-json\/wp\/v2\/product_brand?post=118337"},{"taxonomy":"product_cat","embeddable":true,"href":"https:\/\/www.sylvie-monthule.com\/de\/wp-json\/wp\/v2\/product_cat?post=118337"},{"taxonomy":"product_tag","embeddable":true,"href":"https:\/\/www.sylvie-monthule.com\/de\/wp-json\/wp\/v2\/product_tag?post=118337"}],"curies":[{"name":"wp","href":"https:\/\/api.w.org\/{rel}","templated":true}]}}