{"id":118310,"date":"2021-11-09T11:02:54","date_gmt":"2021-11-08T11:02:54","guid":{"rendered":"https:\/\/www.sylvie-monthule.com\/?post_type=product&#038;p=118310\/"},"modified":"2025-12-18T18:54:44","modified_gmt":"2025-12-18T17:54:44","slug":"schmuck-string-sexperle-gold","status":"publish","type":"product","link":"https:\/\/www.sylvie-monthule.com\/de\/juwel\/schmuck-string-sexperle-gold\/","title":{"rendered":"Schmuck-String \u201eSexperle\u201c Gold"},"content":{"rendered":"<p>Eine erhabene Allegorie des Genusses&#8230; Ein langer, voller Goldtropfen, frei von allen Fesseln schl\u00e4gt den Rhythmus. Jeder Schlag des Tropfens verbreitet G\u00e4nsehaut \u00fcber dein Geschlecht. Sie k\u00f6nnen dem Vergn\u00fcgen nicht widerstehen, die Perle zwischen deinen Lippen, um seine lange, glatte Form zu sp\u00fcren, die dich umschmeichelt&#8230; Und du wirst mit ihr spielen, wenn du sitzt, wirst du sie heimlich in deine Geheimnisse eintauchen!<\/p>\n","protected":false},"excerpt":{"rendered":"<p>Dank der elastischen Halterungen<br \/>\naus weicher Baumwolle<br \/>\nkann der Schmuck-String perfekt<br \/>\nplatziert werden.<\/p>\n<p>Hohe Vergoldung 1 Mikron<br \/>\n16 Karat und Finish 24 Karat auf Metall.<br \/>\nTropfenl\u00e4nge: 4,5 cm. Gewicht : 28 Grs<br \/>\nHypoallergen.<\/p>\n","protected":false},"featured_media":118067,"template":"","meta":{"_acf_changed":false},"product_brand":[],"product_cat":[1683,1698,1695],"product_tag":[],"class_list":{"0":"post-118310","1":"product","2":"type-product","3":"status-publish","4":"has-post-thumbnail","6":"product_cat-schmuck-fur-sie","7":"product_cat-schmuckstrings","8":"product_cat-stimulierender-und-penetrierender-schmuck","9":"collection-30-jahre-erotik","10":"collection-leidenschaftlich-nackt","11":"product_option-size-information-de","13":"first","14":"instock","15":"taxable","16":"shipping-taxable","17":"purchasable","18":"product-type-simple"},"acf":[],"_links":{"self":[{"href":"https:\/\/www.sylvie-monthule.com\/de\/wp-json\/wp\/v2\/product\/118310","targetHints":{"allow":["GET"]}}],"collection":[{"href":"https:\/\/www.sylvie-monthule.com\/de\/wp-json\/wp\/v2\/product"}],"about":[{"href":"https:\/\/www.sylvie-monthule.com\/de\/wp-json\/wp\/v2\/types\/product"}],"wp:featuredmedia":[{"embeddable":true,"href":"https:\/\/www.sylvie-monthule.com\/de\/wp-json\/wp\/v2\/media\/118067"}],"wp:attachment":[{"href":"https:\/\/www.sylvie-monthule.com\/de\/wp-json\/wp\/v2\/media?parent=118310"}],"wp:term":[{"taxonomy":"product_brand","embeddable":true,"href":"https:\/\/www.sylvie-monthule.com\/de\/wp-json\/wp\/v2\/product_brand?post=118310"},{"taxonomy":"product_cat","embeddable":true,"href":"https:\/\/www.sylvie-monthule.com\/de\/wp-json\/wp\/v2\/product_cat?post=118310"},{"taxonomy":"product_tag","embeddable":true,"href":"https:\/\/www.sylvie-monthule.com\/de\/wp-json\/wp\/v2\/product_tag?post=118310"}],"curies":[{"name":"wp","href":"https:\/\/api.w.org\/{rel}","templated":true}]}}