{"id":118302,"date":"2021-11-09T11:02:58","date_gmt":"2021-11-08T11:02:58","guid":{"rendered":"https:\/\/www.sylvie-monthule.com\/?post_type=product&#038;p=118302\/"},"modified":"2025-02-27T14:26:44","modified_gmt":"2025-02-27T13:26:44","slug":"anhanger-penisskulptur-silber","status":"publish","type":"product","link":"https:\/\/www.sylvie-monthule.com\/de\/juwel\/anhanger-penisskulptur-silber\/","title":{"rendered":"Anh\u00e4nger \u201ePenisskulptur&#8220; Silber"},"content":{"rendered":"<p>Ein sehr frecher Anh\u00e4nger schm\u00fcckt deinen Hals. Dieser mit Silber \u00fcberzogene Penis, umarmt von einer Hand ist so gewagt und so fein gemacht&#8230; Wage es, deine W\u00fcnsche zu zeigen, deine Sehns\u00fcchte!<\/p>\n","protected":false},"excerpt":{"rendered":"<p>Anh\u00e4nger mit Kette<br \/>\nvon 50 cm L\u00e4nge (ca.)<\/p>\n<p>Silber 10 Mikron auf Metall.<br \/>\nHypoallergen.<\/p>\n","protected":false},"featured_media":117975,"template":"","meta":{"_acf_changed":false},"product_brand":[],"product_cat":[1683,1696],"product_tag":[],"class_list":{"0":"post-118302","1":"product","2":"type-product","3":"status-publish","4":"has-post-thumbnail","6":"product_cat-schmuck-fur-sie","7":"product_cat-halsketten-und-ohrringe","8":"collection-leidenschaftlich-nackt","10":"first","11":"instock","12":"taxable","13":"shipping-taxable","14":"purchasable","15":"product-type-simple"},"acf":[],"_links":{"self":[{"href":"https:\/\/www.sylvie-monthule.com\/de\/wp-json\/wp\/v2\/product\/118302","targetHints":{"allow":["GET"]}}],"collection":[{"href":"https:\/\/www.sylvie-monthule.com\/de\/wp-json\/wp\/v2\/product"}],"about":[{"href":"https:\/\/www.sylvie-monthule.com\/de\/wp-json\/wp\/v2\/types\/product"}],"wp:featuredmedia":[{"embeddable":true,"href":"https:\/\/www.sylvie-monthule.com\/de\/wp-json\/wp\/v2\/media\/117975"}],"wp:attachment":[{"href":"https:\/\/www.sylvie-monthule.com\/de\/wp-json\/wp\/v2\/media?parent=118302"}],"wp:term":[{"taxonomy":"product_brand","embeddable":true,"href":"https:\/\/www.sylvie-monthule.com\/de\/wp-json\/wp\/v2\/product_brand?post=118302"},{"taxonomy":"product_cat","embeddable":true,"href":"https:\/\/www.sylvie-monthule.com\/de\/wp-json\/wp\/v2\/product_cat?post=118302"},{"taxonomy":"product_tag","embeddable":true,"href":"https:\/\/www.sylvie-monthule.com\/de\/wp-json\/wp\/v2\/product_tag?post=118302"}],"curies":[{"name":"wp","href":"https:\/\/api.w.org\/{rel}","templated":true}]}}