{"id":118292,"date":"2021-11-09T11:03:01","date_gmt":"2021-11-08T11:03:01","guid":{"rendered":"https:\/\/www.sylvie-monthule.com\/?post_type=product&#038;p=118292\/"},"modified":"2025-02-17T08:46:59","modified_gmt":"2025-02-17T07:46:59","slug":"schmuck-string-penisskulptur-gold","status":"publish","type":"product","link":"https:\/\/www.sylvie-monthule.com\/de\/juwel\/schmuck-string-penisskulptur-gold\/","title":{"rendered":"Schmuck-string \u201ePenisskulptur&#8220; Gold"},"content":{"rendered":"<p>Ein Penis, ein gemei\u00dfeltes Juwel, steht auf der D\u00fcne deines Geschlechts. Der goldene Penis, umgeben von Ketten, ist so realistisch, so verst\u00f6rend&#8230; Ein provokativer Tanga, der entflammt den Blick und erregt die Leidenschaften. Dein nacktes Geschlecht bietet sich an zu den Liebkosungen der Tropfen, die vom Penis gleiten&#8230;<\/p>\n","protected":false},"excerpt":{"rendered":"<p>Dank der elastischen Halterungen<br \/>\naus weicher Baumwolle<br \/>\nkann der Schmuck-String perfekt<br \/>\nplatziert werden.<\/p>\n<p>Hohe Vergoldung 1 Mikron<br \/>\n16 Karat und Finish 24 Karat auf Metall.<br \/>\nHypoallergen.<\/p>\n","protected":false},"featured_media":118147,"template":"","meta":{"_acf_changed":false},"product_brand":[],"product_cat":[1683,1698],"product_tag":[],"class_list":{"0":"post-118292","1":"product","2":"type-product","3":"status-publish","4":"has-post-thumbnail","6":"product_cat-schmuck-fur-sie","7":"product_cat-schmuckstrings","8":"collection-leidenschaftlich-nackt","9":"product_option-size-information-de","11":"first","12":"instock","13":"taxable","14":"shipping-taxable","15":"purchasable","16":"product-type-simple"},"acf":[],"_links":{"self":[{"href":"https:\/\/www.sylvie-monthule.com\/de\/wp-json\/wp\/v2\/product\/118292","targetHints":{"allow":["GET"]}}],"collection":[{"href":"https:\/\/www.sylvie-monthule.com\/de\/wp-json\/wp\/v2\/product"}],"about":[{"href":"https:\/\/www.sylvie-monthule.com\/de\/wp-json\/wp\/v2\/types\/product"}],"wp:featuredmedia":[{"embeddable":true,"href":"https:\/\/www.sylvie-monthule.com\/de\/wp-json\/wp\/v2\/media\/118147"}],"wp:attachment":[{"href":"https:\/\/www.sylvie-monthule.com\/de\/wp-json\/wp\/v2\/media?parent=118292"}],"wp:term":[{"taxonomy":"product_brand","embeddable":true,"href":"https:\/\/www.sylvie-monthule.com\/de\/wp-json\/wp\/v2\/product_brand?post=118292"},{"taxonomy":"product_cat","embeddable":true,"href":"https:\/\/www.sylvie-monthule.com\/de\/wp-json\/wp\/v2\/product_cat?post=118292"},{"taxonomy":"product_tag","embeddable":true,"href":"https:\/\/www.sylvie-monthule.com\/de\/wp-json\/wp\/v2\/product_tag?post=118292"}],"curies":[{"name":"wp","href":"https:\/\/api.w.org\/{rel}","templated":true}]}}