{"id":118287,"date":"2021-11-09T11:03:03","date_gmt":"2021-11-08T11:03:03","guid":{"rendered":"https:\/\/www.sylvie-monthule.com\/?post_type=product&#038;p=118287\/"},"modified":"2025-02-17T08:46:46","modified_gmt":"2025-02-17T07:46:46","slug":"sexspielzeug-tropfen-gold","status":"publish","type":"product","link":"https:\/\/www.sylvie-monthule.com\/de\/juwel\/sexspielzeug-tropfen-gold\/","title":{"rendered":"Sexspielzeug Tropfen Gold"},"content":{"rendered":"<p>Ein langer, reiner, voller und weicher Tropfen, f\u00fcr sexuelle Spiele. Schieben Sie Ihre Hand in den Griff der Kette. Hinlegen und die weiche, schwere goldene Perle \u00fcber deinen Bauch und dann \u00fcber die D\u00fcne deines Geschlechts laufen. Spiele mit dem Juwel zwischen deinen Lippen&#8230;<\/p>\n","protected":false},"excerpt":{"rendered":"<p>Sexspielzeug<br \/>\nHohe Vergoldung 1 Mikron<br \/>\n16 Karat und Finish 24 Karat auf Metall.<br \/>\nHypoallergen.<\/p>\n<p>Kettenl\u00e4nge ; 26 cm.<br \/>\nTropfenl\u00e4nge: 4,5 cm. Gewicht : 28 Grs<\/p>\n","protected":false},"featured_media":117907,"template":"","meta":{"_acf_changed":false},"product_brand":[],"product_cat":[1683,1695],"product_tag":[],"class_list":{"0":"post-118287","1":"product","2":"type-product","3":"status-publish","4":"has-post-thumbnail","6":"product_cat-schmuck-fur-sie","7":"product_cat-stimulierender-und-penetrierender-schmuck","8":"collection-leidenschaftlich-nackt","10":"first","11":"instock","12":"taxable","13":"shipping-taxable","14":"purchasable","15":"product-type-simple"},"acf":[],"_links":{"self":[{"href":"https:\/\/www.sylvie-monthule.com\/de\/wp-json\/wp\/v2\/product\/118287","targetHints":{"allow":["GET"]}}],"collection":[{"href":"https:\/\/www.sylvie-monthule.com\/de\/wp-json\/wp\/v2\/product"}],"about":[{"href":"https:\/\/www.sylvie-monthule.com\/de\/wp-json\/wp\/v2\/types\/product"}],"wp:featuredmedia":[{"embeddable":true,"href":"https:\/\/www.sylvie-monthule.com\/de\/wp-json\/wp\/v2\/media\/117907"}],"wp:attachment":[{"href":"https:\/\/www.sylvie-monthule.com\/de\/wp-json\/wp\/v2\/media?parent=118287"}],"wp:term":[{"taxonomy":"product_brand","embeddable":true,"href":"https:\/\/www.sylvie-monthule.com\/de\/wp-json\/wp\/v2\/product_brand?post=118287"},{"taxonomy":"product_cat","embeddable":true,"href":"https:\/\/www.sylvie-monthule.com\/de\/wp-json\/wp\/v2\/product_cat?post=118287"},{"taxonomy":"product_tag","embeddable":true,"href":"https:\/\/www.sylvie-monthule.com\/de\/wp-json\/wp\/v2\/product_tag?post=118287"}],"curies":[{"name":"wp","href":"https:\/\/api.w.org\/{rel}","templated":true}]}}