{"id":118277,"date":"2021-11-09T11:03:06","date_gmt":"2021-11-08T11:03:06","guid":{"rendered":"https:\/\/www.sylvie-monthule.com\/?post_type=product&#038;p=118277\/"},"modified":"2025-02-17T08:48:21","modified_gmt":"2025-02-17T07:48:21","slug":"sexschmuck-klopfer-silber","status":"publish","type":"product","link":"https:\/\/www.sylvie-monthule.com\/de\/juwel\/sexschmuck-klopfer-silber\/","title":{"rendered":"Sexschmuck Klopfer Silber"},"content":{"rendered":"<p>Der silberne Tropfen, voll und lang, trifft Ihre Hoden. Ein Klopfer-Juwel um Empfindungen zu entdecken. Und Ihr Partner wird das rebellische Schlagen des Anh\u00e4ngers w\u00e4hrend des Liebesakts sp\u00fcren&#8230; Ein erotisches Schmuckst\u00fcck f\u00fcr Verliebte!<\/p>\n","protected":false},"excerpt":{"rendered":"<p>Penisband mit elastischer Basis<br \/>\naus Baumwolle f\u00fcr einen<br \/>\nperfekten Sitz.<\/p>\n<p>Silber 10 Mikron auf Metall.<br \/>\nTropfenl\u00e4nge: 4,5 cm. Gewicht : 28 Grs<br \/>\nHypoallergen.<\/p>\n","protected":false},"featured_media":117587,"template":"","meta":{"_acf_changed":false},"product_brand":[],"product_cat":[1687,1699],"product_tag":[],"class_list":{"0":"post-118277","1":"product","2":"type-product","3":"status-publish","4":"has-post-thumbnail","6":"product_cat-schmuck-fur-ihn","7":"product_cat-penis-schmuck","8":"collection-leidenschaftlich-nackt","10":"first","11":"instock","12":"taxable","13":"shipping-taxable","14":"purchasable","15":"product-type-simple"},"acf":[],"_links":{"self":[{"href":"https:\/\/www.sylvie-monthule.com\/de\/wp-json\/wp\/v2\/product\/118277","targetHints":{"allow":["GET"]}}],"collection":[{"href":"https:\/\/www.sylvie-monthule.com\/de\/wp-json\/wp\/v2\/product"}],"about":[{"href":"https:\/\/www.sylvie-monthule.com\/de\/wp-json\/wp\/v2\/types\/product"}],"wp:featuredmedia":[{"embeddable":true,"href":"https:\/\/www.sylvie-monthule.com\/de\/wp-json\/wp\/v2\/media\/117587"}],"wp:attachment":[{"href":"https:\/\/www.sylvie-monthule.com\/de\/wp-json\/wp\/v2\/media?parent=118277"}],"wp:term":[{"taxonomy":"product_brand","embeddable":true,"href":"https:\/\/www.sylvie-monthule.com\/de\/wp-json\/wp\/v2\/product_brand?post=118277"},{"taxonomy":"product_cat","embeddable":true,"href":"https:\/\/www.sylvie-monthule.com\/de\/wp-json\/wp\/v2\/product_cat?post=118277"},{"taxonomy":"product_tag","embeddable":true,"href":"https:\/\/www.sylvie-monthule.com\/de\/wp-json\/wp\/v2\/product_tag?post=118277"}],"curies":[{"name":"wp","href":"https:\/\/api.w.org\/{rel}","templated":true}]}}