{"id":100058,"date":"2020-11-08T10:28:09","date_gmt":"2020-11-07T10:28:09","guid":{"rendered":"https:\/\/www.sylvie-monthule.com\/?post_type=product&#038;p=100058\/"},"modified":"2025-02-17T08:47:01","modified_gmt":"2025-02-17T07:47:01","slug":"string-der-kuss-der-isis-silber","status":"publish","type":"product","link":"https:\/\/www.sylvie-monthule.com\/de\/juwel\/string-der-kuss-der-isis-silber\/","title":{"rendered":"String \u201eDer Kuss der Isis\u201c Silber"},"content":{"rendered":"<p style=\"text-align: justify;\">Auf der seidig schimmernden D\u00fcne Ihres Schambereichs erscheint eine silberne G\u00f6ttin, sinnlich, nackt. Ihr woll\u00fcstiger K\u00f6rper breitet seine schwarzen Fl\u00fcgel aus und ist eine erotische Pracht. Auf einem blauen Stein sitzend, gew\u00f6lbt und sanft, so aufreizend zu ber\u00fchren \u2026 entflammt Isis Ihr Geschlecht mit Fl\u00fcssen aus Silber und der Perle, aufreizender Tropfen des Vergn\u00fcgens, der seinen hypnotischen Tanz beginnt, Ihr Geschlecht streift, Ihre Klitoris liebkost und zwischen Ihre Schamlippen dringt \u2026 Der Tropfen gibt sich Ihren aufregendsten W\u00fcnschen hin! Wie ein Fingerzeig auf Ihre Sch\u00f6nheit schimmert ein Skarab\u00e4us in Silber und Schwarz in der Mulde Ihrer Nieren.<\/p>\n","protected":false},"excerpt":{"rendered":"<p>Dank der elastischen Halterungen<br \/>\naus weicher Baumwolle<br \/>\nkann der Schmuck-String perfekt<br \/>\nplatziert werden.<\/p>\n<p>Silber 10 Mikron auf Metall.<br \/>\nSchwarze Emaille. Stein der Farbe blau.<br \/>\nSkarab\u00e4us Silber und<br \/>\nSchwarz auf dem R\u00fccken.<br \/>\nHypoallergen.<\/p>\n","protected":false},"featured_media":99748,"template":"","meta":{"_acf_changed":false},"product_brand":[],"product_cat":[1683,1698],"product_tag":[],"class_list":{"0":"post-100058","1":"product","2":"type-product","3":"status-publish","4":"has-post-thumbnail","6":"product_cat-schmuck-fur-sie","7":"product_cat-schmuckstrings","8":"collection-der-atem-der-sinnlichkeit","9":"product_option-size-information-de","11":"first","12":"instock","13":"taxable","14":"shipping-taxable","15":"purchasable","16":"product-type-simple"},"acf":[],"_links":{"self":[{"href":"https:\/\/www.sylvie-monthule.com\/de\/wp-json\/wp\/v2\/product\/100058","targetHints":{"allow":["GET"]}}],"collection":[{"href":"https:\/\/www.sylvie-monthule.com\/de\/wp-json\/wp\/v2\/product"}],"about":[{"href":"https:\/\/www.sylvie-monthule.com\/de\/wp-json\/wp\/v2\/types\/product"}],"wp:featuredmedia":[{"embeddable":true,"href":"https:\/\/www.sylvie-monthule.com\/de\/wp-json\/wp\/v2\/media\/99748"}],"wp:attachment":[{"href":"https:\/\/www.sylvie-monthule.com\/de\/wp-json\/wp\/v2\/media?parent=100058"}],"wp:term":[{"taxonomy":"product_brand","embeddable":true,"href":"https:\/\/www.sylvie-monthule.com\/de\/wp-json\/wp\/v2\/product_brand?post=100058"},{"taxonomy":"product_cat","embeddable":true,"href":"https:\/\/www.sylvie-monthule.com\/de\/wp-json\/wp\/v2\/product_cat?post=100058"},{"taxonomy":"product_tag","embeddable":true,"href":"https:\/\/www.sylvie-monthule.com\/de\/wp-json\/wp\/v2\/product_tag?post=100058"}],"curies":[{"name":"wp","href":"https:\/\/api.w.org\/{rel}","templated":true}]}}