{"id":100054,"date":"2020-11-08T10:28:12","date_gmt":"2020-11-07T10:28:12","guid":{"rendered":"https:\/\/www.sylvie-monthule.com\/?post_type=product&#038;p=100054\/"},"modified":"2025-02-17T08:47:23","modified_gmt":"2025-02-17T07:47:23","slug":"brustschmuck-horusauge-silber","status":"publish","type":"product","link":"https:\/\/www.sylvie-monthule.com\/de\/juwel\/brustschmuck-horusauge-silber\/","title":{"rendered":"Brustschmuck \u201eHorusauge\u201c Silber"},"content":{"rendered":"<p style=\"text-align: justify;\">Zwei feine \u00e4gyptische Schmuckst\u00fccke zieren Ihre Brustwarzen! Magische silberne Augen, die Ihre Br\u00fcste in Licht kleiden, eine fast unwirkliche Sch\u00f6nheit dieser Blicke, deren winzige Perlen wie zwei heilige Tr\u00e4nen \u00fcber die Haut gleiten.<\/p>\n","protected":false},"excerpt":{"rendered":"<p>Schmuck mit \u201eBrustbefestigung\u201c,<br \/>\ngleitend und ohne Piercing,<br \/>\ndie an alle Brustwarzengr\u00f6\u00dfen<br \/>\nangepasst werden kann.<\/p>\n<p>Brustschmuck Silber 10 Mikron<br \/>\nauf Metall. H\u00e4matitperlen.<br \/>\nHypoallergen.<\/p>\n","protected":false},"featured_media":99168,"template":"","meta":{"_acf_changed":false},"product_brand":[],"product_cat":[1683,1692],"product_tag":[],"class_list":{"0":"post-100054","1":"product","2":"type-product","3":"status-publish","4":"has-post-thumbnail","6":"product_cat-schmuck-fur-sie","7":"product_cat-brustschmuck-ohne-piercing","8":"collection-der-atem-der-sinnlichkeit","9":"product_option-sold-in-pairs-de","11":"first","12":"instock","13":"taxable","14":"shipping-taxable","15":"purchasable","16":"product-type-simple"},"acf":[],"_links":{"self":[{"href":"https:\/\/www.sylvie-monthule.com\/de\/wp-json\/wp\/v2\/product\/100054","targetHints":{"allow":["GET"]}}],"collection":[{"href":"https:\/\/www.sylvie-monthule.com\/de\/wp-json\/wp\/v2\/product"}],"about":[{"href":"https:\/\/www.sylvie-monthule.com\/de\/wp-json\/wp\/v2\/types\/product"}],"wp:featuredmedia":[{"embeddable":true,"href":"https:\/\/www.sylvie-monthule.com\/de\/wp-json\/wp\/v2\/media\/99168"}],"wp:attachment":[{"href":"https:\/\/www.sylvie-monthule.com\/de\/wp-json\/wp\/v2\/media?parent=100054"}],"wp:term":[{"taxonomy":"product_brand","embeddable":true,"href":"https:\/\/www.sylvie-monthule.com\/de\/wp-json\/wp\/v2\/product_brand?post=100054"},{"taxonomy":"product_cat","embeddable":true,"href":"https:\/\/www.sylvie-monthule.com\/de\/wp-json\/wp\/v2\/product_cat?post=100054"},{"taxonomy":"product_tag","embeddable":true,"href":"https:\/\/www.sylvie-monthule.com\/de\/wp-json\/wp\/v2\/product_tag?post=100054"}],"curies":[{"name":"wp","href":"https:\/\/api.w.org\/{rel}","templated":true}]}}