{"id":100042,"date":"2020-11-08T10:28:16","date_gmt":"2020-11-07T10:28:16","guid":{"rendered":"https:\/\/www.sylvie-monthule.com\/?post_type=product&#038;p=100042\/"},"modified":"2025-02-17T08:48:25","modified_gmt":"2025-02-17T07:48:25","slug":"hodenschmuck-heilige-kobra-silber","status":"publish","type":"product","link":"https:\/\/www.sylvie-monthule.com\/de\/juwel\/hodenschmuck-heilige-kobra-silber\/","title":{"rendered":"Hodenschmuck heilige Kobra Silber"},"content":{"rendered":"<p style=\"text-align: justify;\">Eine herrliche Schlange, an Ihre Hoden geschmiegt, richtet sich auf \u2026 Eine Kobra in Schwarz und Silber, glatt und gew\u00f6lbt, vereint sich mit Ihrem Geschlecht, mit Ihrem Begehren. Der Anh\u00e4nger aus H\u00e4matitkugeln schl\u00e4gt bei jeder Bewegung gegen Ihre Hoden &#8230; Ihre Partnerin wird Ihren Penis in einem Kettenspiel entdecken und sich von der St\u00e4rke dieser Kobra \u00fcberw\u00e4ltigen lassen.<\/p>\n","protected":false},"excerpt":{"rendered":"<p>Hodenschmuck mit elastischer Basis<br \/>\naus Baumwolle und Ketten<br \/>\nf\u00fcr einen perfekten Sitz.<\/p>\n<p>Silber 10 Mikron auf Metall.<br \/>\nSchwarze Emaille und<br \/>\nH\u00e4matitkugeln. Hypoallergen.<\/p>\n","protected":false},"featured_media":99244,"template":"","meta":{"_acf_changed":false},"product_brand":[],"product_cat":[1687,1699],"product_tag":[],"class_list":{"0":"post-100042","1":"product","2":"type-product","3":"status-publish","4":"has-post-thumbnail","6":"product_cat-schmuck-fur-ihn","7":"product_cat-penis-schmuck","8":"collection-30-jahre-erotik","9":"collection-der-atem-der-sinnlichkeit","11":"first","12":"instock","13":"taxable","14":"shipping-taxable","15":"purchasable","16":"product-type-simple"},"acf":[],"_links":{"self":[{"href":"https:\/\/www.sylvie-monthule.com\/de\/wp-json\/wp\/v2\/product\/100042","targetHints":{"allow":["GET"]}}],"collection":[{"href":"https:\/\/www.sylvie-monthule.com\/de\/wp-json\/wp\/v2\/product"}],"about":[{"href":"https:\/\/www.sylvie-monthule.com\/de\/wp-json\/wp\/v2\/types\/product"}],"wp:featuredmedia":[{"embeddable":true,"href":"https:\/\/www.sylvie-monthule.com\/de\/wp-json\/wp\/v2\/media\/99244"}],"wp:attachment":[{"href":"https:\/\/www.sylvie-monthule.com\/de\/wp-json\/wp\/v2\/media?parent=100042"}],"wp:term":[{"taxonomy":"product_brand","embeddable":true,"href":"https:\/\/www.sylvie-monthule.com\/de\/wp-json\/wp\/v2\/product_brand?post=100042"},{"taxonomy":"product_cat","embeddable":true,"href":"https:\/\/www.sylvie-monthule.com\/de\/wp-json\/wp\/v2\/product_cat?post=100042"},{"taxonomy":"product_tag","embeddable":true,"href":"https:\/\/www.sylvie-monthule.com\/de\/wp-json\/wp\/v2\/product_tag?post=100042"}],"curies":[{"name":"wp","href":"https:\/\/api.w.org\/{rel}","templated":true}]}}