{"id":100035,"date":"2020-11-08T10:28:17","date_gmt":"2020-11-07T10:28:17","guid":{"rendered":"https:\/\/www.sylvie-monthule.com\/?post_type=product&#038;p=100035\/"},"modified":"2025-02-17T08:48:25","modified_gmt":"2025-02-17T07:48:25","slug":"penisband-hieroglyphe-silber","status":"publish","type":"product","link":"https:\/\/www.sylvie-monthule.com\/de\/juwel\/penisband-hieroglyphe-silber\/","title":{"rendered":"Penisband Hieroglyphe Silber"},"content":{"rendered":"<p style=\"text-align: justify;\">Welche Reinheit dieses Hieroglyphenband verk\u00f6rpert, das Ihren Penis umfasst \u2026 Ein K\u00f6rperschmuck wie eine intime Botschaft, eine Geheimsprache! Dieser Sexschmuck aus Silber auf Metall, raffiniert und n\u00fcchtern zugleich, passt sich dank seiner elastischen Basis bei all Ihren W\u00fcnschen an Ihr Glied an.<\/p>\n","protected":false},"excerpt":{"rendered":"<p>Penisband mit elastischer Basis<br \/>\naus Baumwolle f\u00fcr einen<br \/>\nperfekten Sitz.<\/p>\n<p>Silber 10 Mikron auf Metall.<br \/>\nHypoallergen.<\/p>\n","protected":false},"featured_media":99280,"template":"","meta":{"_acf_changed":false},"product_brand":[],"product_cat":[1687,1699],"product_tag":[],"class_list":{"0":"post-100035","1":"product","2":"type-product","3":"status-publish","4":"has-post-thumbnail","6":"product_cat-schmuck-fur-ihn","7":"product_cat-penis-schmuck","8":"collection-der-atem-der-sinnlichkeit","10":"first","11":"instock","12":"taxable","13":"shipping-taxable","14":"purchasable","15":"product-type-simple"},"acf":[],"_links":{"self":[{"href":"https:\/\/www.sylvie-monthule.com\/de\/wp-json\/wp\/v2\/product\/100035","targetHints":{"allow":["GET"]}}],"collection":[{"href":"https:\/\/www.sylvie-monthule.com\/de\/wp-json\/wp\/v2\/product"}],"about":[{"href":"https:\/\/www.sylvie-monthule.com\/de\/wp-json\/wp\/v2\/types\/product"}],"wp:featuredmedia":[{"embeddable":true,"href":"https:\/\/www.sylvie-monthule.com\/de\/wp-json\/wp\/v2\/media\/99280"}],"wp:attachment":[{"href":"https:\/\/www.sylvie-monthule.com\/de\/wp-json\/wp\/v2\/media?parent=100035"}],"wp:term":[{"taxonomy":"product_brand","embeddable":true,"href":"https:\/\/www.sylvie-monthule.com\/de\/wp-json\/wp\/v2\/product_brand?post=100035"},{"taxonomy":"product_cat","embeddable":true,"href":"https:\/\/www.sylvie-monthule.com\/de\/wp-json\/wp\/v2\/product_cat?post=100035"},{"taxonomy":"product_tag","embeddable":true,"href":"https:\/\/www.sylvie-monthule.com\/de\/wp-json\/wp\/v2\/product_tag?post=100035"}],"curies":[{"name":"wp","href":"https:\/\/api.w.org\/{rel}","templated":true}]}}