{"id":100032,"date":"2020-11-08T10:28:18","date_gmt":"2020-11-07T10:28:18","guid":{"rendered":"https:\/\/www.sylvie-monthule.com\/?post_type=product&#038;p=100032\/"},"modified":"2025-02-17T08:47:21","modified_gmt":"2025-02-17T07:47:21","slug":"brustkette-der-atem-der-isis-gold","status":"publish","type":"product","link":"https:\/\/www.sylvie-monthule.com\/de\/juwel\/brustkette-der-atem-der-isis-gold\/","title":{"rendered":"Brustkette \u201eDer Atem der Isis\u201c Gold"},"content":{"rendered":"<p style=\"text-align: justify;\">Der Atem des Verlangens hebt die Seide an, die Ihre Brust verh\u00fcllt. Zwischen Ihren Br\u00fcsten atmet die G\u00f6ttin Isis. Ihre Arme mit Armb\u00e4ndern geschm\u00fcckt, breitet sie ihre schwarz-goldenen Fl\u00fcgel aus, um Ihre Sch\u00f6nheit zu heiligen und den Blicken darzubieten \u2026 Endlich enth\u00fcllt, flie\u00dfen die goldenen Ketten wie ein Fluss an die Ufer Ihrer straffen Br\u00fcste, murmeln unendlich zarte Liebkosungen, umschlingen Ihre aufgerichteten Brustwarzen &#8230; Ein Brustschmuck, der dem K\u00f6rper Magie verleiht!<\/p>\n","protected":false},"excerpt":{"rendered":"<p>Dank der verstellbaren Halskette k\u00f6nnen<br \/>\nSie Ihr Brustcollier wunschgem\u00e4\u00df justieren.<br \/>\n\u201eBrustbefestigungen\u201c ohne Piercing, gleitend,<br \/>\nf\u00fcr alle Brustwarzengr\u00f6\u00dfen geeignet.<\/p>\n<p>Hochwertige Vergoldung 1 Mikron<br \/>\n16 Karat und Finish 24 Karat.<br \/>\nSchwarze Emaille.<br \/>\nTopasfarbener Kristallstein.<br \/>\nHypoallergen.<\/p>\n<p>&nbsp;<\/p>\n","protected":false},"featured_media":99540,"template":"","meta":{"_acf_changed":false},"product_brand":[],"product_cat":[1683,1692],"product_tag":[],"class_list":{"0":"post-100032","1":"product","2":"type-product","3":"status-publish","4":"has-post-thumbnail","6":"product_cat-schmuck-fur-sie","7":"product_cat-brustschmuck-ohne-piercing","8":"collection-30-jahre-erotik","9":"collection-der-atem-der-sinnlichkeit","11":"first","12":"instock","13":"taxable","14":"shipping-taxable","15":"purchasable","16":"product-type-simple"},"acf":[],"_links":{"self":[{"href":"https:\/\/www.sylvie-monthule.com\/de\/wp-json\/wp\/v2\/product\/100032","targetHints":{"allow":["GET"]}}],"collection":[{"href":"https:\/\/www.sylvie-monthule.com\/de\/wp-json\/wp\/v2\/product"}],"about":[{"href":"https:\/\/www.sylvie-monthule.com\/de\/wp-json\/wp\/v2\/types\/product"}],"wp:featuredmedia":[{"embeddable":true,"href":"https:\/\/www.sylvie-monthule.com\/de\/wp-json\/wp\/v2\/media\/99540"}],"wp:attachment":[{"href":"https:\/\/www.sylvie-monthule.com\/de\/wp-json\/wp\/v2\/media?parent=100032"}],"wp:term":[{"taxonomy":"product_brand","embeddable":true,"href":"https:\/\/www.sylvie-monthule.com\/de\/wp-json\/wp\/v2\/product_brand?post=100032"},{"taxonomy":"product_cat","embeddable":true,"href":"https:\/\/www.sylvie-monthule.com\/de\/wp-json\/wp\/v2\/product_cat?post=100032"},{"taxonomy":"product_tag","embeddable":true,"href":"https:\/\/www.sylvie-monthule.com\/de\/wp-json\/wp\/v2\/product_tag?post=100032"}],"curies":[{"name":"wp","href":"https:\/\/api.w.org\/{rel}","templated":true}]}}