{"id":100028,"date":"2020-11-08T10:28:19","date_gmt":"2020-11-07T10:28:19","guid":{"rendered":"https:\/\/www.sylvie-monthule.com\/?post_type=product&#038;p=100028\/"},"modified":"2025-02-17T08:47:21","modified_gmt":"2025-02-17T07:47:21","slug":"brustkette-der-atem-der-isis-silber","status":"publish","type":"product","link":"https:\/\/www.sylvie-monthule.com\/de\/juwel\/brustkette-der-atem-der-isis-silber\/","title":{"rendered":"Brustkette \u201eDer Atem der Isis\u201c Silber"},"content":{"rendered":"<p style=\"text-align: justify;\">Der Atem des Verlangens hebt die Seide an, die Ihre Brust verh\u00fcllt. Zwischen Ihren Br\u00fcsten atmet die G\u00f6ttin Isis. Die Arme mit Armb\u00e4ndern geschm\u00fcckt, breitet sie ihre schwarzen und silbernen Fl\u00fcgel aus, um Ihre Sch\u00f6nheit zu heiligen und den Blicken darzubieten \u2026 Endlich enth\u00fcllt, flie\u00dfen die silbernen Ketten wie ein Fluss an die Ufer Ihrer straffen Br\u00fcste, murmeln unendlich zarte Liebkosungen, umfassen Ihre aufgerichteten Brustwarzen \u2026 Ein Brustschmuck, der dem K\u00f6rper Magie verleiht!<\/p>\n","protected":false},"excerpt":{"rendered":"<p>Mit der verstellbaren Kette am Hals<br \/>\njustieren Sie Ihr Brust-Collier nach Belieben.<br \/>\n\u201eBrustbefestigungen\u201c ohne Piercing, gleitend,<br \/>\nf\u00fcr alle Brustwarzengr\u00f6\u00dfen<br \/>\ngeeignet.<\/p>\n<p>Silber 10 Mikron auf Metall.<br \/>\nSchwarze Emaille.<br \/>\nBlauer Kristallstein.<br \/>\nHypoallergen.<\/p>\n<p>&nbsp;<\/p>\n","protected":false},"featured_media":99568,"template":"","meta":{"_acf_changed":false},"product_brand":[],"product_cat":[1683,1692],"product_tag":[],"class_list":{"0":"post-100028","1":"product","2":"type-product","3":"status-publish","4":"has-post-thumbnail","6":"product_cat-schmuck-fur-sie","7":"product_cat-brustschmuck-ohne-piercing","8":"collection-der-atem-der-sinnlichkeit","10":"first","11":"instock","12":"taxable","13":"shipping-taxable","14":"purchasable","15":"product-type-simple"},"acf":[],"_links":{"self":[{"href":"https:\/\/www.sylvie-monthule.com\/de\/wp-json\/wp\/v2\/product\/100028","targetHints":{"allow":["GET"]}}],"collection":[{"href":"https:\/\/www.sylvie-monthule.com\/de\/wp-json\/wp\/v2\/product"}],"about":[{"href":"https:\/\/www.sylvie-monthule.com\/de\/wp-json\/wp\/v2\/types\/product"}],"wp:featuredmedia":[{"embeddable":true,"href":"https:\/\/www.sylvie-monthule.com\/de\/wp-json\/wp\/v2\/media\/99568"}],"wp:attachment":[{"href":"https:\/\/www.sylvie-monthule.com\/de\/wp-json\/wp\/v2\/media?parent=100028"}],"wp:term":[{"taxonomy":"product_brand","embeddable":true,"href":"https:\/\/www.sylvie-monthule.com\/de\/wp-json\/wp\/v2\/product_brand?post=100028"},{"taxonomy":"product_cat","embeddable":true,"href":"https:\/\/www.sylvie-monthule.com\/de\/wp-json\/wp\/v2\/product_cat?post=100028"},{"taxonomy":"product_tag","embeddable":true,"href":"https:\/\/www.sylvie-monthule.com\/de\/wp-json\/wp\/v2\/product_tag?post=100028"}],"curies":[{"name":"wp","href":"https:\/\/api.w.org\/{rel}","templated":true}]}}