{"id":100024,"date":"2020-11-08T10:28:21","date_gmt":"2020-11-07T10:28:21","guid":{"rendered":"https:\/\/www.sylvie-monthule.com\/?post_type=product&#038;p=100024\/"},"modified":"2025-02-17T08:47:01","modified_gmt":"2025-02-17T07:47:01","slug":"string-geheimnisvoller-skarabaus-silber","status":"publish","type":"product","link":"https:\/\/www.sylvie-monthule.com\/de\/juwel\/string-geheimnisvoller-skarabaus-silber\/","title":{"rendered":"String Geheimnisvoller Skarab\u00e4us Silber"},"content":{"rendered":"<p style=\"text-align: justify;\">Ein geheimnisvoller String mit Skarab\u00e4us in Silber und Schwarz kleidet Ihren Schambereich. Eingefasst von zarten Ketten enth\u00fcllt der Skarab\u00e4us die Geheimnisse ihres Geschlechts! Wie zauberhaft dieser Amulettanh\u00e4nger, der H\u00e4matitsteine und Silberreflexe vereint \u2026 Sie rebellieren und streicheln Ihre Schamlippen unabl\u00e4ssig mit Wollust, um Sie zur Liebe einzuladen. Und wie aufregend, diese beiden silbernen Hieroglyphen von den Nieren abw\u00e4rts zu entdecken!<\/p>\n","protected":false},"excerpt":{"rendered":"<p>Dank der elastischen Halterungen<br \/>\naus weicher Baumwolle kann der<br \/>\nSchmuck-String perfekt platziert werden.<\/p>\n<p>Silber 10 Mikron auf Metall.<br \/>\nSchwarze Emaille. H\u00e4matitsteine.<br \/>\nR\u00fccken mit Hieroglyphen.<br \/>\nHypoallergen.<\/p>\n","protected":false},"featured_media":99792,"template":"","meta":{"_acf_changed":false},"product_brand":[],"product_cat":[1683,1698],"product_tag":[],"class_list":{"0":"post-100024","1":"product","2":"type-product","3":"status-publish","4":"has-post-thumbnail","6":"product_cat-schmuck-fur-sie","7":"product_cat-schmuckstrings","8":"collection-der-atem-der-sinnlichkeit","9":"product_option-size-information-de","11":"first","12":"instock","13":"taxable","14":"shipping-taxable","15":"purchasable","16":"product-type-simple"},"acf":[],"_links":{"self":[{"href":"https:\/\/www.sylvie-monthule.com\/de\/wp-json\/wp\/v2\/product\/100024","targetHints":{"allow":["GET"]}}],"collection":[{"href":"https:\/\/www.sylvie-monthule.com\/de\/wp-json\/wp\/v2\/product"}],"about":[{"href":"https:\/\/www.sylvie-monthule.com\/de\/wp-json\/wp\/v2\/types\/product"}],"wp:featuredmedia":[{"embeddable":true,"href":"https:\/\/www.sylvie-monthule.com\/de\/wp-json\/wp\/v2\/media\/99792"}],"wp:attachment":[{"href":"https:\/\/www.sylvie-monthule.com\/de\/wp-json\/wp\/v2\/media?parent=100024"}],"wp:term":[{"taxonomy":"product_brand","embeddable":true,"href":"https:\/\/www.sylvie-monthule.com\/de\/wp-json\/wp\/v2\/product_brand?post=100024"},{"taxonomy":"product_cat","embeddable":true,"href":"https:\/\/www.sylvie-monthule.com\/de\/wp-json\/wp\/v2\/product_cat?post=100024"},{"taxonomy":"product_tag","embeddable":true,"href":"https:\/\/www.sylvie-monthule.com\/de\/wp-json\/wp\/v2\/product_tag?post=100024"}],"curies":[{"name":"wp","href":"https:\/\/api.w.org\/{rel}","templated":true}]}}