{"id":100020,"date":"2020-11-08T10:28:22","date_gmt":"2020-11-07T10:28:22","guid":{"rendered":"https:\/\/www.sylvie-monthule.com\/?post_type=product&#038;p=100020\/"},"modified":"2025-02-17T08:48:02","modified_gmt":"2025-02-17T07:48:02","slug":"fuszkettchen-horusauge-gold","status":"publish","type":"product","link":"https:\/\/www.sylvie-monthule.com\/de\/juwel\/fuszkettchen-horusauge-gold\/","title":{"rendered":"Fu\u00dfkettchen \u201eHorusauge\u201c Gold"},"content":{"rendered":"<p style=\"text-align: justify;\">An Ihrem Fu\u00dfgelenk murmelt das Horusauge Millionen tausendj\u00e4hrige Geheimnisse. Aufgeh\u00e4ngt an einer feinen Kette schimmert das Auge geheimnisvoll, gekleidet in Gold und Sonne.<\/p>\n","protected":false},"excerpt":{"rendered":"<p>Schmuck f\u00fcr Fu\u00dfgelenk,<br \/>\nverstellbar auf 22 und 25 cm.<\/p>\n<p>Kette Gold 3 Mikron.<br \/>\nHypoallergen.<\/p>\n","protected":false},"featured_media":99360,"template":"","meta":{"_acf_changed":false},"product_brand":[],"product_cat":[1683,1694],"product_tag":[],"class_list":{"0":"post-100020","1":"product","2":"type-product","3":"status-publish","4":"has-post-thumbnail","6":"product_cat-schmuck-fur-sie","7":"product_cat-taillenketten-fusketten","8":"collection-der-atem-der-sinnlichkeit","10":"first","11":"instock","12":"taxable","13":"shipping-taxable","14":"purchasable","15":"product-type-simple"},"acf":[],"_links":{"self":[{"href":"https:\/\/www.sylvie-monthule.com\/de\/wp-json\/wp\/v2\/product\/100020","targetHints":{"allow":["GET"]}}],"collection":[{"href":"https:\/\/www.sylvie-monthule.com\/de\/wp-json\/wp\/v2\/product"}],"about":[{"href":"https:\/\/www.sylvie-monthule.com\/de\/wp-json\/wp\/v2\/types\/product"}],"wp:featuredmedia":[{"embeddable":true,"href":"https:\/\/www.sylvie-monthule.com\/de\/wp-json\/wp\/v2\/media\/99360"}],"wp:attachment":[{"href":"https:\/\/www.sylvie-monthule.com\/de\/wp-json\/wp\/v2\/media?parent=100020"}],"wp:term":[{"taxonomy":"product_brand","embeddable":true,"href":"https:\/\/www.sylvie-monthule.com\/de\/wp-json\/wp\/v2\/product_brand?post=100020"},{"taxonomy":"product_cat","embeddable":true,"href":"https:\/\/www.sylvie-monthule.com\/de\/wp-json\/wp\/v2\/product_cat?post=100020"},{"taxonomy":"product_tag","embeddable":true,"href":"https:\/\/www.sylvie-monthule.com\/de\/wp-json\/wp\/v2\/product_tag?post=100020"}],"curies":[{"name":"wp","href":"https:\/\/api.w.org\/{rel}","templated":true}]}}