{"id":100013,"date":"2020-11-08T10:28:24","date_gmt":"2020-11-07T10:28:24","guid":{"rendered":"https:\/\/www.sylvie-monthule.com\/?post_type=product&#038;p=100013\/"},"modified":"2025-02-17T08:48:24","modified_gmt":"2025-02-17T07:48:24","slug":"penisschmuck-skarabaus-gold-und-schwarz","status":"publish","type":"product","link":"https:\/\/www.sylvie-monthule.com\/de\/juwel\/penisschmuck-skarabaus-gold-und-schwarz\/","title":{"rendered":"Penisschmuck Skarab\u00e4us Gold und Schwarz"},"content":{"rendered":"<p style=\"text-align: justify;\">Der Skarab\u00e4us in Gold und Schwarz, der Ihren Penis schm\u00fcckt, ist so aufregend! Gefangen durch das Gummiband, das die Basis Ihres Geschlechts umfasst, l\u00e4sst er sich bewundern und enth\u00fcllt dann sein Geheimnis: Die Ketten, die der Skarab\u00e4us freigibt, gleiten unter Ihr Glied, und eine massive, glatte H\u00e4matitkugel schl\u00e4gt an Ihre Hoden.<\/p>\n","protected":false},"excerpt":{"rendered":"<p>Penisschmuck mit elastischer Basis<br \/>\naus Baumwolle f\u00fcr einen perfekten Sitz.<\/p>\n<p>Hochwertige Vergoldung 1 Mikron<br \/>\n16 Karat und Finish 24 Karat auf Metall.<br \/>\nSchwarze Emaille. H\u00e4matitkugel.<br \/>\nHypoallergen.<\/p>\n","protected":false},"featured_media":99296,"template":"","meta":{"_acf_changed":false},"product_brand":[],"product_cat":[1687,1699],"product_tag":[],"class_list":{"0":"post-100013","1":"product","2":"type-product","3":"status-publish","4":"has-post-thumbnail","6":"product_cat-schmuck-fur-ihn","7":"product_cat-penis-schmuck","8":"collection-der-atem-der-sinnlichkeit","10":"first","11":"instock","12":"taxable","13":"shipping-taxable","14":"purchasable","15":"product-type-simple"},"acf":[],"_links":{"self":[{"href":"https:\/\/www.sylvie-monthule.com\/de\/wp-json\/wp\/v2\/product\/100013","targetHints":{"allow":["GET"]}}],"collection":[{"href":"https:\/\/www.sylvie-monthule.com\/de\/wp-json\/wp\/v2\/product"}],"about":[{"href":"https:\/\/www.sylvie-monthule.com\/de\/wp-json\/wp\/v2\/types\/product"}],"wp:featuredmedia":[{"embeddable":true,"href":"https:\/\/www.sylvie-monthule.com\/de\/wp-json\/wp\/v2\/media\/99296"}],"wp:attachment":[{"href":"https:\/\/www.sylvie-monthule.com\/de\/wp-json\/wp\/v2\/media?parent=100013"}],"wp:term":[{"taxonomy":"product_brand","embeddable":true,"href":"https:\/\/www.sylvie-monthule.com\/de\/wp-json\/wp\/v2\/product_brand?post=100013"},{"taxonomy":"product_cat","embeddable":true,"href":"https:\/\/www.sylvie-monthule.com\/de\/wp-json\/wp\/v2\/product_cat?post=100013"},{"taxonomy":"product_tag","embeddable":true,"href":"https:\/\/www.sylvie-monthule.com\/de\/wp-json\/wp\/v2\/product_tag?post=100013"}],"curies":[{"name":"wp","href":"https:\/\/api.w.org\/{rel}","templated":true}]}}