{"id":100012,"date":"2020-11-08T10:28:25","date_gmt":"2020-11-07T10:28:25","guid":{"rendered":"https:\/\/www.sylvie-monthule.com\/?post_type=product&#038;p=100012\/"},"modified":"2025-02-17T08:48:24","modified_gmt":"2025-02-17T07:48:24","slug":"penisschmuck-skarabaus-silber-und-schwarz","status":"publish","type":"product","link":"https:\/\/www.sylvie-monthule.com\/de\/juwel\/penisschmuck-skarabaus-silber-und-schwarz\/","title":{"rendered":"Penisschmuck Skarab\u00e4us Silber und Schwarz"},"content":{"rendered":"<p style=\"text-align: justify;\">Der Skarab\u00e4us in Silber und Schwarz, der Ihr Geschlecht schm\u00fcckt, ist so geheimnisvoll! Er bleibt sicher an Ort und Stelle und l\u00e4sst sich betrachten. Dann gibt der Skarab\u00e4us die silbernen Ketten frei, die unter Ihren Penis gleiten, sowie eine massive, glatte H\u00e4matitkugel, die an Ihre Hoden schl\u00e4gt.<\/p>\n","protected":false},"excerpt":{"rendered":"<p>Penisschmuck mit elastischer Basis<br \/>\naus Baumwolle f\u00fcr einen perfekten Sitz.<\/p>\n<p>Silber 10 Mikron auf Metall.<br \/>\nSchwarze Emaille. H\u00e4matitkugel.<br \/>\nHypoallergen.<\/p>\n","protected":false},"featured_media":99316,"template":"","meta":{"_acf_changed":false},"product_brand":[],"product_cat":[1687,1699],"product_tag":[],"class_list":{"0":"post-100012","1":"product","2":"type-product","3":"status-publish","4":"has-post-thumbnail","6":"product_cat-schmuck-fur-ihn","7":"product_cat-penis-schmuck","8":"collection-30-jahre-erotik","9":"collection-der-atem-der-sinnlichkeit","11":"first","12":"instock","13":"taxable","14":"shipping-taxable","15":"purchasable","16":"product-type-simple"},"acf":[],"_links":{"self":[{"href":"https:\/\/www.sylvie-monthule.com\/de\/wp-json\/wp\/v2\/product\/100012","targetHints":{"allow":["GET"]}}],"collection":[{"href":"https:\/\/www.sylvie-monthule.com\/de\/wp-json\/wp\/v2\/product"}],"about":[{"href":"https:\/\/www.sylvie-monthule.com\/de\/wp-json\/wp\/v2\/types\/product"}],"wp:featuredmedia":[{"embeddable":true,"href":"https:\/\/www.sylvie-monthule.com\/de\/wp-json\/wp\/v2\/media\/99316"}],"wp:attachment":[{"href":"https:\/\/www.sylvie-monthule.com\/de\/wp-json\/wp\/v2\/media?parent=100012"}],"wp:term":[{"taxonomy":"product_brand","embeddable":true,"href":"https:\/\/www.sylvie-monthule.com\/de\/wp-json\/wp\/v2\/product_brand?post=100012"},{"taxonomy":"product_cat","embeddable":true,"href":"https:\/\/www.sylvie-monthule.com\/de\/wp-json\/wp\/v2\/product_cat?post=100012"},{"taxonomy":"product_tag","embeddable":true,"href":"https:\/\/www.sylvie-monthule.com\/de\/wp-json\/wp\/v2\/product_tag?post=100012"}],"curies":[{"name":"wp","href":"https:\/\/api.w.org\/{rel}","templated":true}]}}