{"id":100009,"date":"2020-11-08T10:28:26","date_gmt":"2020-11-07T10:28:26","guid":{"rendered":"https:\/\/www.sylvie-monthule.com\/?post_type=product&#038;p=100009\/"},"modified":"2026-02-21T22:52:09","modified_gmt":"2026-02-21T21:52:09","slug":"taillen-nieren-kette-der-atem-der-isis-gold","status":"publish","type":"product","link":"https:\/\/www.sylvie-monthule.com\/de\/juwel\/taillen-nieren-kette-der-atem-der-isis-gold\/","title":{"rendered":"Taillen-Nieren-Kette \u201eDer Atem der Isis\u201c Gold"},"content":{"rendered":"<p style=\"text-align: justify;\">Um Ihre H\u00fcfte schimmert eine Kette und die G\u00f6ttin Isis erscheint in der Mulde Ihrer Nieren! Ihre so zarten Fl\u00fcgel in Schwarz und Gold strahlen wie die Sonne. Als unerwartete Provokation l\u00e4dt Isis einen langen Anh\u00e4nger ein, zwischen Ihren Po zu gleiten: Lichtreflexe, Kette und Perle schl\u00e4ngeln sich zwischen Ihren Rundungen, wie ein langer Fluss der Liebe, ein Fluss der Liebkosungen &#8230; Eine Nierenkette von au\u00dferordentlicher Wollust.<\/p>\n","protected":false},"excerpt":{"rendered":"<p>Geben Sie im Block Ihre Gr\u00f6\u00dfe an:<br \/>\nS, M, L, XL &#8230; Egal welche Gr\u00f6\u00dfe<br \/>\nSie ausw\u00e4hlen, unser Taillenschmuck<br \/>\nist verstellbar.<\/p>\n<p>Hohe Vergoldung 1 Mikron 16 Karat<br \/>\nund Finish 24 Karat auf Metall. Schwarze Emaille.<br \/>\nTopasfarbener Kristallstein.<br \/>\nHypoallergen.<\/p>\n","protected":false},"featured_media":99440,"template":"","meta":{"_acf_changed":false},"product_brand":[],"product_cat":[1683,1694],"product_tag":[],"class_list":{"0":"post-100009","1":"product","2":"type-product","3":"status-publish","4":"has-post-thumbnail","6":"product_cat-schmuck-fur-sie","7":"product_cat-taillenketten-fusketten","8":"collection-der-atem-der-sinnlichkeit","10":"first","11":"instock","12":"taxable","13":"shipping-taxable","14":"purchasable","15":"product-type-variable","16":"has-default-attributes"},"acf":[],"_links":{"self":[{"href":"https:\/\/www.sylvie-monthule.com\/de\/wp-json\/wp\/v2\/product\/100009","targetHints":{"allow":["GET"]}}],"collection":[{"href":"https:\/\/www.sylvie-monthule.com\/de\/wp-json\/wp\/v2\/product"}],"about":[{"href":"https:\/\/www.sylvie-monthule.com\/de\/wp-json\/wp\/v2\/types\/product"}],"wp:featuredmedia":[{"embeddable":true,"href":"https:\/\/www.sylvie-monthule.com\/de\/wp-json\/wp\/v2\/media\/99440"}],"wp:attachment":[{"href":"https:\/\/www.sylvie-monthule.com\/de\/wp-json\/wp\/v2\/media?parent=100009"}],"wp:term":[{"taxonomy":"product_brand","embeddable":true,"href":"https:\/\/www.sylvie-monthule.com\/de\/wp-json\/wp\/v2\/product_brand?post=100009"},{"taxonomy":"product_cat","embeddable":true,"href":"https:\/\/www.sylvie-monthule.com\/de\/wp-json\/wp\/v2\/product_cat?post=100009"},{"taxonomy":"product_tag","embeddable":true,"href":"https:\/\/www.sylvie-monthule.com\/de\/wp-json\/wp\/v2\/product_tag?post=100009"}],"curies":[{"name":"wp","href":"https:\/\/api.w.org\/{rel}","templated":true}]}}