{"id":100002,"date":"2020-11-08T10:28:28","date_gmt":"2020-11-07T10:28:28","guid":{"rendered":"https:\/\/www.sylvie-monthule.com\/?post_type=product&#038;p=100002\/"},"modified":"2025-02-17T08:48:36","modified_gmt":"2025-02-17T07:48:36","slug":"taillenkette-heiliger-skarabaus-gold","status":"publish","type":"product","link":"https:\/\/www.sylvie-monthule.com\/de\/juwel\/taillenkette-heiliger-skarabaus-gold\/","title":{"rendered":"Taillenkette heiliger Skarab\u00e4us Gold"},"content":{"rendered":"<p style=\"text-align: justify;\">Auf der D\u00fcne Ihres Bauches atmet ein kleiner Skarab\u00e4us in Gold und Schwarz. Aufgeh\u00e4ngt an der Kette, die Ihre Taille sinnlich umfasst, gleicht er einem heiligen Tresor, und die feinen Anh\u00e4nger des Skarab\u00e4us tanzen auf der Haut. Gold, Schwarz und H\u00e4matit vereinen sich in dieser bet\u00f6renden Taillenkette!<\/p>\n","protected":false},"excerpt":{"rendered":"<p>Geben Sie im Block Ihre Gr\u00f6\u00dfe an:<br \/>\nS, M, L, XL &#8230; Egal welche Gr\u00f6\u00dfe Sie ausw\u00e4hlen, unser Taillenschmuck ist verstellbar.<\/p>\n<p>Hohe Vergoldung 1 Mikron 16 Karat und Finish 24 Karat auf Metall.<br \/>\nSchwarze Emaille und H\u00e4matitsteine.<br \/>\nHypoallergen.<\/p>\n","protected":false},"featured_media":99408,"template":"","meta":{"_acf_changed":false},"product_brand":[],"product_cat":[1683,1694],"product_tag":[],"class_list":{"0":"post-100002","1":"product","2":"type-product","3":"status-publish","4":"has-post-thumbnail","6":"product_cat-schmuck-fur-sie","7":"product_cat-taillenketten-fusketten","8":"collection-der-atem-der-sinnlichkeit","10":"first","11":"instock","12":"taxable","13":"shipping-taxable","14":"purchasable","15":"product-type-variable","16":"has-default-attributes"},"acf":[],"_links":{"self":[{"href":"https:\/\/www.sylvie-monthule.com\/de\/wp-json\/wp\/v2\/product\/100002","targetHints":{"allow":["GET"]}}],"collection":[{"href":"https:\/\/www.sylvie-monthule.com\/de\/wp-json\/wp\/v2\/product"}],"about":[{"href":"https:\/\/www.sylvie-monthule.com\/de\/wp-json\/wp\/v2\/types\/product"}],"wp:featuredmedia":[{"embeddable":true,"href":"https:\/\/www.sylvie-monthule.com\/de\/wp-json\/wp\/v2\/media\/99408"}],"wp:attachment":[{"href":"https:\/\/www.sylvie-monthule.com\/de\/wp-json\/wp\/v2\/media?parent=100002"}],"wp:term":[{"taxonomy":"product_brand","embeddable":true,"href":"https:\/\/www.sylvie-monthule.com\/de\/wp-json\/wp\/v2\/product_brand?post=100002"},{"taxonomy":"product_cat","embeddable":true,"href":"https:\/\/www.sylvie-monthule.com\/de\/wp-json\/wp\/v2\/product_cat?post=100002"},{"taxonomy":"product_tag","embeddable":true,"href":"https:\/\/www.sylvie-monthule.com\/de\/wp-json\/wp\/v2\/product_tag?post=100002"}],"curies":[{"name":"wp","href":"https:\/\/api.w.org\/{rel}","templated":true}]}}