{"id":72237,"date":"2019-04-01T14:16:12","date_gmt":"2019-04-01T13:16:12","guid":{"rendered":"https:\/\/www.sylvie-monthule.com\/?page_id=72237\/"},"modified":"2019-04-09T13:31:44","modified_gmt":"2019-04-09T12:31:44","slug":"die-kunst-der-verfuehrung","status":"publish","type":"page","link":"https:\/\/www.sylvie-monthule.com\/de\/die-kunst-der-verfuehrung\/","title":{"rendered":"Schmuck der Verf\u00fchrung"},"content":{"rendered":"<p class=\"romantic\" style=\"text-align: center;\">Begehren braucht Geheimes, Unbekanntes, Fantasie&#8230;<br \/>\nEs w\u00e4chst wie eine Blume, die sich langsam entfaltet und erst in der Sonne<br \/>\nihre ganze Farbpracht enth\u00fcllt, ihre zarten Bl\u00fctenbl\u00e4tter, ihren Duft&#8230; Sylvie Monthul\u00e9&#8217;s Intimschumckkreationen haben<br \/>\neine so intensive erotische Kraft, eine so besondere Eleganz, die sie absolut unvergesslich machen&#8230;<br \/>\nSchumckst\u00fccke von einer seltenen Sch\u00f6nheit, die die Tore zur Bet\u00f6rung der Sinne \u00f6ffnen, Schmuck, der die Kunst<br \/>\nder Verf\u00fchrung kultiviert und den K\u00f6rper in die Magie der Lust eintauchen l\u00e4sst !<\/p>\n<p>&nbsp;<\/p>\n<p style=\"text-align: center;\"><a href=\"https:\/\/www.sylvie-monthule.com\/de\/juwelen\/schmuck-fur-sie\/klitoris-schmuck\/\"><img loading=\"lazy\" decoding=\"async\" class=\"alignnone wp-image-72253\" src=\"https:\/\/www.sylvie-monthule.com\/wp-content\/uploads\/2019\/04\/Klitorisschmuck-von-sylvie-monthule.jpg\" alt=\"\" width=\"500\" height=\"500\" srcset=\"https:\/\/www.sylvie-monthule.com\/wp-content\/uploads\/2019\/04\/Klitorisschmuck-von-sylvie-monthule.jpg 585w, https:\/\/www.sylvie-monthule.com\/wp-content\/uploads\/2019\/04\/Klitorisschmuck-von-sylvie-monthule-150x150.jpg 150w, https:\/\/www.sylvie-monthule.com\/wp-content\/uploads\/2019\/04\/Klitorisschmuck-von-sylvie-monthule-300x300.jpg 300w, https:\/\/www.sylvie-monthule.com\/wp-content\/uploads\/2019\/04\/Klitorisschmuck-von-sylvie-monthule-180x180.jpg 180w\" sizes=\"auto, (max-width: 500px) 100vw, 500px\" \/><\/a><\/p>\n<h2 style=\"text-align: center;\">Wundersch\u00f6ne Schmuckst\u00fccke f\u00fcr die Klitoris<\/h2>\n<p style=\"text-align: center;\">K\u00f6rperschmuck f\u00fcr die Klitoris zu kreieren war einer von Sylvie&#8217;s Tr\u00e4umen !<br \/>\nIhr erstes Schmuckst\u00fcck entwarf sie im Jahr 2000: die &#8222;Clit&#8217;Ose&#8220;&#8230;<br \/>\nMit einem gro\u00dfen sch\u00f6n geformtem &#8222;O&#8220;, das mit Gold und Kristall geschm\u00fcck ist&#8230;<br \/>\nWie ein &#8222;Oh&#8220; der \u00dcberraschung wenn das anschmiegsame Schmuckst\u00fcck die z\u00e4rtliche Lust erweckt&#8230;<br \/>\nIntimschmuck, den Frauen mit Freude und Lust entdecken !<br \/>\nDarauf folgen die &#8222;Klitorisperle&#8220;, das &#8222;Etui&#8220;, der &#8222;Nektar der Lust&#8220;&#8230;<br \/>\nUnd 2018 ist Sylvie&#8217;s letztes Wort noch nicht gesprochen ! Sie pr\u00e4sentiert uns<br \/>\ndas Schmuckst\u00fcck &#8222;Excite Klitoris&#8220; und nat\u00fcrlich geh\u00f6rt ein Video dazu, um das Schmuckst\u00fcck<br \/>\nzu zeigen&#8230; und die Lust, die es verspricht !<\/p>\n<p style=\"text-align: center;\"><a href=\"https:\/\/www.sylvie-monthule.com\/de\/juwelen\/schmuck-fur-sie\/stimulierender-und-penetrierender-schmuck\/\"><img loading=\"lazy\" decoding=\"async\" class=\"alignnone wp-image-72257\" src=\"https:\/\/www.sylvie-monthule.com\/wp-content\/uploads\/2019\/04\/Schmuck-f\u00fcr-Gourmets-von-sylvie-monthule.jpg\" alt=\"\" width=\"500\" height=\"500\" srcset=\"https:\/\/www.sylvie-monthule.com\/wp-content\/uploads\/2019\/04\/Schmuck-f\u00fcr-Gourmets-von-sylvie-monthule.jpg 585w, https:\/\/www.sylvie-monthule.com\/wp-content\/uploads\/2019\/04\/Schmuck-f\u00fcr-Gourmets-von-sylvie-monthule-150x150.jpg 150w, https:\/\/www.sylvie-monthule.com\/wp-content\/uploads\/2019\/04\/Schmuck-f\u00fcr-Gourmets-von-sylvie-monthule-300x300.jpg 300w, https:\/\/www.sylvie-monthule.com\/wp-content\/uploads\/2019\/04\/Schmuck-f\u00fcr-Gourmets-von-sylvie-monthule-180x180.jpg 180w\" sizes=\"auto, (max-width: 500px) 100vw, 500px\" \/><\/a><\/p>\n<h2 style=\"text-align: center;\">Sexy Gourmetschmuck&#8230;<\/h2>\n<p style=\"text-align: center;\">Der Traum von einem Schmuckst\u00fcck, das mit dem K\u00f6rper spielt&#8230;<br \/>\nDer Traum von einem Schmuckst\u00fcck mit runden z\u00e4rtlichen Formen, in Zuckerfarben,<br \/>\ndas die sensibelsten Zonen des K\u00f6rpers erregt&#8230; Sylvie l\u00e4sst diese Tr\u00e4ume wahr werden,<br \/>\nin dem sie unglaublichen Schmuck zum Einf\u00fchren aus wundersch\u00f6nen glitzernden<br \/>\nMaterialen entwirft, wie die Libertinagekugeln&#8230; Kugeln f\u00fcr &#8222;Sie und Ihn&#8220; in Blau oder Lila.<br \/>\nVaginal oder anal, jedes Schmuckst\u00fcck trifft ihre geheimen Geschm\u00e4cker !<br \/>\nUnd da f\u00fcr die Lust nichts zu sch\u00f6n ist : &#8222;Geisha Lichtkugeln&#8220;, &#8222;Intimeier&#8220; in gl\u00e4nzendem Schwartz<br \/>\noder elfenbeinfarbener Sexschmuck in Penisform, das und mehr halten die Kollektionen bereit !<\/p>\n<p style=\"text-align: center;\"><a href=\"https:\/\/www.sylvie-monthule.com\/de\/juwelen\/schmuck-fur-sie\/brustschmuck-ohne-piercing\/\"><img loading=\"lazy\" decoding=\"async\" class=\"alignnone wp-image-72241\" src=\"https:\/\/www.sylvie-monthule.com\/wp-content\/uploads\/2019\/04\/Brustketten-ohne-piercing-von-sylvie-monthule.jpg\" alt=\"\" width=\"500\" height=\"500\" srcset=\"https:\/\/www.sylvie-monthule.com\/wp-content\/uploads\/2019\/04\/Brustketten-ohne-piercing-von-sylvie-monthule.jpg 585w, https:\/\/www.sylvie-monthule.com\/wp-content\/uploads\/2019\/04\/Brustketten-ohne-piercing-von-sylvie-monthule-150x150.jpg 150w, https:\/\/www.sylvie-monthule.com\/wp-content\/uploads\/2019\/04\/Brustketten-ohne-piercing-von-sylvie-monthule-300x300.jpg 300w, https:\/\/www.sylvie-monthule.com\/wp-content\/uploads\/2019\/04\/Brustketten-ohne-piercing-von-sylvie-monthule-180x180.jpg 180w\" sizes=\"auto, (max-width: 500px) 100vw, 500px\" \/><\/a><\/p>\n<h2 style=\"text-align: center;\">Schmuck, der beim Vorspiel die Fantasie anregt&#8230;<\/h2>\n<p style=\"text-align: center;\">Manche K\u00f6rperteile zu kaschieren oder nur anzudeuten, ist unendlich erregender<br \/>\nals seine Nacktheit sofort zur Schau zu stellen&#8230;<br \/>\nSylvie Monthul\u00e9 liebt es, Schmuck zu gestalten, der einen ganz verr\u00fcckt macht !<br \/>\nNur ganz leicht scheint Ihre Bruskette unter der feinen Bluse hervor&#8230;<br \/>\nund zeigt Ihrem Betrachter den k\u00f6stlichen Weg des unanst\u00e4ndigen Genusses,<br \/>\nsein Blick folgt dem Schmuckst\u00fcck, das Ihren Busen zu liebkosen scheint&#8230;<br \/>\nund Fantasie, Lust und Begehren anregt !<\/p>\n<p style=\"text-align: center;\"><a href=\"https:\/\/www.sylvie-monthule.com\/de\/juwelen\/schmuck-fur-sie\/stimulierender-und-penetrierender-schmuck\/\"><img loading=\"lazy\" decoding=\"async\" class=\"alignnone wp-image-72261\" src=\"https:\/\/www.sylvie-monthule.com\/wp-content\/uploads\/2019\/04\/Schmuck-zum-Einf\u00fchren-von-sylvie-monthule.jpg\" alt=\"\" width=\"500\" height=\"500\" srcset=\"https:\/\/www.sylvie-monthule.com\/wp-content\/uploads\/2019\/04\/Schmuck-zum-Einf\u00fchren-von-sylvie-monthule.jpg 585w, https:\/\/www.sylvie-monthule.com\/wp-content\/uploads\/2019\/04\/Schmuck-zum-Einf\u00fchren-von-sylvie-monthule-150x150.jpg 150w, https:\/\/www.sylvie-monthule.com\/wp-content\/uploads\/2019\/04\/Schmuck-zum-Einf\u00fchren-von-sylvie-monthule-300x300.jpg 300w, https:\/\/www.sylvie-monthule.com\/wp-content\/uploads\/2019\/04\/Schmuck-zum-Einf\u00fchren-von-sylvie-monthule-180x180.jpg 180w\" sizes=\"auto, (max-width: 500px) 100vw, 500px\" \/><\/a><\/p>\n<h2 style=\"text-align: center;\">Schmuck zum Einf\u00fchren f\u00fcr Sie zum Versteckspielen&#8230;<\/h2>\n<p style=\"text-align: center;\">Die Schmuckst\u00fccke zum Einf\u00fchren sind entstanden aus einer magischen Alchimie<br \/>\nzwischen Spielereien der Fantasie und k\u00f6rperlichem Genuss.<br \/>\n2005 hat Sylvie es gewagt, ein zauberhaftes H\u00f6schen in Muschelform zu entwerfen,<br \/>\nin dessen Inneren ein gelenkiger blauer m\u00e4nnlicher Finger erscheint&#8230;\u00a0 wie ein Lustfinger !<br \/>\n2013 wird sie wieder schwach und entwirft einen in einem weichen Lederstring<br \/>\neingebetteten Finger&#8230; Zwei magische Schmuckst\u00fccke, um sich im Geheimen Lust zu bereiten;<br \/>\nzwei Schumckst\u00fccke f\u00fcr einen Strandspaziergang, einen aufregenden Abend,<br \/>\nein romantisches Rendezvous oder ganz einfach um die\u00a0Stra\u00dfe entlangzugehen&#8230;<br \/>\nmit einem unvermuteten Schmuckst\u00fcck am K\u00f6rper, das Ihnen bei jedem<br \/>\nSchritt G\u00e4nsehaut bereitet. Seinen K\u00f6rper kennen, das Verlagen z\u00e4hmen,<br \/>\nzun\u00e4chst allein&#8230; Freude an seinem Schmuck haben, ohne dass es<br \/>\njemand vermutet&#8230; welch ein Genuss !<\/p>\n<p style=\"text-align: center;\"><a href=\"https:\/\/www.sylvie-monthule.com\/de\/juwelen\/schmuck-fur-sie\/schmuckstrings\/\"><img loading=\"lazy\" decoding=\"async\" class=\"alignnone wp-image-72265\" src=\"https:\/\/www.sylvie-monthule.com\/wp-content\/uploads\/2019\/04\/Schmuckstrings-von-sylvie-monthule.jpg\" alt=\"\" width=\"500\" height=\"500\" srcset=\"https:\/\/www.sylvie-monthule.com\/wp-content\/uploads\/2019\/04\/Schmuckstrings-von-sylvie-monthule.jpg 585w, https:\/\/www.sylvie-monthule.com\/wp-content\/uploads\/2019\/04\/Schmuckstrings-von-sylvie-monthule-150x150.jpg 150w, https:\/\/www.sylvie-monthule.com\/wp-content\/uploads\/2019\/04\/Schmuckstrings-von-sylvie-monthule-300x300.jpg 300w, https:\/\/www.sylvie-monthule.com\/wp-content\/uploads\/2019\/04\/Schmuckstrings-von-sylvie-monthule-180x180.jpg 180w\" sizes=\"auto, (max-width: 500px) 100vw, 500px\" \/><\/a><\/p>\n<h2 style=\"text-align: center;\">Juwelierarbeit f\u00fcr unglaubliche Schmuckst\u00fccke&#8230;<\/h2>\n<p style=\"text-align: center;\">In manchen erotische Kreationen stecken viele Stunden Arbeit<br \/>\nbis zur Herstellung eines ersten Exemplars. Die &#8222;Schwanenstrings&#8220; sind Schmuckst\u00fccke<br \/>\nmit wundervollen Details : die W\u00f6lbungen der ausgestreckten Fl\u00fcgel,<br \/>\ndie Spiralen und Motive in Arabeskenform&#8230; die &#8222;Liebesnachtstrings&#8220; sind von<br \/>\nblendender Sch\u00f6nheit mit ihren Spitzenr\u00e4ndern und ihrem leidenschaftlichen Rot&#8230;<br \/>\nJe nach Ausgangsidee des Schmuckst\u00fccks ist das Gold oder Silber glatt<br \/>\noder geh\u00e4mmert, um einen Eindruck der Tiefe, der Materie, des Lebens zu erwecken&#8230;<br \/>\nbevor sie die W\u00f6lbung Ihres Geschlechtes bedecken !<\/p>\n<p style=\"text-align: center;\"><img loading=\"lazy\" decoding=\"async\" class=\"alignnone wp-image-72245\" src=\"https:\/\/www.sylvie-monthule.com\/wp-content\/uploads\/2019\/04\/Harmonien-zwischen-Mann-und-Frau-von-sylvie-monthule.jpg\" alt=\"\" width=\"500\" height=\"500\" srcset=\"https:\/\/www.sylvie-monthule.com\/wp-content\/uploads\/2019\/04\/Harmonien-zwischen-Mann-und-Frau-von-sylvie-monthule.jpg 585w, https:\/\/www.sylvie-monthule.com\/wp-content\/uploads\/2019\/04\/Harmonien-zwischen-Mann-und-Frau-von-sylvie-monthule-150x150.jpg 150w, https:\/\/www.sylvie-monthule.com\/wp-content\/uploads\/2019\/04\/Harmonien-zwischen-Mann-und-Frau-von-sylvie-monthule-300x300.jpg 300w, https:\/\/www.sylvie-monthule.com\/wp-content\/uploads\/2019\/04\/Harmonien-zwischen-Mann-und-Frau-von-sylvie-monthule-180x180.jpg 180w\" sizes=\"auto, (max-width: 500px) 100vw, 500px\" \/><\/p>\n<h2 style=\"text-align: center;\">Intime Komplizenschaft ; Schmuck f\u00fcr Sie, Schmuck f\u00fcr Ihn !<\/h2>\n<p style=\"text-align: center;\">Um die sexuelle Komplizenschaft des Paares hervorzuheben,<br \/>\nhat Sylvie Monthul\u00e9 in ihren Kollektionen oft erotische Schmuckst\u00fccke pr\u00e4sentiert,<br \/>\ndie die Harmonie zwischen einer m\u00e4nnlichen und einer weiblichen Form betonen :<br \/>\nDas sch\u00f6ne kleine Schmuckst\u00fcck in Form eines Frauenk\u00f6rpers,<br \/>\ndas den Venush\u00fcgel der Frau ziert, verwandelt sich harmonisch, um das Geschlecht<br \/>\ndes Mannes zu schm\u00fccken&#8230; Spannend f\u00fcr das Paar, sich gegenseitig zu entdecken,<br \/>\nmit sexy K\u00f6rperschmuck in totaler Symbiose&#8230; Aufregend, zu wissen,<br \/>\ndass Ihr Partner die m\u00e4nnliche Version des &#8222;Intimeis&#8220; mit seiner<br \/>\nschwarzen Perle als Anh\u00e4nger tr\u00e4gt, und dass das weibliche Ei am Ende<br \/>\nmit einem Tropfen und einer kleinen Satinschleife verziert ist !<\/p>\n<p style=\"text-align: center;\"><a href=\"https:\/\/www.sylvie-monthule.com\/de\/juwelen\/schmuck-fur-sie\/taillenketten-fusketten\/\"><img loading=\"lazy\" decoding=\"async\" class=\"alignnone wp-image-72249\" src=\"https:\/\/www.sylvie-monthule.com\/wp-content\/uploads\/2019\/04\/H\u00fcftschmuck-von-sylvie-monthule.jpg\" alt=\"\" width=\"500\" height=\"500\" srcset=\"https:\/\/www.sylvie-monthule.com\/wp-content\/uploads\/2019\/04\/H\u00fcftschmuck-von-sylvie-monthule.jpg 585w, https:\/\/www.sylvie-monthule.com\/wp-content\/uploads\/2019\/04\/H\u00fcftschmuck-von-sylvie-monthule-150x150.jpg 150w, https:\/\/www.sylvie-monthule.com\/wp-content\/uploads\/2019\/04\/H\u00fcftschmuck-von-sylvie-monthule-300x300.jpg 300w, https:\/\/www.sylvie-monthule.com\/wp-content\/uploads\/2019\/04\/H\u00fcftschmuck-von-sylvie-monthule-180x180.jpg 180w\" sizes=\"auto, (max-width: 500px) 100vw, 500px\" \/><\/a><\/p>\n<h2 style=\"text-align: center;\">Jede Kurve des K\u00f6rpers sp\u00fcren&#8230;<\/h2>\n<p style=\"text-align: center;\">Manche Kurven des K\u00f6rpers k\u00f6nnen sich als erogene Sch\u00e4tze erweisen,<br \/>\nvoller Erotik&#8230; Eine Taillenkette kann ein intensives Begehren hervorrufen, vor allem wenn<br \/>\nsie an ihren H\u00fcften hinabgleitet und ihren aufregenden Weg bis zur Rundung ihres<br \/>\nGes\u00e4\u00dfes fortsetzt&#8230; Der H\u00fcftschmuck von Sylvie Monthul\u00e9 besteht aus<br \/>\nwundersch\u00f6nen Schmuckst\u00fccken mit Miniaturmotiven,<br \/>\ndie die Weiblichkeit in ihrer ganzen Sch\u00f6nheit betonen.<\/p>\n<p>&nbsp;<\/p>\n<p>&nbsp;<\/p>\n","protected":false},"excerpt":{"rendered":"<p>Begehren braucht Geheimes, Unbekanntes, Fantasie&#8230; Es w\u00e4chst wie eine Blume, die sich langsam entfaltet und erst in der Sonne ihre ganze Farbpracht enth\u00fcllt, ihre zarten Bl\u00fctenbl\u00e4tter, ihren Duft&#8230; Sylvie Monthul\u00e9&#8217;s Intimschumckkreationen haben eine so intensive erotische Kraft, eine so besondere Eleganz, die sie absolut unvergesslich machen&#8230; Schumckst\u00fccke von einer seltenen Sch\u00f6nheit, die die Tore zur [&hellip;]<\/p>\n","protected":false},"author":5621,"featured_media":0,"parent":0,"menu_order":0,"comment_status":"closed","ping_status":"closed","template":"template-page-large.php","meta":{"_acf_changed":false,"footnotes":""},"class_list":["post-72237","page","type-page","status-publish","hentry"],"acf":[],"_links":{"self":[{"href":"https:\/\/www.sylvie-monthule.com\/de\/wp-json\/wp\/v2\/pages\/72237","targetHints":{"allow":["GET"]}}],"collection":[{"href":"https:\/\/www.sylvie-monthule.com\/de\/wp-json\/wp\/v2\/pages"}],"about":[{"href":"https:\/\/www.sylvie-monthule.com\/de\/wp-json\/wp\/v2\/types\/page"}],"author":[{"embeddable":true,"href":"https:\/\/www.sylvie-monthule.com\/de\/wp-json\/wp\/v2\/users\/5621"}],"replies":[{"embeddable":true,"href":"https:\/\/www.sylvie-monthule.com\/de\/wp-json\/wp\/v2\/comments?post=72237"}],"version-history":[{"count":21,"href":"https:\/\/www.sylvie-monthule.com\/de\/wp-json\/wp\/v2\/pages\/72237\/revisions"}],"predecessor-version":[{"id":72579,"href":"https:\/\/www.sylvie-monthule.com\/de\/wp-json\/wp\/v2\/pages\/72237\/revisions\/72579"}],"wp:attachment":[{"href":"https:\/\/www.sylvie-monthule.com\/de\/wp-json\/wp\/v2\/media?parent=72237"}],"curies":[{"name":"wp","href":"https:\/\/api.w.org\/{rel}","templated":true}]}}