{"id":68077,"date":"2019-01-09T15:39:36","date_gmt":"2019-01-09T14:39:36","guid":{"rendered":"https:\/\/www.sylvie-monthule.com\/?page_id=68077\/"},"modified":"2025-11-04T16:18:33","modified_gmt":"2025-11-04T15:18:33","slug":"rechtliche-hinweise","status":"publish","type":"page","link":"https:\/\/www.sylvie-monthule.com\/de\/rechtliche-hinweise\/","title":{"rendered":"Rechtliche Hinweise"},"content":{"rendered":"<h2><\/h2>\n<p>&nbsp;<\/p>\n<h2><\/h2>\n<h2>VERLAG<\/h2>\n<p>Die Seite www.sylvie-monthule.com wird von der Firma Ose Cr\u00e9ations,<br \/>\n269 avenue du G\u00e9n\u00e9ral de Gaulle 94502 CHAMPIGNY S\/M\u00a0 &#8211; FRANKREICH,<br \/>\nSARL mit einem Kapital von 8000 Euro,<br \/>\nEingetragen im franz\u00f6sischen Unternehmensregister<br \/>\nunter der Nummer SIRET 433 682 952 00026.<\/p>\n<p>UMSATZNUMMER (VAT NUMBER): FR 90 433 682 952<br \/>\nTelefon: +33 (0)1 48 82 44 46<br \/>\nE-Mail: contact@sylvie-monthule.com<\/p>\n<p>&nbsp;<\/p>\n<h2>DIREKTOR DER PUBLIKATION<\/h2>\n<p>Der Direktor der Ver\u00f6ffentlichung der Website ist Ose Cr\u00e9ations<br \/>\nDer Redaktionsleiter der Seite ist Ose Cr\u00e9ations<\/p>\n<p>&nbsp;<\/p>\n<h2>HOSTING DER SEITE<\/h2>\n<p>Die Site wird von der Firma DOCTYPE gehostet, Hauptsitz .<br \/>\n42 rue de la Lib\u00e9ration &#8211; 91680 BRUYERES LE CHATEL &#8211; FRANCE<br \/>\nE-Mail: contact@doctype.fr<\/p>\n<p>&nbsp;<\/p>\n<h2>GEISTIGES EIGENTUM<\/h2>\n<p>Die allgemeine Struktur der Website: Die Produkte, Texte, Grafiken,<br \/>\nBilder, T\u00f6ne und Videos, aus denen sie besteht, sind Eigentum der Firma Ose Cr\u00e9ations\/Sylvie Monthul\u00e9.<br \/>\nDie auf dieser Website pr\u00e4sentierten Zeichnungen und Gem\u00e4lde (Originale oder Drucke)<br \/>\nbleiben das ausschlie\u00dfliche k\u00fcnstlerische Eigentum von Sylvie Monthul\u00e9.<br \/>\nJede Darstellung und\/oder Vervielf\u00e4ltigung und\/oder teilweise oder vollst\u00e4ndige Verwertung dieser Website,<br \/>\nunabh\u00e4ngig vom verwendeten Verfahren, ohne vorherige<br \/>\nschriftliche Genehmigung der Firma Ose Cr\u00e9ations ist strengstens untersagt<br \/>\nund kann eine Verletzung im Sinne<br \/>\nder Artikel L 335-2 ff. des Gesetzes \u00fcber geistiges Eigentum darstellen.<\/p>\n<p>&nbsp;<\/p>\n<h2>DATENVERARBEITUNGSRECHT UND FREIHEITSRECHTE<\/h2>\n<p style=\"text-align: justify;\">In \u00dcbereinstimmung mit dem Datenverarbeitungsgesetz und der Freiheit 78-17 vom 6. Januar 1978 ge\u00e4ndert,<br \/>\nSie haben ein Einspruchsrecht (Art. 38), ein Recht auf Zugang (Art. 39), Berichtigung oder L\u00f6schung (Art. 40) der Sie betreffenden Daten.<br \/>\nSie k\u00f6nnen dieses Recht aus\u00fcben, indem Sie sich an die Firma Ose Cr\u00e9ations wenden.<\/p>\n<p>Dieses Recht wird ausge\u00fcbt, indem man seine Identit\u00e4t nachweist, per Post an die folgende Adresse :<\/p>\n<p>Ose Cr\u00e9ations<br \/>\n269 avenue du G\u00e9n\u00e9ral de Gaulle<br \/>\n94502 CHAMPIGNY S\/M &#8211; FRANCE<\/p>\n<p style=\"text-align: justify;\">Alle pers\u00f6nlichen Daten, die gesammelt werden, werden mit den strengsten mit strengster Vertraulichkeit. Ose Cr\u00e9ations verpflichtet sich insbesondere die Vertraulichkeit von E-Mail-Nachrichten zu respektieren mittels einer elektronischen Nachricht \u00fcbermittelt.<\/p>\n","protected":false},"excerpt":{"rendered":"<p>&nbsp; VERLAG Die Seite www.sylvie-monthule.com wird von der Firma Ose Cr\u00e9ations, 269 avenue du G\u00e9n\u00e9ral de Gaulle 94502 CHAMPIGNY S\/M\u00a0 &#8211; FRANKREICH, SARL mit einem Kapital von 8000 Euro, Eingetragen im franz\u00f6sischen Unternehmensregister unter der Nummer SIRET 433 682 952 00026. UMSATZNUMMER (VAT NUMBER): FR 90 433 682 952 Telefon: +33 (0)1 48 82 44 [&hellip;]<\/p>\n","protected":false},"author":9379,"featured_media":0,"parent":0,"menu_order":0,"comment_status":"closed","ping_status":"closed","template":"","meta":{"_acf_changed":false,"footnotes":""},"class_list":["post-68077","page","type-page","status-publish","hentry"],"acf":[],"_links":{"self":[{"href":"https:\/\/www.sylvie-monthule.com\/de\/wp-json\/wp\/v2\/pages\/68077","targetHints":{"allow":["GET"]}}],"collection":[{"href":"https:\/\/www.sylvie-monthule.com\/de\/wp-json\/wp\/v2\/pages"}],"about":[{"href":"https:\/\/www.sylvie-monthule.com\/de\/wp-json\/wp\/v2\/types\/page"}],"author":[{"embeddable":true,"href":"https:\/\/www.sylvie-monthule.com\/de\/wp-json\/wp\/v2\/users\/9379"}],"replies":[{"embeddable":true,"href":"https:\/\/www.sylvie-monthule.com\/de\/wp-json\/wp\/v2\/comments?post=68077"}],"version-history":[{"count":7,"href":"https:\/\/www.sylvie-monthule.com\/de\/wp-json\/wp\/v2\/pages\/68077\/revisions"}],"predecessor-version":[{"id":148482,"href":"https:\/\/www.sylvie-monthule.com\/de\/wp-json\/wp\/v2\/pages\/68077\/revisions\/148482"}],"wp:attachment":[{"href":"https:\/\/www.sylvie-monthule.com\/de\/wp-json\/wp\/v2\/media?parent=68077"}],"curies":[{"name":"wp","href":"https:\/\/api.w.org\/{rel}","templated":true}]}}