{"id":65443,"date":"2018-11-26T10:21:07","date_gmt":"2018-11-26T09:21:07","guid":{"rendered":"https:\/\/www.sylvie-monthule.com\/?page_id=65443\/"},"modified":"2021-04-12T14:27:50","modified_gmt":"2021-04-12T13:27:50","slug":"blog","status":"publish","type":"page","link":"https:\/\/www.sylvie-monthule.com\/de\/blog\/","title":{"rendered":"Blog"},"content":{"rendered":"<h2 style=\"text-align: center;\">Willkommen in unserem sinnlichen Blog<\/h2>\n<p class=\"romantic\" style=\"text-align: justify;\">Nehmen Sie sich die Zeit, einige freche Artikel zu lesen, um Informationen \u00fcber den Intimschmuck &#8222;made in France&#8220; von Sylvie Monthul\u00e9 zu finden. Sie werden praktische Tipps entdecken: wie man einen Brustschmuck oder einen Sexring anlegt, wie man seinen Schamschmuck ausw\u00e4hlt&#8230;? Sie werden auf dem erotischen Thema entdecken, das Sie verf\u00fchrt: die Pr\u00e4sentation des neuen Excite Clitoris Juwels, der Erfolg der Hoden Juwelen, die stimulierendsten weiblichen Juwelen&#8230; Sie werden auch sinnliche Ideen finden: um einen gl\u00fchenden Valentinstag vorzubereiten, ein Sexspielzeug Juwel zu Weihnachten anzubieten, einen Mann mit einem sexuellen Juwel zu verlieben&#8230; Unser Blog spricht zu Ihnen \u00fcber die Herstellung unserer Juwelen und unsere Leidenschaft. Viel Spa\u00df beim Lesen!<\/p>\n","protected":false},"excerpt":{"rendered":"<p>Willkommen in unserem sinnlichen Blog Nehmen Sie sich die Zeit, einige freche Artikel zu lesen, um Informationen \u00fcber den Intimschmuck &#8222;made in France&#8220; von Sylvie Monthul\u00e9 zu finden. Sie werden praktische Tipps entdecken: wie man einen Brustschmuck oder einen Sexring anlegt, wie man seinen Schamschmuck ausw\u00e4hlt&#8230;? Sie werden auf dem erotischen Thema entdecken, das Sie [&hellip;]<\/p>\n","protected":false},"author":9379,"featured_media":0,"parent":0,"menu_order":0,"comment_status":"closed","ping_status":"closed","template":"page-templates\/blog.php","meta":{"_acf_changed":false,"footnotes":""},"class_list":["post-65443","page","type-page","status-publish","hentry"],"acf":[],"_links":{"self":[{"href":"https:\/\/www.sylvie-monthule.com\/de\/wp-json\/wp\/v2\/pages\/65443","targetHints":{"allow":["GET"]}}],"collection":[{"href":"https:\/\/www.sylvie-monthule.com\/de\/wp-json\/wp\/v2\/pages"}],"about":[{"href":"https:\/\/www.sylvie-monthule.com\/de\/wp-json\/wp\/v2\/types\/page"}],"author":[{"embeddable":true,"href":"https:\/\/www.sylvie-monthule.com\/de\/wp-json\/wp\/v2\/users\/9379"}],"replies":[{"embeddable":true,"href":"https:\/\/www.sylvie-monthule.com\/de\/wp-json\/wp\/v2\/comments?post=65443"}],"version-history":[{"count":4,"href":"https:\/\/www.sylvie-monthule.com\/de\/wp-json\/wp\/v2\/pages\/65443\/revisions"}],"predecessor-version":[{"id":109237,"href":"https:\/\/www.sylvie-monthule.com\/de\/wp-json\/wp\/v2\/pages\/65443\/revisions\/109237"}],"wp:attachment":[{"href":"https:\/\/www.sylvie-monthule.com\/de\/wp-json\/wp\/v2\/media?parent=65443"}],"curies":[{"name":"wp","href":"https:\/\/api.w.org\/{rel}","templated":true}]}}