{"id":56556,"date":"2018-09-11T14:59:19","date_gmt":"2018-09-11T13:59:19","guid":{"rendered":"https:\/\/www.sylvie-monthule.com\/?page_id=56556\/"},"modified":"2021-04-12T13:28:44","modified_gmt":"2021-04-12T12:28:44","slug":"kundenfeedback","status":"publish","type":"page","link":"https:\/\/www.sylvie-monthule.com\/de\/kundenfeedback\/","title":{"rendered":"Kundenfeedback"},"content":{"rendered":"<h2 style=\"text-align: center;\">Ihre sexy Testimonials<\/h2>\n<p class=\"romantic\" style=\"text-align: justify;\">Sie m\u00f6chten uns Ihren Erfahrungsbericht \u00fcber Ihr Lieblings-Erotik-Juwel schicken? Z\u00f6gern Sie nicht! Senden Sie uns Ihre Fotos und Kommentare per E-Mail. Wir k\u00f6nnen nicht alle Testimonials ver\u00f6ffentlichen, die wir erhalten, aber wir versuchen, jeden Monat einige von ihnen zu pr\u00e4sentieren. Ihre Fotos und Texte werden v\u00f6llig anonym auf der Seite ver\u00f6ffentlicht. Ben\u00f6tigen Sie genaue Informationen, bevor Sie uns Ihr Zeugnis schicken? Kontaktieren Sie uns per E-Mail und wir werden Ihnen gerne antworten.<\/p>\n<p style=\"text-align: center;\">\n","protected":false},"excerpt":{"rendered":"<p>Ihre sexy Testimonials Sie m\u00f6chten uns Ihren Erfahrungsbericht \u00fcber Ihr Lieblings-Erotik-Juwel schicken? Z\u00f6gern Sie nicht! Senden Sie uns Ihre Fotos und Kommentare per E-Mail. Wir k\u00f6nnen nicht alle Testimonials ver\u00f6ffentlichen, die wir erhalten, aber wir versuchen, jeden Monat einige von ihnen zu pr\u00e4sentieren. Ihre Fotos und Texte werden v\u00f6llig anonym auf der Seite ver\u00f6ffentlicht. Ben\u00f6tigen [&hellip;]<\/p>\n","protected":false},"author":9379,"featured_media":0,"parent":0,"menu_order":0,"comment_status":"closed","ping_status":"closed","template":"page-templates\/temoignages.php","meta":{"_acf_changed":false,"footnotes":""},"class_list":["post-56556","page","type-page","status-publish","hentry"],"acf":[],"_links":{"self":[{"href":"https:\/\/www.sylvie-monthule.com\/de\/wp-json\/wp\/v2\/pages\/56556","targetHints":{"allow":["GET"]}}],"collection":[{"href":"https:\/\/www.sylvie-monthule.com\/de\/wp-json\/wp\/v2\/pages"}],"about":[{"href":"https:\/\/www.sylvie-monthule.com\/de\/wp-json\/wp\/v2\/types\/page"}],"author":[{"embeddable":true,"href":"https:\/\/www.sylvie-monthule.com\/de\/wp-json\/wp\/v2\/users\/9379"}],"replies":[{"embeddable":true,"href":"https:\/\/www.sylvie-monthule.com\/de\/wp-json\/wp\/v2\/comments?post=56556"}],"version-history":[{"count":5,"href":"https:\/\/www.sylvie-monthule.com\/de\/wp-json\/wp\/v2\/pages\/56556\/revisions"}],"predecessor-version":[{"id":109207,"href":"https:\/\/www.sylvie-monthule.com\/de\/wp-json\/wp\/v2\/pages\/56556\/revisions\/109207"}],"wp:attachment":[{"href":"https:\/\/www.sylvie-monthule.com\/de\/wp-json\/wp\/v2\/media?parent=56556"}],"curies":[{"name":"wp","href":"https:\/\/api.w.org\/{rel}","templated":true}]}}