{"id":56555,"date":"2018-09-11T14:59:12","date_gmt":"2018-09-11T13:59:12","guid":{"rendered":"https:\/\/www.sylvie-monthule.com\/?page_id=56555\/"},"modified":"2023-07-07T08:39:28","modified_gmt":"2023-07-07T07:39:28","slug":"show-room","status":"publish","type":"page","link":"https:\/\/www.sylvie-monthule.com\/de\/show-room\/","title":{"rendered":"Showroom"},"content":{"rendered":"<h2 class=\"romantic\" style=\"text-align: center;\">Showroom.<\/h2>\n<p style=\"text-align: center;\"><strong>Nach dem Umzug unserer Gesch\u00e4ftsr\u00e4ume, <\/strong><br \/>\n<strong>sind wir vor\u00fcbergehend ohne Showroom.<\/strong><br \/>\n<span style=\"color: #ff00ff;\"><strong>Sie k\u00f6nnen jedoch per Telefon oder E-Mail einen Termin vereinbaren,<\/strong><\/span><br \/>\n<span style=\"color: #ff00ff;\"><strong>um unseren Schmuck zu sehen oder Ihre Bestellung abzuholen<\/strong><\/span><br \/>\n<span style=\"color: #ff00ff;\"><strong>in unserem Atelier abholen.<\/strong><\/span><\/p>\n<p style=\"text-align: center;\"><strong>Wir freuen uns auf Ihren Besuch.<\/strong><br \/>\n<strong>Sylvie Monthul\u00e9 und ihr Team<\/strong><\/p>\n<p style=\"text-align: center;\">\n<p style=\"text-align: center;\"><img loading=\"lazy\" decoding=\"async\" class=\"alignnone wp-image-25389 cadre\" src=\"https:\/\/www.sylvie-monthule.com\/wp-content\/uploads\/2015\/03\/show-room-sylvie-monthule.jpg\" alt=\"show room sylvie monthule\" width=\"328\" height=\"416\" srcset=\"https:\/\/www.sylvie-monthule.com\/wp-content\/uploads\/2015\/03\/show-room-sylvie-monthule.jpg 1772w, https:\/\/www.sylvie-monthule.com\/wp-content\/uploads\/2015\/03\/show-room-sylvie-monthule-237x300.jpg 237w, https:\/\/www.sylvie-monthule.com\/wp-content\/uploads\/2015\/03\/show-room-sylvie-monthule-768x973.jpg 768w, https:\/\/www.sylvie-monthule.com\/wp-content\/uploads\/2015\/03\/show-room-sylvie-monthule-809x1024.jpg 809w\" sizes=\"auto, (max-width: 328px) 100vw, 328px\" \/><\/p>\n<p style=\"text-align: center;\"><strong><img loading=\"lazy\" decoding=\"async\" class=\"alignnone wp-image-27728 size-thumbnail rotate_m5 cadre\" src=\"https:\/\/www.sylvie-monthule.com\/wp-content\/uploads\/2015\/11\/STH913-A-string-etui-penis-or-150x150.jpg\" alt=\"STH913-A-string-etui-penis-or\" width=\"150\" height=\"150\" srcset=\"https:\/\/www.sylvie-monthule.com\/wp-content\/uploads\/2015\/11\/STH913-A-string-etui-penis-or-150x150.jpg 150w, https:\/\/www.sylvie-monthule.com\/wp-content\/uploads\/2015\/11\/STH913-A-string-etui-penis-or-300x300.jpg 300w, https:\/\/www.sylvie-monthule.com\/wp-content\/uploads\/2015\/11\/STH913-A-string-etui-penis-or-768x768.jpg 768w, https:\/\/www.sylvie-monthule.com\/wp-content\/uploads\/2015\/11\/STH913-A-string-etui-penis-or-1024x1024.jpg 1024w, https:\/\/www.sylvie-monthule.com\/wp-content\/uploads\/2015\/11\/STH913-A-string-etui-penis-or-180x180.jpg 180w, https:\/\/www.sylvie-monthule.com\/wp-content\/uploads\/2015\/11\/STH913-A-string-etui-penis-or-600x600.jpg 600w, https:\/\/www.sylvie-monthule.com\/wp-content\/uploads\/2015\/11\/STH913-A-string-etui-penis-or.jpg 1800w\" sizes=\"auto, (max-width: 150px) 100vw, 150px\" \/><img loading=\"lazy\" decoding=\"async\" class=\"alignnone wp-image-27500 size-thumbnail rotate_p5 cadre\" src=\"https:\/\/www.sylvie-monthule.com\/wp-content\/uploads\/2015\/11\/ST152-A-string-cygne-caresse-de-jour-or-150x150.jpg\" alt=\"ST152-A-string-cygne-caresse-de-jour-or\" width=\"150\" height=\"150\" srcset=\"https:\/\/www.sylvie-monthule.com\/wp-content\/uploads\/2015\/11\/ST152-A-string-cygne-caresse-de-jour-or-150x150.jpg 150w, https:\/\/www.sylvie-monthule.com\/wp-content\/uploads\/2015\/11\/ST152-A-string-cygne-caresse-de-jour-or-300x300.jpg 300w, https:\/\/www.sylvie-monthule.com\/wp-content\/uploads\/2015\/11\/ST152-A-string-cygne-caresse-de-jour-or-768x768.jpg 768w, https:\/\/www.sylvie-monthule.com\/wp-content\/uploads\/2015\/11\/ST152-A-string-cygne-caresse-de-jour-or-1024x1024.jpg 1024w, https:\/\/www.sylvie-monthule.com\/wp-content\/uploads\/2015\/11\/ST152-A-string-cygne-caresse-de-jour-or-180x180.jpg 180w, https:\/\/www.sylvie-monthule.com\/wp-content\/uploads\/2015\/11\/ST152-A-string-cygne-caresse-de-jour-or-600x600.jpg 600w, https:\/\/www.sylvie-monthule.com\/wp-content\/uploads\/2015\/11\/ST152-A-string-cygne-caresse-de-jour-or.jpg 1800w\" sizes=\"auto, (max-width: 150px) 100vw, 150px\" \/><\/strong><\/p>\n<p style=\"text-align: center;\"><span style=\"color: #ff00ff;\"><strong>\u00a0<\/strong><\/span><\/p>\n<p style=\"text-align: center;\"><span style=\"color: #ff00ff;\">Adresse :<\/span><br \/>\n269 avenue du G\u00e9n\u00e9ral de Gaulle<br \/>\n94500 Champigny sur marne &#8211;\u00a0 Frankreich<br \/>\nTelefon :\u00a0 \u00a000 33 1 48 82 44 46<br \/>\n<strong><a href=\"mailto:contact@sylvie-monthule.com\" target=\"_blank\" rel=\"noopener noreferrer\">contact@sylvie-monthule.com<\/a><\/strong><\/p>\n<p>&nbsp;<\/p>\n<p style=\"text-align: center;\">\n","protected":false},"excerpt":{"rendered":"<p>Showroom. Nach dem Umzug unserer Gesch\u00e4ftsr\u00e4ume, sind wir vor\u00fcbergehend ohne Showroom. Sie k\u00f6nnen jedoch per Telefon oder E-Mail einen Termin vereinbaren, um unseren Schmuck zu sehen oder Ihre Bestellung abzuholen in unserem Atelier abholen. Wir freuen uns auf Ihren Besuch. Sylvie Monthul\u00e9 und ihr Team \u00a0 Adresse : 269 avenue du G\u00e9n\u00e9ral de Gaulle 94500 [&hellip;]<\/p>\n","protected":false},"author":9379,"featured_media":0,"parent":0,"menu_order":0,"comment_status":"closed","ping_status":"closed","template":"","meta":{"_acf_changed":false,"footnotes":""},"class_list":["post-56555","page","type-page","status-publish","hentry"],"acf":[],"_links":{"self":[{"href":"https:\/\/www.sylvie-monthule.com\/de\/wp-json\/wp\/v2\/pages\/56555","targetHints":{"allow":["GET"]}}],"collection":[{"href":"https:\/\/www.sylvie-monthule.com\/de\/wp-json\/wp\/v2\/pages"}],"about":[{"href":"https:\/\/www.sylvie-monthule.com\/de\/wp-json\/wp\/v2\/types\/page"}],"author":[{"embeddable":true,"href":"https:\/\/www.sylvie-monthule.com\/de\/wp-json\/wp\/v2\/users\/9379"}],"replies":[{"embeddable":true,"href":"https:\/\/www.sylvie-monthule.com\/de\/wp-json\/wp\/v2\/comments?post=56555"}],"version-history":[{"count":7,"href":"https:\/\/www.sylvie-monthule.com\/de\/wp-json\/wp\/v2\/pages\/56555\/revisions"}],"predecessor-version":[{"id":133746,"href":"https:\/\/www.sylvie-monthule.com\/de\/wp-json\/wp\/v2\/pages\/56555\/revisions\/133746"}],"wp:attachment":[{"href":"https:\/\/www.sylvie-monthule.com\/de\/wp-json\/wp\/v2\/media?parent=56555"}],"curies":[{"name":"wp","href":"https:\/\/api.w.org\/{rel}","templated":true}]}}