{"id":56551,"date":"2018-09-11T14:58:40","date_gmt":"2018-09-11T13:58:40","guid":{"rendered":"https:\/\/www.sylvie-monthule.com\/?page_id=56551\/"},"modified":"2024-08-26T07:34:51","modified_gmt":"2024-08-26T06:34:51","slug":"sichere-bezahlung","status":"publish","type":"page","link":"https:\/\/www.sylvie-monthule.com\/de\/sichere-bezahlung\/","title":{"rendered":"Sichere Bezahlung"},"content":{"rendered":"<p><img loading=\"lazy\" decoding=\"async\" class=\" size-full wp-image-62260 alignright\" src=\"https:\/\/www.sylvie-monthule.com\/wp-content\/uploads\/2015\/03\/illustration_paiement.jpg\" alt=\"illustration_paiement\" width=\"200\" height=\"135\" \/><\/p>\n<h2><span style=\"color: #ff00ff;\">Zahlung mit KreditKarte.<\/span><\/h2>\n<p><img loading=\"lazy\" decoding=\"async\" class=\" wp-image-133384 alignright\" src=\"https:\/\/www.sylvie-monthule.com\/wp-content\/uploads\/2023\/06\/logo-visa-mastercar-amex-300x63.png\" alt=\"\" width=\"200\" height=\"42\" srcset=\"https:\/\/www.sylvie-monthule.com\/wp-content\/uploads\/2023\/06\/logo-visa-mastercar-amex-300x63.png 300w, https:\/\/www.sylvie-monthule.com\/wp-content\/uploads\/2023\/06\/logo-visa-mastercar-amex-1024x215.png 1024w, https:\/\/www.sylvie-monthule.com\/wp-content\/uploads\/2023\/06\/logo-visa-mastercar-amex-768x162.png 768w, https:\/\/www.sylvie-monthule.com\/wp-content\/uploads\/2023\/06\/logo-visa-mastercar-amex-600x126.png 600w, https:\/\/www.sylvie-monthule.com\/wp-content\/uploads\/2023\/06\/logo-visa-mastercar-amex.png 1236w\" sizes=\"auto, (max-width: 200px) 100vw, 200px\" \/><\/p>\n<p><strong>Ihre Zahlungen sind vollst\u00e4ndig gesichert<\/strong> :<br \/>\n<strong>durch die Bank &#8220; Soci\u00e9t\u00e9 G\u00e9n\u00e9rale&#8220;<\/strong><\/p>\n<p>Wir haben uns f\u00fcr die Bank &#8222;Soci\u00e9t\u00e9 G\u00e9n\u00e9rale&#8220;\u00a0 entschieden,<br \/>\ngew\u00e4hlt, um Ihre Bankdaten zu sichern. Ihre Bankdaten werden vollst\u00e4ndig<br \/>\nverschl\u00fcsselt und unser Unternehmen hat keinen Zugriff darauf.<\/p>\n<p><strong>Das Authentifizierungssystem &#8222;3D Secure&#8220;<\/strong> garantiert Ihnen maximale Zahlungssicherheit,<br \/>\nindem es Ihnen einen Code per SMS sendet, um sicherzustellen, dass Sie es sind,<br \/>\nder einen Kauf auf unserer Website t\u00e4tigt. Sie erhalten dann automatisch eine E-Mail,<br \/>\ndie Ihnen die Annahme Ihrer Zahlung best\u00e4tigt.<\/p>\n<p>Bestellungen, die per Kreditkarte get\u00e4tigt werden,<br \/>\nwerden am selben oder am n\u00e4chsten Tag nach ihrem Eingang bearbeitet und versendet.<\/p>\n<p>&nbsp;<\/p>\n<h2><span style=\"color: #ff00ff;\">Bei Zahlung per \u00dcberweisung.<\/span><\/h2>\n<p>Sobald wir Ihre Bestellung erhalten, senden wir Ihnen eine E-Mail mit dem Betrag<br \/>\nIhrer Bestellung und unseren Bankdaten. Bestellungen, die per Bank\u00fcberweisung get\u00e4tigt werden,<br \/>\nwerden am Tag des Zahlungseingangs versandt.<\/p>\n","protected":false},"excerpt":{"rendered":"<p>Zahlung mit KreditKarte. Ihre Zahlungen sind vollst\u00e4ndig gesichert : durch die Bank &#8220; Soci\u00e9t\u00e9 G\u00e9n\u00e9rale&#8220; Wir haben uns f\u00fcr die Bank &#8222;Soci\u00e9t\u00e9 G\u00e9n\u00e9rale&#8220;\u00a0 entschieden, gew\u00e4hlt, um Ihre Bankdaten zu sichern. Ihre Bankdaten werden vollst\u00e4ndig verschl\u00fcsselt und unser Unternehmen hat keinen Zugriff darauf. Das Authentifizierungssystem &#8222;3D Secure&#8220; garantiert Ihnen maximale Zahlungssicherheit, indem es Ihnen einen Code [&hellip;]<\/p>\n","protected":false},"author":9379,"featured_media":0,"parent":0,"menu_order":0,"comment_status":"closed","ping_status":"closed","template":"","meta":{"_acf_changed":false,"footnotes":""},"class_list":["post-56551","page","type-page","status-publish","hentry"],"acf":[],"_links":{"self":[{"href":"https:\/\/www.sylvie-monthule.com\/de\/wp-json\/wp\/v2\/pages\/56551","targetHints":{"allow":["GET"]}}],"collection":[{"href":"https:\/\/www.sylvie-monthule.com\/de\/wp-json\/wp\/v2\/pages"}],"about":[{"href":"https:\/\/www.sylvie-monthule.com\/de\/wp-json\/wp\/v2\/types\/page"}],"author":[{"embeddable":true,"href":"https:\/\/www.sylvie-monthule.com\/de\/wp-json\/wp\/v2\/users\/9379"}],"replies":[{"embeddable":true,"href":"https:\/\/www.sylvie-monthule.com\/de\/wp-json\/wp\/v2\/comments?post=56551"}],"version-history":[{"count":13,"href":"https:\/\/www.sylvie-monthule.com\/de\/wp-json\/wp\/v2\/pages\/56551\/revisions"}],"predecessor-version":[{"id":141171,"href":"https:\/\/www.sylvie-monthule.com\/de\/wp-json\/wp\/v2\/pages\/56551\/revisions\/141171"}],"wp:attachment":[{"href":"https:\/\/www.sylvie-monthule.com\/de\/wp-json\/wp\/v2\/media?parent=56551"}],"curies":[{"name":"wp","href":"https:\/\/api.w.org\/{rel}","templated":true}]}}