{"id":56549,"date":"2018-09-11T14:57:57","date_gmt":"2018-09-11T13:57:57","guid":{"rendered":"https:\/\/www.sylvie-monthule.com\/?page_id=56549\/"},"modified":"2025-11-05T09:52:39","modified_gmt":"2025-11-05T08:52:39","slug":"schnelle-und-diskrete-lieferung","status":"publish","type":"page","link":"https:\/\/www.sylvie-monthule.com\/de\/schnelle-und-diskrete-lieferung\/","title":{"rendered":"Schnelle und diskrete Lieferung"},"content":{"rendered":"<p style=\"text-align: left;\"><span style=\"color: #ff00ff;\"><strong>Au\u00dfer w\u00e4hrend der auf unserer Website angegebenen Feiertage (Sommerferien und Winterwoche) werden Ihre Bestellungen innerhalb von 24 bis 48 Stunden bearbeitet und weltweit versandt.<\/strong><\/span><\/p>\n<p style=\"text-align: left;\"><strong><br \/>\nDISKRETER VERSAND<br \/>\n<\/strong>-Auf den Sendungen mit Schmuckst\u00fccken sind weder erotische Hinweise noch Hinweise auf Schmuckst\u00fccke zu finden.<br \/>\n-Auf den Sendungen mit Zeichnungen oder Gem\u00e4lden (Originale oder Drucke) sind weder erotische Hinweise noch Hinweise auf Kunstwerke zu finden.<br \/>\nDies dient der Sicherheit der Sendungen und dem Schutz Ihrer Privatsph\u00e4re.<\/p>\n<p><strong>VERPACKUNGEN<br \/>\n<\/strong>-Im Inneren des Pakets sind Ihre Schmuckst\u00fccke sorgf\u00e4ltig in h\u00fcbschen schwarzen Samttaschen verpackt. Diese Etuis sind raffinierte und elegante Geschenkverpackungen, die sofort verschenkt werden k\u00f6nnen.<br \/>\n-Die Zeichnungen und Gem\u00e4lde (Drucke und Originale) werden sorgf\u00e4ltig verpackt und gesch\u00fctzt und in stabilen Paketen zusammen mit ihrem Echtheitszertifikat geliefert.<\/p>\n<h3 style=\"text-align: left;\"><span style=\"color: #ff00ff;\"><u><br \/>\n1\/ Lieferung nach Frankreich und der Schweiz :\u00a0<\/u><\/span><\/h3>\n<p style=\"text-align: left;\"><strong>Sie k\u00f6nnen den Verbleib Ihrer Bestellung im Internet \u00fcber die Tracking-Nummer verfolgen.<\/strong><br \/>\nColissimo Frankreich (Tag+2)<br \/>\nColissimo Schweiz (7 Tage)<br \/>\nDHL Express (24 Stunden)<\/p>\n<p style=\"text-align: left;\"><img loading=\"lazy\" decoding=\"async\" class=\"alignnone wp-image-45600\" src=\"https:\/\/www.sylvie-monthule.com\/wp-content\/uploads\/2017\/12\/colissimo-300x77.png\" alt=\"\" width=\"150\" height=\"38\" srcset=\"https:\/\/www.sylvie-monthule.com\/wp-content\/uploads\/2017\/12\/colissimo-300x77.png 300w, https:\/\/www.sylvie-monthule.com\/wp-content\/uploads\/2017\/12\/colissimo.png 430w\" sizes=\"auto, (max-width: 150px) 100vw, 150px\" \/><\/p>\n<p><img loading=\"lazy\" decoding=\"async\" class=\"alignnone wp-image-112167\" src=\"https:\/\/www.sylvie-monthule.com\/wp-content\/uploads\/2021\/06\/logo-dhl.jpg\" alt=\"logo-dhl-expedition-express-bijou\" width=\"95\" height=\"55\" srcset=\"https:\/\/www.sylvie-monthule.com\/wp-content\/uploads\/2021\/06\/logo-dhl.jpg 1851w, https:\/\/www.sylvie-monthule.com\/wp-content\/uploads\/2021\/06\/logo-dhl-300x173.jpg 300w, https:\/\/www.sylvie-monthule.com\/wp-content\/uploads\/2021\/06\/logo-dhl-768x442.jpg 768w, https:\/\/www.sylvie-monthule.com\/wp-content\/uploads\/2021\/06\/logo-dhl-1024x590.jpg 1024w\" sizes=\"auto, (max-width: 95px) 100vw, 95px\" \/><\/p>\n<p>&nbsp;<\/p>\n<h3 style=\"text-align: left;\"><span style=\"color: #ff00ff;\"><u>2\/ Lieferung in Europa<\/u>:<\/span><\/h3>\n<p style=\"text-align: left;\"><strong>Sie k\u00f6nnen den Verbleib Ihrer Bestellung im Internet \u00fcber die Tracking-Nummer verfolgen.<\/strong><br \/>\nLieferung per Express oder Sparversand mit DHL<br \/>\nDie Lieferung variiert je nach Land und Zielort. Zwischen 24h und 72h<\/p>\n<p style=\"text-align: left;\">\u00a0<img loading=\"lazy\" decoding=\"async\" class=\"alignnone wp-image-112167\" src=\"https:\/\/www.sylvie-monthule.com\/wp-content\/uploads\/2021\/06\/logo-dhl.jpg\" alt=\"logo-dhl-expedition-express-bijou\" width=\"95\" height=\"55\" srcset=\"https:\/\/www.sylvie-monthule.com\/wp-content\/uploads\/2021\/06\/logo-dhl.jpg 1851w, https:\/\/www.sylvie-monthule.com\/wp-content\/uploads\/2021\/06\/logo-dhl-300x173.jpg 300w, https:\/\/www.sylvie-monthule.com\/wp-content\/uploads\/2021\/06\/logo-dhl-768x442.jpg 768w, https:\/\/www.sylvie-monthule.com\/wp-content\/uploads\/2021\/06\/logo-dhl-1024x590.jpg 1024w\" sizes=\"auto, (max-width: 95px) 100vw, 95px\" \/><\/p>\n<p>&nbsp;<\/p>\n<h3 style=\"text-align: left;\"><span style=\"color: #ff00ff;\"><span style=\"text-decoration: underline;\">3\/ Lieferung auberhalb Europas<\/span>\u00a0:<\/span><\/h3>\n<p style=\"text-align: left;\"><strong>Sie k\u00f6nnen den Verbleib Ihrer Bestellung im Internet \u00fcber die Tracking-Nummer verfolgen.<\/strong><br \/>\nLieferung per Express oder Sparversand mit DHL<br \/>\nDie Lieferung variiert je nach Land und Zielort. Zwischen 24h und 72h<\/p>\n<p>\u00a0<img loading=\"lazy\" decoding=\"async\" class=\"alignnone wp-image-112167\" src=\"https:\/\/www.sylvie-monthule.com\/wp-content\/uploads\/2021\/06\/logo-dhl.jpg\" alt=\"logo-dhl-expedition-express-bijou\" width=\"95\" height=\"55\" srcset=\"https:\/\/www.sylvie-monthule.com\/wp-content\/uploads\/2021\/06\/logo-dhl.jpg 1851w, https:\/\/www.sylvie-monthule.com\/wp-content\/uploads\/2021\/06\/logo-dhl-300x173.jpg 300w, https:\/\/www.sylvie-monthule.com\/wp-content\/uploads\/2021\/06\/logo-dhl-768x442.jpg 768w, https:\/\/www.sylvie-monthule.com\/wp-content\/uploads\/2021\/06\/logo-dhl-1024x590.jpg 1024w\" sizes=\"auto, (max-width: 95px) 100vw, 95px\" \/><\/p>\n<p>&nbsp;<\/p>\n<h2><span style=\"color: #ff00ff;\">Ihre daten und informationen bleiben vertraulich<\/span><\/h2>\n<p>Sie werden unter keinen Umst\u00e4nden an andere Unternehmen oder Privatpersonen weitergegeben. Dies ist eine der Verpflichtungen von Sylvie Monthul\u00e9. Sie erhalten keine gedruckten Kataloge oder Werbematerialien per Post, es sei denn, Sie haben dies schriftlich per Post oder E-Mail angefordert<\/p>\n<p>&nbsp;<\/p>\n<p>&nbsp;<\/p>\n<p>&nbsp;<\/p>\n<p><span style=\"color: #000000;\"><strong>\u00a0<\/strong><\/span><\/p>\n<p>&nbsp;<\/p>\n<p>&nbsp;<\/p>\n<p>&nbsp;<\/p>\n","protected":false},"excerpt":{"rendered":"<p>Au\u00dfer w\u00e4hrend der auf unserer Website angegebenen Feiertage (Sommerferien und Winterwoche) werden Ihre Bestellungen innerhalb von 24 bis 48 Stunden bearbeitet und weltweit versandt. DISKRETER VERSAND -Auf den Sendungen mit Schmuckst\u00fccken sind weder erotische Hinweise noch Hinweise auf Schmuckst\u00fccke zu finden. -Auf den Sendungen mit Zeichnungen oder Gem\u00e4lden (Originale oder Drucke) sind weder erotische Hinweise [&hellip;]<\/p>\n","protected":false},"author":9379,"featured_media":0,"parent":0,"menu_order":0,"comment_status":"closed","ping_status":"closed","template":"","meta":{"_acf_changed":false,"footnotes":""},"class_list":["post-56549","page","type-page","status-publish","hentry"],"acf":[],"_links":{"self":[{"href":"https:\/\/www.sylvie-monthule.com\/de\/wp-json\/wp\/v2\/pages\/56549","targetHints":{"allow":["GET"]}}],"collection":[{"href":"https:\/\/www.sylvie-monthule.com\/de\/wp-json\/wp\/v2\/pages"}],"about":[{"href":"https:\/\/www.sylvie-monthule.com\/de\/wp-json\/wp\/v2\/types\/page"}],"author":[{"embeddable":true,"href":"https:\/\/www.sylvie-monthule.com\/de\/wp-json\/wp\/v2\/users\/9379"}],"replies":[{"embeddable":true,"href":"https:\/\/www.sylvie-monthule.com\/de\/wp-json\/wp\/v2\/comments?post=56549"}],"version-history":[{"count":34,"href":"https:\/\/www.sylvie-monthule.com\/de\/wp-json\/wp\/v2\/pages\/56549\/revisions"}],"predecessor-version":[{"id":148504,"href":"https:\/\/www.sylvie-monthule.com\/de\/wp-json\/wp\/v2\/pages\/56549\/revisions\/148504"}],"wp:attachment":[{"href":"https:\/\/www.sylvie-monthule.com\/de\/wp-json\/wp\/v2\/media?parent=56549"}],"curies":[{"name":"wp","href":"https:\/\/api.w.org\/{rel}","templated":true}]}}