{"id":56545,"date":"2018-09-11T14:57:20","date_gmt":"2018-09-11T13:57:20","guid":{"rendered":"https:\/\/www.sylvie-monthule.com\/?page_id=56545\/"},"modified":"2025-04-30T10:13:51","modified_gmt":"2025-04-30T09:13:51","slug":"kuenstlerin","status":"publish","type":"page","link":"https:\/\/www.sylvie-monthule.com\/de\/kuenstlerin\/","title":{"rendered":"K\u00fcnstlerin"},"content":{"rendered":"<div id=\"sm-banner-block_5e23970ff1282f7d1080b6fd338c38e2\" class=\"block-banner text-left text-bg\" style=\"padding-top:36%; background-image:url('https:\/\/www.sylvie-monthule.com\/wp-content\/uploads\/2022\/03\/13-banniere-cr\u00e9atrice-bijoux-intimes-made-in-france.jpg');\">\n    <div>\n                    <p class=\"text\">\n                Sylvie Monthul\u00e9 Designer von intimen Juwelen            <\/p>\n            <\/div>\n<\/div>\n\n\n\n\n<h2 class=\"wp-block-heading has-text-align-center\">30 Jahre erotische Kreationen !<\/h2>\n\n\n\n<p>30 Jahre Zeichnungen, Ideen, Tr\u00e4ume, W\u00fcnsche, f\u00fcr Juwelen des Vergn\u00fcgens. Sylvie Monthul\u00e9, Designerin von Intimschmuck, Handwerkerin des Vergn\u00fcgens&#8230; Stellen Sie sich ein Juwel vor, von Anfang bis Ende&#8230; die erste Skizze, dann die Details, die Kurven&#8230; Gib ihm Leben, forme es, gl\u00e4tte es&#8230; bis der K\u00f6rper alle Geheimnisse entdeckt. <a href=\"https:\/\/www.sylvie-monthule.com\/de\/einige-skizzen-fuer-neuen-intimschmuck\/\">Entdecken Sie die Skizzen der neuesten Kollektion<\/a><\/p>\n\n\n<div class=\"wp-block-image is-resized\">\n<figure class=\"aligncenter\"><img loading=\"lazy\" decoding=\"async\" width=\"1536\" height=\"2000\" src=\"https:\/\/www.sylvie-monthule.com\/wp-content\/uploads\/2021\/04\/dessin-bijou-erotique-sylvie-monthule-2.jpg\" alt=\"kunstlerin-schmuck-string-sexy-frau\" class=\"wp-image-109568\" srcset=\"https:\/\/www.sylvie-monthule.com\/wp-content\/uploads\/2021\/04\/dessin-bijou-erotique-sylvie-monthule-2.jpg 1536w, https:\/\/www.sylvie-monthule.com\/wp-content\/uploads\/2021\/04\/dessin-bijou-erotique-sylvie-monthule-2-230x300.jpg 230w, https:\/\/www.sylvie-monthule.com\/wp-content\/uploads\/2021\/04\/dessin-bijou-erotique-sylvie-monthule-2-768x1000.jpg 768w, https:\/\/www.sylvie-monthule.com\/wp-content\/uploads\/2021\/04\/dessin-bijou-erotique-sylvie-monthule-2-786x1024.jpg 786w\" sizes=\"auto, (max-width: 1536px) 100vw, 1536px\" \/><\/figure><\/div>\n\n<div class=\"wp-block-image is-resized\">\n<figure class=\"aligncenter\"><img loading=\"lazy\" decoding=\"async\" width=\"1536\" height=\"2000\" src=\"https:\/\/www.sylvie-monthule.com\/wp-content\/uploads\/2021\/04\/dessin-bijou-erotique-sylvie-monthule-3.jpg\" alt=\"sexy-tanga-frau-design-syvie-monthule\" class=\"wp-image-109572\" srcset=\"https:\/\/www.sylvie-monthule.com\/wp-content\/uploads\/2021\/04\/dessin-bijou-erotique-sylvie-monthule-3.jpg 1536w, https:\/\/www.sylvie-monthule.com\/wp-content\/uploads\/2021\/04\/dessin-bijou-erotique-sylvie-monthule-3-230x300.jpg 230w, https:\/\/www.sylvie-monthule.com\/wp-content\/uploads\/2021\/04\/dessin-bijou-erotique-sylvie-monthule-3-768x1000.jpg 768w, https:\/\/www.sylvie-monthule.com\/wp-content\/uploads\/2021\/04\/dessin-bijou-erotique-sylvie-monthule-3-786x1024.jpg 786w\" sizes=\"auto, (max-width: 1536px) 100vw, 1536px\" \/><\/figure><\/div>\n\n<div class=\"wp-block-image is-resized\">\n<figure class=\"aligncenter\"><img loading=\"lazy\" decoding=\"async\" width=\"1536\" height=\"2000\" src=\"https:\/\/www.sylvie-monthule.com\/wp-content\/uploads\/2021\/04\/drawing-intimate-gem-4-sylvie-monthule.jpg\" alt=\"penis-schmuck-design-frankreich\" class=\"wp-image-109576\" srcset=\"https:\/\/www.sylvie-monthule.com\/wp-content\/uploads\/2021\/04\/drawing-intimate-gem-4-sylvie-monthule.jpg 1536w, https:\/\/www.sylvie-monthule.com\/wp-content\/uploads\/2021\/04\/drawing-intimate-gem-4-sylvie-monthule-230x300.jpg 230w, https:\/\/www.sylvie-monthule.com\/wp-content\/uploads\/2021\/04\/drawing-intimate-gem-4-sylvie-monthule-768x1000.jpg 768w, https:\/\/www.sylvie-monthule.com\/wp-content\/uploads\/2021\/04\/drawing-intimate-gem-4-sylvie-monthule-786x1024.jpg 786w\" sizes=\"auto, (max-width: 1536px) 100vw, 1536px\" \/><\/figure><\/div>\n\n<div class=\"wp-block-image is-resized\">\n<figure class=\"aligncenter\"><img loading=\"lazy\" decoding=\"async\" width=\"1536\" height=\"2000\" src=\"https:\/\/www.sylvie-monthule.com\/wp-content\/uploads\/2021\/04\/sketch-body-jewelry-5-sylvie-monthule.jpg\" alt=\"kreation-schmuckstring-sexy-frau\" class=\"wp-image-109584\" srcset=\"https:\/\/www.sylvie-monthule.com\/wp-content\/uploads\/2021\/04\/sketch-body-jewelry-5-sylvie-monthule.jpg 1536w, https:\/\/www.sylvie-monthule.com\/wp-content\/uploads\/2021\/04\/sketch-body-jewelry-5-sylvie-monthule-230x300.jpg 230w, https:\/\/www.sylvie-monthule.com\/wp-content\/uploads\/2021\/04\/sketch-body-jewelry-5-sylvie-monthule-768x1000.jpg 768w, https:\/\/www.sylvie-monthule.com\/wp-content\/uploads\/2021\/04\/sketch-body-jewelry-5-sylvie-monthule-786x1024.jpg 786w\" sizes=\"auto, (max-width: 1536px) 100vw, 1536px\" \/><\/figure><\/div>\n\n<div class=\"wp-block-image is-resized\">\n<figure class=\"aligncenter\"><img loading=\"lazy\" decoding=\"async\" width=\"1536\" height=\"2000\" src=\"https:\/\/www.sylvie-monthule.com\/wp-content\/uploads\/2021\/04\/Zeichnung-Juwel-Sex-6-sylvie-monthule.jpg\" alt=\"kollektion-intimem-schmuck-von-sylvie-monthule\" class=\"wp-image-109588\" srcset=\"https:\/\/www.sylvie-monthule.com\/wp-content\/uploads\/2021\/04\/Zeichnung-Juwel-Sex-6-sylvie-monthule.jpg 1536w, https:\/\/www.sylvie-monthule.com\/wp-content\/uploads\/2021\/04\/Zeichnung-Juwel-Sex-6-sylvie-monthule-230x300.jpg 230w, https:\/\/www.sylvie-monthule.com\/wp-content\/uploads\/2021\/04\/Zeichnung-Juwel-Sex-6-sylvie-monthule-768x1000.jpg 768w, https:\/\/www.sylvie-monthule.com\/wp-content\/uploads\/2021\/04\/Zeichnung-Juwel-Sex-6-sylvie-monthule-786x1024.jpg 786w\" sizes=\"auto, (max-width: 1536px) 100vw, 1536px\" \/><\/figure><\/div>\n\n\n<p><strong><\/strong><\/p>\n\n\n\n<h2 class=\"wp-block-heading has-text-align-center\">30 Jahre Erotische Kunst !<\/h2>\n\n\n\n<p>Erotik, Vergn\u00fcgen, sind wie eine Philosophie, eine Art zu denken und zu leben. Ein intimes Juwel muss ein bisschen wie ein erotisches Buch sein : Es muss uns an einen anderen Ort bringen, eine Geschichte erz\u00e4hlen, dem K\u00f6rper und der Seele Gutes tun. Wenn ich mir ein neues erotisches Jewel ersinne, m\u00f6chte ich, dass es einzigartig ist, dass es eine Geschichte erz\u00e4hlt, dass wir es ber\u00fchren, bewundern and tragen wollen&#8230; um alle Freuden zu entdecken jede Nuancen des Vergn\u00fcgens ! Ich m\u00f6chte keine, seelenlose St\u00fccke, Massenware einzig um des Profits wegen &#8222;produzieren&#8220;. Das interessiert mich nicht ! Der K\u00f6rper ist ein wundervolles Werkzeug, das wir manchmal vergessen zu streicheln, zu lieben&#8230; der geh\u00f6rt, \u00fcberrascht, umworben and provoziert werden muss ! Ein Juwel f\u00fcr den K\u00f6rper oder f\u00fcr das Geschletchtes, das liebevoll, von dem, den wir lieben oder von uns selbst ausgesucht wurde&#8230; \u00f6ffnet die T\u00fcr unserer Vorstellungskraft, entz\u00fcndet unsere W\u00fcnsche, unsere Fantasien und unsere erotischen Tr\u00e4ume&#8230; und l\u00e4dt uns dazu ein, sich diesem zu \u00fcberlassen Warum wurde es geschaffen : f\u00fcr den Rausch des Vergn\u00fcgens !<\/p>\n\n\n\n<h2 class=\"wp-block-heading has-text-align-center\">Die Marke Sylvie Monthul\u00e9, franz\u00f6sisches <br>Know-how und Leidenschaft !<\/h2>\n\n\n\n<p>Sylvie Monthul\u00e9 entwirft und zeichnet jedes Juwel selbst. Ein Modell wird dann von ihrem Team in inren Werkst\u00e4tten angefertig. In Metall oder Wachs wird dieses kostbare Modell, in dem Stunden der Arbeit und der Handwerkskunst eingeflossen sind, f\u00fcr die Herstellung des Schmuckst\u00fccks verwendet. Alle Herstellungsschritte finden in Frankreich statt : Das Erstellen des Modells, Guss der Formen, die Oberfl\u00e4chenbehandlung des Schmuckst\u00fcckes mit dem anschliessenden vergolden oder versilbern&#8230; Sylvies Team \u00fcbernimmt die Herstellung, das Anpassen, die Vorbereitung der Bestellung, die Sie platziert haben, von Anfang bis Ende. Ihr Schmuckst\u00fcck wird sorgf\u00e4ltig in die Samttasche geschoben, bevor es endg\u00fcltig versandt wird. &#8222;Wir sind keine Industrie-Produktion oder reine Verk\u00e4ufer&#8230; Im Gegenteil, wir wollen diese Schmuckst\u00fccke handwerklich und einzigartig gestalten, wir sind stolz auf unsere Arbeit and unseren erotischen Schmuck &#8222;Made in France&#8220;. Wir kreieren mit Vergn\u00fcgen, ihr Vergn\u00fcgen ! Wir pr\u00e4sentieren auf unserer Website unsere eigenen Kreationen und Jeder, der unsere Juwelen Kauft, weiss, dass er uns jederzeit f\u00fcr informationen und Ratschl\u00e4ge, Kontaktieren kann.<\/p>\n\n\n\n<h2 class=\"wp-block-heading has-text-align-center\">Sylvie Monthul\u00e9, Malerin&#8230;.<\/h2>\n\n\n\n<p>Sylvies zweite Leidenschaft ist die \u00d6lmalerei :&nbsp;&#8222;Malen Sie den K\u00f6rper, seinen Schwung, seine Geschichte, erraten Sie nur sein Geheimnis&#8230;&#8220;<\/p>\n\n\n<div class=\"wp-block-image\">\n<figure class=\"aligncenter\"><img loading=\"lazy\" decoding=\"async\" width=\"585\" height=\"585\" src=\"https:\/\/www.sylvie-monthule.com\/wp-content\/uploads\/2018\/07\/sylvie-monthule-artiste-peintre-\u00e9rotique.jpg\" alt=\"\" class=\"wp-image-63255\" srcset=\"https:\/\/www.sylvie-monthule.com\/wp-content\/uploads\/2018\/07\/sylvie-monthule-artiste-peintre-\u00e9rotique.jpg 585w, https:\/\/www.sylvie-monthule.com\/wp-content\/uploads\/2018\/07\/sylvie-monthule-artiste-peintre-\u00e9rotique-150x150.jpg 150w, https:\/\/www.sylvie-monthule.com\/wp-content\/uploads\/2018\/07\/sylvie-monthule-artiste-peintre-\u00e9rotique-300x300.jpg 300w, https:\/\/www.sylvie-monthule.com\/wp-content\/uploads\/2018\/07\/sylvie-monthule-artiste-peintre-\u00e9rotique-180x180.jpg 180w\" sizes=\"auto, (max-width: 585px) 100vw, 585px\" \/><\/figure><\/div>\n\n\n<p class=\"has-text-align-center\"><\/p>\n","protected":false},"excerpt":{"rendered":"<p>30 Jahre erotische Kreationen ! 30 Jahre Zeichnungen, Ideen, Tr\u00e4ume, W\u00fcnsche, f\u00fcr Juwelen des Vergn\u00fcgens. Sylvie Monthul\u00e9, Designerin von Intimschmuck, Handwerkerin des Vergn\u00fcgens&#8230; Stellen Sie sich ein Juwel vor, von Anfang bis Ende&#8230; die erste Skizze, dann die Details, die Kurven&#8230; Gib ihm Leben, forme es, gl\u00e4tte es&#8230; bis der K\u00f6rper alle Geheimnisse entdeckt. Entdecken [&hellip;]<\/p>\n","protected":false},"author":9379,"featured_media":0,"parent":0,"menu_order":0,"comment_status":"closed","ping_status":"closed","template":"","meta":{"_acf_changed":false,"footnotes":""},"class_list":["post-56545","page","type-page","status-publish","hentry"],"acf":[],"_links":{"self":[{"href":"https:\/\/www.sylvie-monthule.com\/de\/wp-json\/wp\/v2\/pages\/56545","targetHints":{"allow":["GET"]}}],"collection":[{"href":"https:\/\/www.sylvie-monthule.com\/de\/wp-json\/wp\/v2\/pages"}],"about":[{"href":"https:\/\/www.sylvie-monthule.com\/de\/wp-json\/wp\/v2\/types\/page"}],"author":[{"embeddable":true,"href":"https:\/\/www.sylvie-monthule.com\/de\/wp-json\/wp\/v2\/users\/9379"}],"replies":[{"embeddable":true,"href":"https:\/\/www.sylvie-monthule.com\/de\/wp-json\/wp\/v2\/comments?post=56545"}],"version-history":[{"count":25,"href":"https:\/\/www.sylvie-monthule.com\/de\/wp-json\/wp\/v2\/pages\/56545\/revisions"}],"predecessor-version":[{"id":145996,"href":"https:\/\/www.sylvie-monthule.com\/de\/wp-json\/wp\/v2\/pages\/56545\/revisions\/145996"}],"wp:attachment":[{"href":"https:\/\/www.sylvie-monthule.com\/de\/wp-json\/wp\/v2\/media?parent=56545"}],"curies":[{"name":"wp","href":"https:\/\/api.w.org\/{rel}","templated":true}]}}