{"id":56543,"date":"2018-09-11T14:57:10","date_gmt":"2018-09-11T13:57:10","guid":{"rendered":"https:\/\/www.sylvie-monthule.com\/?page_id=56543\/"},"modified":"2022-05-20T10:02:12","modified_gmt":"2022-05-20T09:02:12","slug":"qualitat","status":"publish","type":"page","link":"https:\/\/www.sylvie-monthule.com\/de\/qualitat\/","title":{"rendered":"Qual\u00eftat"},"content":{"rendered":"\n<div class=\"wp-block-image\"><figure class=\"aligncenter size-full is-resized\"><img loading=\"lazy\" decoding=\"async\" src=\"https:\/\/www.sylvie-monthule.com\/wp-content\/uploads\/2022\/05\/fabrication-france.jpeg\" alt=\"bijou-intime-fabrication-france-designer\" class=\"wp-image-127096\" width=\"240\" height=\"240\" srcset=\"https:\/\/www.sylvie-monthule.com\/wp-content\/uploads\/2022\/05\/fabrication-france.jpeg 960w, https:\/\/www.sylvie-monthule.com\/wp-content\/uploads\/2022\/05\/fabrication-france-300x300.jpeg 300w, https:\/\/www.sylvie-monthule.com\/wp-content\/uploads\/2022\/05\/fabrication-france-150x150.jpeg 150w, https:\/\/www.sylvie-monthule.com\/wp-content\/uploads\/2022\/05\/fabrication-france-768x768.jpeg 768w, https:\/\/www.sylvie-monthule.com\/wp-content\/uploads\/2022\/05\/fabrication-france-600x600.jpeg 600w, https:\/\/www.sylvie-monthule.com\/wp-content\/uploads\/2022\/05\/fabrication-france-100x100.jpeg 100w\" sizes=\"auto, (max-width: 240px) 100vw, 240px\" \/><\/figure><\/div>\n\n\n<p class=\"romantic\" style=\"text-align: center;\">Seit mehr als 25 Jahren ist Sylvie Monthul\u00e9, franz\u00f6sische Designerin,<br \/>erdenkt, designed und fertigt f\u00fcr Sie einzigartiger erotischer Schmuck.<br \/>Die Marke &#8222;Sylvie Monthul\u00e9&#8220; ist registriert und gesch\u00fctzt.<\/p>\n<p>\u00a0<\/p>\n<h2><span style=\"color: #000000;\">QUALIT\u00c4T UND FRANZ\u00d6SISCHE FERTIGUNG<\/span><\/h2>\n<p style=\"text-align: justify;\">Alle Sylvie Monthul\u00e9-Schmuckst\u00fccke werden in Frankreich mit hervorragenden und hypoallergenen Materialien hergestellt. Zu jedem Schmuckst\u00fcck finden Sie die wesentlichen Informationen sowie die Beschreibung und das Material (vergoldet oder versilbert, Hochvergoldung, etc&#8230;). Die Marke Sylvie Monthul\u00e9 ist gesch\u00fctzt und eingetragen. Wenn Sie mehr \u00fcber den Designer erfahren m\u00f6chten, besuchen Sie bitte die <a href=\"https:\/\/www.sylvie-monthule.com\/de\/kuenstlerin\/\">Seite des Designers<\/a>.<\/p>\n<p>\u00a0<\/p>\n<h2>WERKST\u00c4TTEN UND AFTER-SALES-SERVICE<\/h2>\n<p style=\"text-align: justify;\">Unsere Werkst\u00e4tten verf\u00fcgen \u00fcber einen After-Sales-Service. Wir stehen Ihnen zur Verf\u00fcgung, um Gr\u00f6\u00dfen\u00e4nderungen oder Reparaturen an Ihrem Schmuck vorzunehmen, unabh\u00e4ngig vom Kaufdatum. Wir bitten Sie lediglich um die \u00dcbernahme der Versandkosten f\u00fcr die R\u00fccksendung Ihres Schmuckst\u00fccks bzw. Ihrer Schmuckst\u00fccke, und je nach Art der durchzuf\u00fchrenden Reparatur kann eine geringe Geb\u00fchr verlangt werden. Sollte eines unserer Schmuckst\u00fccke mit einem Defekt geliefert werden oder &#8222;besch\u00e4digt&#8220; bei Ihnen ankommen, wird unsere Werkstatt selbstverst\u00e4ndlich auf unsere Kosten und innerhalb k\u00fcrzester Zeit f\u00fcr seine Reparatur oder seinen Austausch sorgen.<\/p>\n<p>\u00a0<\/p>\n<h2>Tipps f\u00fcr die Pflege Ihres Schmucks<\/h2>\n<p>Um die Brillanz und Qualit\u00e4t Ihres Schmucks zu erhalten, hier ein paar Tipps:<br \/>&#8211; Waschen Sie sie mit Seifenlauge und verwenden Sie keinen Alkohol.<br \/>&#8211; Vermeiden Sie es, Parf\u00fcm auf Ihren Schmuck zu spr\u00fchen.<br \/>&#8211; Vermeiden Sie das Schwimmen im Meer oder in einem Schwimmbad<br \/>(Salz und Chlor k\u00f6nnen Ihren Schmuck anlaufen lassen)<br \/>&#8211; Klitorisschmuck, Penetrationsschmuck;<br \/>Reinigen Sie Ihren Schmuck vor und nach jedem Gebrauch mit Seifenwasser<br \/>und verwenden Sie ggf. ein Gleitgel, bevor Sie einen Vaginal- oder Analschmuck einf\u00fchren.<br \/>Tragen Sie Ihren Intimschmuck nicht, wenn der Bereich gereizt oder empfindlich ist.<br \/>Verleihen Sie Ihren Sexschmuck nicht an andere Personen.<br \/>&#8211; Versilberter Schmuck; Silber kann auf nat\u00fcrliche Weise schwarz werden. Reiben Sie Ihren Schmuck einfach mit einem weichen<br \/>mit einem weichen Tuch, um seinen Glanz wiederherzustellen.<br \/>&#8211; Bewahren Sie Ihren Schmuck nach jedem Gebrauch in seinem Etui auf, um ihn zu sch\u00fctzen.<br \/>&#8211; Die Firma Sylvie Monthul\u00e9 \/ Ose cr\u00e9ations erstellt und vermarktet<br \/>erotischer Schmuck f\u00fcr Erwachsene und f\u00fcr einen bestimmten Zweck.<br \/>Sie kann auf keinen Fall f\u00fcr eine andere Verwendung verantwortlich gemacht werden, die<br \/>die aus seinen Schmuckst\u00fccken gemacht werden w\u00fcrden.<\/p>\n<p>\u00a0<\/p>\n<h2>RUCKSENDUNG<\/h2>\n<p>Was auch immer der Grund f\u00fcr die R\u00fcckgabe Ihres Schmuckst\u00fccks ist, kontaktieren Sie uns per E-Mail contact@sylvie-monthule.com, unter Angabe der Nummer Ihrer Bestellung und des Grundes f\u00fcr die R\u00fccksendung. Wir werden Sie sehr schnell \u00fcber das weitere Vorgehen informieren.<\/p>\n<p>In jedem Fall muss Ihr Schmuckst\u00fcck an uns zur\u00fcckgeschickt werden;<br \/>&#8211; sauber und\/oder gereinigt<br \/>&#8211; in einer Schutzverpackung oder in der Originalverpackung<br \/>zusammen mit Ihren vollst\u00e4ndigen Kontaktdaten<br \/>und\/oder einer Kopie der Rechnung.<\/p>\n<p><strong>Achtung<\/strong>; aus hygienischen Gr\u00fcnden, Stimulierender und Penetrierender Schmuck, Klitoris Schmuck, Anal Schmuck, etc&#8230; werden weder umgetauscht noch erstattet. Alle Schmuckst\u00fccke k\u00f6nnen f\u00fcr Gr\u00f6\u00dfen\u00e4nderungen oder Reparaturen an uns<\/p>","protected":false},"excerpt":{"rendered":"<p>Seit mehr als 25 Jahren ist Sylvie Monthul\u00e9, franz\u00f6sische Designerin,erdenkt, designed und fertigt f\u00fcr Sie einzigartiger erotischer Schmuck.Die Marke &#8222;Sylvie Monthul\u00e9&#8220; ist registriert und gesch\u00fctzt. \u00a0 QUALIT\u00c4T UND FRANZ\u00d6SISCHE FERTIGUNG Alle Sylvie Monthul\u00e9-Schmuckst\u00fccke werden in Frankreich mit hervorragenden und hypoallergenen Materialien hergestellt. Zu jedem Schmuckst\u00fcck finden Sie die wesentlichen Informationen sowie die Beschreibung und das [&hellip;]<\/p>\n","protected":false},"author":9379,"featured_media":0,"parent":0,"menu_order":0,"comment_status":"closed","ping_status":"closed","template":"","meta":{"_acf_changed":false,"footnotes":""},"class_list":["post-56543","page","type-page","status-publish","hentry"],"acf":[],"_links":{"self":[{"href":"https:\/\/www.sylvie-monthule.com\/de\/wp-json\/wp\/v2\/pages\/56543","targetHints":{"allow":["GET"]}}],"collection":[{"href":"https:\/\/www.sylvie-monthule.com\/de\/wp-json\/wp\/v2\/pages"}],"about":[{"href":"https:\/\/www.sylvie-monthule.com\/de\/wp-json\/wp\/v2\/types\/page"}],"author":[{"embeddable":true,"href":"https:\/\/www.sylvie-monthule.com\/de\/wp-json\/wp\/v2\/users\/9379"}],"replies":[{"embeddable":true,"href":"https:\/\/www.sylvie-monthule.com\/de\/wp-json\/wp\/v2\/comments?post=56543"}],"version-history":[{"count":12,"href":"https:\/\/www.sylvie-monthule.com\/de\/wp-json\/wp\/v2\/pages\/56543\/revisions"}],"predecessor-version":[{"id":127108,"href":"https:\/\/www.sylvie-monthule.com\/de\/wp-json\/wp\/v2\/pages\/56543\/revisions\/127108"}],"wp:attachment":[{"href":"https:\/\/www.sylvie-monthule.com\/de\/wp-json\/wp\/v2\/media?parent=56543"}],"curies":[{"name":"wp","href":"https:\/\/api.w.org\/{rel}","templated":true}]}}