{"id":56536,"date":"2018-09-11T14:56:00","date_gmt":"2018-09-11T13:56:00","guid":{"rendered":"https:\/\/www.sylvie-monthule.com\/?page_id=56536\/"},"modified":"2019-10-10T13:48:48","modified_gmt":"2019-10-10T12:48:48","slug":"kontakt","status":"publish","type":"page","link":"https:\/\/www.sylvie-monthule.com\/de\/kontakt\/","title":{"rendered":"Kontakt"},"content":{"rendered":"<p class=\"romantic\" style=\"text-align: center;\">Ben\u00f6tigen Sie weitergehende Informationen&#8230;<br \/>\nwir stehen Ihnen gerne zur Verf\u00fcgung.<\/p>\n<p style=\"text-align: center;\">TEL 00 33 1 48 82 44 46<br \/>\nEmail : <a href=\"mailto:contact@sylvie-monthule.com\" target=\"_blank\" rel=\"noopener noreferrer\">contact@sylvie-monthule.com<\/a><\/p>\n<p style=\"text-align: center;\">Unsere postalische Adresse :<\/p>\n<p style=\"text-align: center;\">Ose cr\u00e9ations &#8211; Sylvie Monthul\u00e9<br \/>\n269 Avenue du G\u00e9neral de Gaulle<br \/>\n94500 CHAMPIGNY SUR MARNE &#8211; FRANCE<\/p>\n<p style=\"text-align: center;\"><img loading=\"lazy\" decoding=\"async\" class=\"alignnone wp-image-15612 cadre\" src=\"https:\/\/www.sylvie-monthule.com\/wp-content\/uploads\/2015\/02\/st146-0-string-eventail-libertin-pompon-or-300x300.jpg\" alt=\"\" width=\"250\" height=\"250\" srcset=\"https:\/\/www.sylvie-monthule.com\/wp-content\/uploads\/2015\/02\/st146-0-string-eventail-libertin-pompon-or-300x300.jpg 300w, https:\/\/www.sylvie-monthule.com\/wp-content\/uploads\/2015\/02\/st146-0-string-eventail-libertin-pompon-or-1024x1024.jpg 1024w, https:\/\/www.sylvie-monthule.com\/wp-content\/uploads\/2015\/02\/st146-0-string-eventail-libertin-pompon-or-150x150.jpg 150w, https:\/\/www.sylvie-monthule.com\/wp-content\/uploads\/2015\/02\/st146-0-string-eventail-libertin-pompon-or-768x768.jpg 768w, https:\/\/www.sylvie-monthule.com\/wp-content\/uploads\/2015\/02\/st146-0-string-eventail-libertin-pompon-or-600x600.jpg 600w, https:\/\/www.sylvie-monthule.com\/wp-content\/uploads\/2015\/02\/st146-0-string-eventail-libertin-pompon-or-100x100.jpg 100w, https:\/\/www.sylvie-monthule.com\/wp-content\/uploads\/2015\/02\/st146-0-string-eventail-libertin-pompon-or.jpg 1400w\" sizes=\"auto, (max-width: 250px) 100vw, 250px\" \/><\/p>\n<p style=\"text-align: center;\">\n","protected":false},"excerpt":{"rendered":"<p>Ben\u00f6tigen Sie weitergehende Informationen&#8230; wir stehen Ihnen gerne zur Verf\u00fcgung. TEL 00 33 1 48 82 44 46 Email : contact@sylvie-monthule.com Unsere postalische Adresse : Ose cr\u00e9ations &#8211; Sylvie Monthul\u00e9 269 Avenue du G\u00e9neral de Gaulle 94500 CHAMPIGNY SUR MARNE &#8211; FRANCE<\/p>\n","protected":false},"author":9379,"featured_media":0,"parent":0,"menu_order":0,"comment_status":"closed","ping_status":"closed","template":"","meta":{"_acf_changed":false,"footnotes":""},"class_list":["post-56536","page","type-page","status-publish","hentry"],"acf":[],"_links":{"self":[{"href":"https:\/\/www.sylvie-monthule.com\/de\/wp-json\/wp\/v2\/pages\/56536","targetHints":{"allow":["GET"]}}],"collection":[{"href":"https:\/\/www.sylvie-monthule.com\/de\/wp-json\/wp\/v2\/pages"}],"about":[{"href":"https:\/\/www.sylvie-monthule.com\/de\/wp-json\/wp\/v2\/types\/page"}],"author":[{"embeddable":true,"href":"https:\/\/www.sylvie-monthule.com\/de\/wp-json\/wp\/v2\/users\/9379"}],"replies":[{"embeddable":true,"href":"https:\/\/www.sylvie-monthule.com\/de\/wp-json\/wp\/v2\/comments?post=56536"}],"version-history":[{"count":6,"href":"https:\/\/www.sylvie-monthule.com\/de\/wp-json\/wp\/v2\/pages\/56536\/revisions"}],"predecessor-version":[{"id":79813,"href":"https:\/\/www.sylvie-monthule.com\/de\/wp-json\/wp\/v2\/pages\/56536\/revisions\/79813"}],"wp:attachment":[{"href":"https:\/\/www.sylvie-monthule.com\/de\/wp-json\/wp\/v2\/media?parent=56536"}],"curies":[{"name":"wp","href":"https:\/\/api.w.org\/{rel}","templated":true}]}}