{"id":56534,"date":"2018-09-11T14:55:45","date_gmt":"2018-09-11T13:55:45","guid":{"rendered":"https:\/\/www.sylvie-monthule.com\/?page_id=56534\/"},"modified":"2026-02-10T13:46:52","modified_gmt":"2026-02-10T12:46:52","slug":"allgemeine-verkaufsbedingungen","status":"publish","type":"page","link":"https:\/\/www.sylvie-monthule.com\/de\/allgemeine-verkaufsbedingungen\/","title":{"rendered":"Allgemeine Verkaufsbedingungen"},"content":{"rendered":"<h2><\/h2>\n<h2>TECHNISCHE UND ADMINISTRATIVE INFORMATIONEN \u00dcBER UNSERE WEBSITE<\/h2>\n<p style=\"text-align: justify;\"><strong>Die Website www.sylvie-monthule.com ist eine \u00fcber das Internet-Netzwerk zug\u00e4ngliche E-Commerce-Website, die jedem Nutzer dieses Netzwerks offen steht. Sie wird von der Gesellschaft Ose Creations, SARL mit einem Kapital von 8000 Euro herausgegeben, deren Sitz sich in 269 Avenue du G\u00e9n\u00e9ral de Gaulle &#8211; 94500 Champigny sur Marne &#8211; Frankreich <\/strong><br \/>\n<strong>siret n\u00b0 433 682 952 00026<\/strong><\/p>\n<h2>Artikel 1. Zweck der Seite<\/h2>\n<p style=\"text-align: justify;\">Die Website erm\u00f6glicht es Sylvie Monthul\u00e9, erotischen Schmuck und Dessous sowie Zeichnungen und Gem\u00e4lde (Originale oder Drucke), die von Sylvie Monthul\u00e9 und Ose cr\u00e9ations hergestellt und realisiert wurden, Internetnutzern, die auf der Website surfen, zum Verkauf anzubieten . F\u00fcr die Anwendung der vorliegenden Bestimmungen wird vereinbart, dass der Nutzer und Sylvie Monthul\u00e9 gemeinsam als \u201eParteien\u201d und einzeln als \u201ePartei\u201d bezeichnet werden und dass der Nutzer, der eine Bestellung best\u00e4tigt hat, als \u201eK\u00e4ufer\u201d bezeichnet wird. Die Rechte und Pflichten des Nutzers gelten zwangsl\u00e4ufig auch f\u00fcr den K\u00e4ufer.<\/p>\n<h2>Artikel 2. Der Vertrag &#8211; Bedingungen f\u00fcr die Auftragserteilung<\/h2>\n<p style=\"text-align: justify;\">Um Eink\u00e4ufe auf der Website zu t\u00e4tigen, erkl\u00e4rt der Benutzer, mindestens 18 Jahre alt zu sein. Der Benutzer, der auf der Website kaufen m\u00f6chte, erkl\u00e4rt, voll gesch\u00e4ftsf\u00e4hig zu sein. Jede Bestellung eines auf der Website vorgeschlagenen Produkts setzt die Konsultation und die ausdr\u00fcckliche Annahme der vorliegenden Allgemeinen Verkaufsbedingungen voraus, ohne dass diese Annahme jedoch durch eine handschriftliche Unterschrift im Namen des Benutzers bedingt ist. Gem\u00e4\u00df den Bestimmungen der Artikel 1316 bis 1316-4 des Zivilgesetzbuches, erg\u00e4nzt durch das Dekret Nr. 2001-272 vom 30. M\u00e4rz 2001, die sich auf die elektronische Unterschrift beziehen, wird daran erinnert, dass die Validierung des Bestellformulars, wie in Artikel 4.2 unten angegeben, eine elektronische Unterschrift darstellt, die zwischen den Parteien den gleichen Wert hat wie eine handschriftliche Unterschrift und ein Beweis f\u00fcr die Vollst\u00e4ndigkeit der Bestellung und die Zahlbarkeit der in Ausf\u00fchrung der besagten Bestellung f\u00e4lligen Betr\u00e4ge ist. Schlie\u00dflich wird festgelegt, dass der Benutzer diese Allgemeinen Verkaufsbedingungen speichern oder ausdrucken darf, sofern sie nicht ver\u00e4ndert werden.<\/p>\n<h2>Artikel 3. Produkte &#8211; Preise &#8211; Verf\u00fcgbarkeit<\/h2>\n<h3>3.1. Produkte<\/h3>\n<p style=\"text-align: justify;\">Die von Sylvie Monthul\u00e9 zum Verkauf angebotenen Produkte sind diejenigen, die am Tag des Besuchs der Website durch den Nutzer auf der Website aufgef\u00fchrt sind, vorbehaltlich der Verf\u00fcgbarkeit. Die Fotos und Texte, die die Produkte illustrieren, haben keinen vertraglichen Wert und bleiben das ausschlie\u00dfliche Eigentum ihres Urhebers. Sollten diese Fotos und\/oder Texte fehlerhaft sein, kann Sylvie Monthul\u00e9 hierf\u00fcr nicht haftbar gemacht werden. Die Fotos der Zeichnungen und Gem\u00e4lde (Originale und\/oder Drucke) k\u00f6nnen je nach Bildschirm des Nutzers Farbunterschiede aufweisen, f\u00fcr die Sylvie Monthul\u00e9 ebenfalls nicht haftbar gemacht werden kann.<\/p>\n<h3>3.2. Preise<\/h3>\n<p style=\"text-align: justify;\">Die auf der Website angezeigten Preise sind in Euro angegeben, einschlie\u00dflich aller franz\u00f6sischen Steuern (franz\u00f6sische MwSt.), ohne Versandkosten, die zus\u00e4tzlich in Rechnung gestellt werden und dem Benutzer bei der endg\u00fcltigen Validierung der Bestellung mitgeteilt werden. Sie ber\u00fccksichtigen m\u00f6gliche Erm\u00e4\u00dfigungen sowie die am Tag der Bestellung geltende Mehrwertsteuer, ausgenommen Druckfehler oder Auslassungen. K\u00e4ufer von au\u00dferhalb der Europ\u00e4ischen Union unterliegen nicht der franz\u00f6sischen Mehrwertsteuer. Der am Ende des Bestellvorgangs angegebene Preis wird nach der Adresse des Lieferlandes berechnet. Die Firma Ose cr\u00e9ations \/ Sylvie Monthul\u00e9 kann in keiner Weise auf die Mehrwertsteuer Einfluss nehmen, die vom Bestimmungsland angewandt wird und die der K\u00e4ufer bei Erhalt seiner Bestellung zu zahlen hat, und kann in keiner Weise f\u00fcr die H\u00f6he der Mehrwertsteuer verantwortlich gemacht werden, die der K\u00e4ufer zu zahlen hat. Es wird darauf hingewiesen, dass alle in Form von Rabattgutscheinen gew\u00e4hrten Aktionen nur f\u00fcr eine Bestellung pro Haushalt und f\u00fcr eine bestimmte G\u00fcltigkeitsdauer g\u00fcltig sind. Sylvie Monthul\u00e9 beh\u00e4lt sich das Recht vor, die Preise jederzeit zu \u00e4ndern, womit der Benutzer einverstanden ist. Die Produkte werden jedoch auf der Grundlage der zum Zeitpunkt der Bestellung g\u00fcltigen Preise in Rechnung gestellt, vorbehaltlich der Verf\u00fcgbarkeit der Produkte.<\/p>\n<h3>3.3.\u00a0Verf\u00fcgbarkeit<\/h3>\n<p style=\"text-align: justify;\">Sylvie Monthul\u00e9 nimmt Bestellungen im Rahmen der verf\u00fcgbaren Best\u00e4nde an. Im Falle der Nichtverf\u00fcgbarkeit eines der Produkte verpflichtet sich Sylvie Monthul\u00e9, innerhalb von drei\u00dfig (30) Tagen ab dem Datum der Validierung der Bestellung, entweder dem K\u00e4ufer ein \u00e4hnliches Produkt zu einem \u00e4hnlichen Preis anzubieten, oder den K\u00e4ufer in Form eines Gutscheins zu erstatten, oder den K\u00e4ufer per Scheck zu erstatten. Im Falle der Ausstellung eines Gutscheins kann der K\u00e4ufer auf Anfrage bei unserem Kundendienst die Stornierung desselben und seine R\u00fcckerstattung per Scheck per E-Mail an: oder per Post (zur besseren Sicherheit empfehlen wir jedoch, mit einem Brief mit Empfangsbest\u00e4tigung vorzugehen) an folgende Adresse zu senden ;<\/p>\n<p>Ose Cr\u00e9ations &#8211; Sylvie Monthul\u00e9<br \/>\n269 avenue du General de Gaulle<br \/>\n94500 Champigny sur Marne &#8211; France<\/p>\n<p style=\"text-align: justify;\">Um Ihre Anfrage richtig behandeln zu k\u00f6nnen, bitten wir Sie, uns die Nummer Ihrer Bestellung und Ihre vollst\u00e4ndigen Koordinaten mitzuteilen. Das Datum der Validierung der Bestellung entspricht bei Zahlung per Kreditkarte online dem Datum der Bestellung, bei Zahlung per Scheck dem Datum des Scheckeingangs. Sollte eines der Produkte Ihrer Bestellung nicht vorr\u00e4tig sein, liefern wir den Rest Ihrer Bestellung.<\/p>\n<h2>Artikel 4.\u00a0Registrierung einer Bestellung und endg\u00fcltige Validierung der Bestellung<\/h2>\n<h3>4.1.\u00a0Registrierung einer Bestellung<\/h3>\n<p style=\"text-align: justify;\">Der Benutzer, der eine Bestellung aufgeben m\u00f6chte, muss das\/die Produkt(e) seiner\/ihrer Wahl ausw\u00e4hlen und seinen\/ihren Wunsch durch Anklicken des Feldes &#8222;Kaufen&#8220; \u00e4u\u00dfern. Der Benutzer kann zu jeder Zeit :<\/p>\n<p>&#8211; eine \u00dcbersicht \u00fcber die von ihnen ausgew\u00e4hlten Produkte erhalten, indem sie auf &#8222;Warenkorb ansehen&#8220; klicken,<br \/>\n&#8211; seine Auswahl an Produkten fortsetzen, indem er auf &#8222;Weiter einkaufen&#8220; klickt,<br \/>\n&#8211; ihre Produktauswahl vervollst\u00e4ndigen und diese Produkte bestellen, indem sie auf &#8222;Meine Bestellung abschlie\u00dfen&#8220; klicken.<\/p>\n<p style=\"text-align: justify;\">Um die ausgew\u00e4hlten Produkte zu bestellen, muss sich jeder Benutzer nach dem Anklicken des Buttons &#8222;Meine Bestellung abschlie\u00dfen&#8220; durch Eingabe seiner pers\u00f6nlichen Daten in die daf\u00fcr vorgesehenen Felder identifizieren. Die mit einem Sternchen (*) versehenen Felder sind f\u00fcr die Bearbeitung der Bestellung zwingend erforderlich. Der Benutzer muss das daf\u00fcr vorgesehene Formular genau ausf\u00fcllen, auf dem er die f\u00fcr seine Identifizierung erforderlichen Angaben machen muss, insbesondere seinen Namen, Vornamen, seine Postanschrift und seine E-Mail-Adresse. Dar\u00fcber hinaus muss der Nutzer die Lieferadresse der Produkte angeben, und zwar nur eine Adresse pro Bestellung. Auf dem Bildschirm erscheint ein Bestellformular, in dem die Art, die Menge und der Preis der vom Benutzer ausgew\u00e4hlten Produkte sowie der Gesamtbetrag der Bestellung zusammengefasst sind. Der Benutzer kann die von ihm gew\u00fcnschte Zahlungsart w\u00e4hlen.<\/p>\n<h3>4.2.\u00a0Endg\u00fcltige Validierung der Bestellung<\/h3>\n<p style=\"text-align: justify;\">Nachdem der Benutzer den Status der Bestellung gelesen hat und alle angeforderten Informationen ausgef\u00fcllt hat, klickt er auf die gew\u00e4hlte Zahlungsmethode, um die Bestellung endg\u00fcltig zu best\u00e4tigen. Wenn der Benutzer seine Bestellung per Kreditkarte bezahlen m\u00f6chte, muss er seine Kreditkartennummer, je nach Kartentyp, das Ablaufdatum der Karte und die Kryptonummer (3-stellige Nummer auf der R\u00fcckseite der Kreditkarte) \u00fcbermitteln. Es wird darauf hingewiesen, dass bei der Wahl einer sofortigen Zahlung per Kreditkarte, wie in Artikel 5 unten vorgesehen, der Benutzer automatisch auf den Server f\u00fcr die elektronische Zahlung umgeschaltet wird. Der Server der Bank ist durch eine S.S.L.-Verschl\u00fcsselung (Secure Socket Layer) gesichert, um alle Daten im Zusammenhang mit den Zahlungsmitteln zu sch\u00fctzen. Zu keinem Zeitpunkt werden die Bankdaten des Benutzers durch das Computersystem der Website geleitet. Sylvie Monthul\u00e9 ist daher nicht daf\u00fcr verantwortlich. Sobald der Benutzer seine Zahlung best\u00e4tigt hat, wird die Bestellung aufgenommen. Der Benutzer wird zum K\u00e4ufer. Das Bestellformular wird in den Computerregistern der Website erfasst, die ihrerseits auf einem zuverl\u00e4ssigen und dauerhaften Datentr\u00e4ger aufbewahrt werden, und gilt als Beweis f\u00fcr die vertraglichen Beziehungen zwischen den Parteien.<\/p>\n<h2>Artikel 5. Zahlung<\/h2>\n<p style=\"text-align: justify;\">Der Nutzer kann die Zahlung per Kreditkarte, \u00dcberweisung oder Scheck vornehmen. Bei Zahlung per Kreditkarte wird der Betrag seiner Bestellung erst zum Zeitpunkt des Versands der von ihm bestellten Produkte abgebucht. Wenn der Nutzer sich f\u00fcr die Zahlung per Bankscheck entscheidet, wird die Bestellung erst nach Eingang des Schecks bearbeitet, und es gelten die am Tag des Scheckeingangs geltenden Fristen. Die Zahlung per Bankscheck ist nur f\u00fcr Schecks in Euro m\u00f6glich, die auf eine in Frankreich ans\u00e4ssige Bank ausgestellt sind. Die Bestellung wird erst nach Eingang des Schecks des K\u00e4ufers bearbeitet. Der Scheck wird nach Eingang eingel\u00f6st.<br \/>\nDer Scheck muss auf Ose cr\u00e9ations ausgestellt und an die folgende Adresse geschickt werden:<br \/>\nOse cr\u00e9ations- Sylvie Monthul\u00e9<br \/>\n269 avenue du general de gaulle<br \/>\n94500 Champigny sur Marne \u2013 Frankreich<br \/>\nBei Zahlung per \u00dcberweisung (Zahlungsart f\u00fcr K\u00e4ufer aus der Europ\u00e4ischen Union) wird die Bestellung erst nach Eingang der Zahlung bearbeitet.<br \/>\nDer vom K\u00e4ufer zu zahlende Betrag ist der Betrag, der auf der Bestellbest\u00e4tigung nach Best\u00e4tigung der Bestellung durch den K\u00e4ufer angegeben ist. Der K\u00e4ufer hat bei der Best\u00e4tigung seiner Bestellung die Wahl zwischen verschiedenen Zahlungsarten. Sofern der Server verf\u00fcgbar ist, kann die Zahlung wie folgt erfolgen:<\/p>\n<p>\u2013 sofort im Internet: per Kreditkarte (Carte Bleue, Visa, Eurocard\/Mastercard).<br \/>\n\u2013 per Bank\u00fcberweisung (der K\u00e4ufer erh\u00e4lt zusammen mit der Best\u00e4tigung seiner Bestellung<br \/>\nunsere Bankverbindung f\u00fcr die Zahlung)<br \/>\n\u2013 per Post: indem Sie Ihr Bestellformular ausdrucken und per Post an<br \/>\nOse cr\u00e9ations \u2013 269 avenue du g\u00e9n\u00e9ral de Gaulle \u2013 BP 219 \u2013 94500 Champigny sur Marne<br \/>\nsenden, zusammen mit einem Scheck, ausgestellt auf \u201eOse cr\u00e9ations\u201d.<br \/>\nIn jedem Fall wird die Bestellung erst nach Eingang der Bestellung bei Sylvie Monthul\u00e9 und nach Best\u00e4tigung der Zahlung best\u00e4tigt.<\/p>\n<p>HINWEIS: Sylvie Monthul\u00e9 beh\u00e4lt sich das Recht vor, Bestellungen oder Lieferungen aus folgenden Gr\u00fcnden abzulehnen:<br \/>\n\u2013 bestehender Rechtsstreit mit dem K\u00e4ufer,<br \/>\n\u2013 vollst\u00e4ndige oder teilweise Nichtbezahlung einer fr\u00fcheren Bestellung durch den K\u00e4ufer,<br \/>\n\u2013 Verweigerung der Genehmigung der Zahlung per Kreditkarte durch die Bankinstitute,<br \/>\n\u2013 Nichtbezahlung oder Teilzahlung,<br \/>\nSylvie Monthul\u00e9 kann in diesem Fall in keinem Fall haftbar gemacht werden.<br \/>\nGem\u00e4\u00df Artikel 6.2 unten hat der K\u00e4ufer ein Widerrufsrecht innerhalb einer Frist von vierzehn (14) Werktagen ab dem Datum des Erhalts der Produkte durch den K\u00e4ufer. Er muss dann die erhaltenen Produkte auf eigene Kosten in ihrem Originalzustand zur\u00fccksenden.<\/p>\n<p>&nbsp;<\/p>\n<h2>Artikel 6.\u00a0Lieferung und R\u00fcckgabe<\/h2>\n<h3>6.1. Lieferung<\/h3>\n<p style=\"text-align: justify;\">Die Lieferfrist f\u00fcr die Bestellung betr\u00e4gt in der Regel 2 Tage (f\u00fcr das franz\u00f6sische Mutterland) ab dem Datum des Versanddatums der Bestellung. Diese Frist unterliegt auch den Unw\u00e4gbarkeiten der Transportdienste, die den Versand der Pakete \u00fcbernehmen. Der K\u00e4ufer kann bei seiner Bestellung je nach Bestimmungsland zwischen folgenden Versandarten w\u00e4hlen: Collisimo, Abholstelle, Express. Die vom K\u00e4ufer bestellten Produkte (Schmuck, Originalzeichnungen oder Druckzeichnungen, Originalgem\u00e4lde oder Druckgem\u00e4lde) werden an die vom K\u00e4ufer auf dem Bestellformular angegebene Adresse geliefert. Der K\u00e4ufer hat die M\u00f6glichkeit, die Produkte an eine andere Adresse als seine eigene liefern zu lassen. Trotz aller Sorgfalt, die Sylvie Monthul\u00e9 bei der Vorbereitung der Pakete walten l\u00e4sst, kann es vorkommen, dass eines der Produkte w\u00e4hrend des Transports besch\u00e4digt wird. Aus diesem Grund muss der K\u00e4ufer bei Erhalt seiner Bestellung die Konformit\u00e4t der erhaltenen Produkte \u00fcberpr\u00fcfen. Jede Anomalie bez\u00fcglich der Lieferung (fehlendes oder besch\u00e4digtes Produkt, besch\u00e4digtes Paket) muss innerhalb von 48 Stunden per E-Mail mit einem Foto an contact@sylvie-monthule.com gemeldet werden.<\/p>\n<p>Wenn das Unternehmen Sylvie Monthul\u00e9 einen Lieferfehler begangen hat oder wenn ein Produkt besch\u00e4digt beim Kunden ankommt, wird Sylvie Monthul\u00e9 entweder den\/die fehlerhafte(n) Artikel umtauschen oder erstatten oder den\/die fehlende(n) Artikel nachsenden, vorbehaltlich der Begr\u00fcndetheit der Forderung des K\u00e4ufers. Wenn der K\u00e4ufer selbst einen Fehler bei der Auswahl der Produkte oder der Gr\u00f6\u00dfen gemacht hat, kann er die versehentlich bestellten Produkte an Sylvie Monthul\u00e9 zur\u00fccksenden, aber in diesem Fall gehen die Kosten f\u00fcr die R\u00fccksendung der Produkte zu seinen Lasten und die Versandkosten f\u00fcr die Nachlieferung der gew\u00fcnschten Ersatzprodukte werden ihm in Rechnung gestellt.<br \/>\nWenn der K\u00e4ufer eine falsche Lieferadresse angegeben und sich vor dem Versand seiner Bestellung nicht mit der Firma Ose cr\u00e9ations in Verbindung gesetzt hat und das Paket an die Firma Sylvie Monthul\u00e9\/Ose cr\u00e9ations zur\u00fcckgeschickt wird, muss der K\u00e4ufer erneut die Versandkosten f\u00fcr die erneute Zustellung seiner Bestellung an die richtige Adresse sowie die durch die R\u00fccksendung seines Pakets entstandenen Transportkosten (die dem Transportunternehmen von Ose cr\u00e9ations in Rechnung gestellt werden) tragen.<\/p>\n<h3>6.2. R\u00fcckgabe<\/h3>\n<p>Sie haben eine Frist von 14 Werktagen, um die von Ihnen bestellten Produkte in einer geeigneten Verpackung auf Ihre Kosten zur\u00fcckzusenden. Der Schmuck muss in einwandfreiem Zustand an uns zur\u00fcckgesandt werden (besch\u00e4digte, ge\u00f6ffnete oder gebrauchte Produkte k\u00f6nnen weder zur\u00fcckgenommen noch erstattet werden).<br \/>\nOriginalzeichnungen oder Druckzeichnungen sowie Originalgem\u00e4lde oder Drucke m\u00fcssen in ihrer Originalverpackung in einwandfreiem Zustand an uns zur\u00fcckgesandt werden (wenn sie besch\u00e4digt oder verschmutzt an uns zur\u00fcckgesandt werden, k\u00f6nnen sie weder zur\u00fcckgenommen noch erstattet werden).<\/p>\n<p>Diese Frist von 14 Tagen beginnt mit dem Tag des Erhalts der Bestellung. Schmuck, Zeichnungen und Gem\u00e4lde m\u00fcssen an folgende Adresse zur\u00fcckgesandt werden: Ose Cr\u00e9ations \/ Sylvie Monthul\u00e9 \u2013 269 avenue du General de Gaulle \u2013 94500 Champigny sur Marne \u2013 Frankreich.<\/p>\n<p>Wenn die oben genannten Bedingungen erf\u00fcllt sind, erstattet Sylvie Monthul\u00e9 dem K\u00e4ufer innerhalb von drei\u00dfig (30) Tagen nach Erhalt des Pakets durch Sylvie Monthul\u00e9 den f\u00fcr den Versand Ihrer Bestellung in Rechnung gestellten Betrag sowie die Kosten f\u00fcr die R\u00fccksendung der Schmuckst\u00fccke, Zeichnungen oder Gem\u00e4lde an Sylvie Monthul\u00e9.<\/p>\n<p>Bitte beachten Sie, dass Sylvie Monthul\u00e9 sich aufgrund der intimen Natur des Schmucks und aus hygienischen Gr\u00fcnden das Recht vorbeh\u00e4lt, die R\u00fcckgabe und R\u00fcckerstattung bestimmter Bestellungen abzulehnen. Penetrierender Schmuck, Klitoris-Schmuck, Anal-Schmuck und Sex-Schmuck werden weder umgetauscht noch erstattet. Sie k\u00f6nnen wie alle anderen Schmuckst\u00fccke zur Gr\u00f6\u00dfen\u00e4nderung oder eventuellen Reparatur an uns zur\u00fcckgesandt werden.<\/p>\n<h3>6.3.\u00a0Nicht abgeholtes Paket und\/oder abgelehntes Paket<\/h3>\n<p style=\"text-align: justify;\">Nicht abgeholte Pakete: Wenn ein Paket nicht innerhalb der von der Post gesetzten Frist vom Kunden abgeholt wurde, wird es grunds\u00e4tzlich automatisch an uns zur\u00fcckgeschickt. Sylvie Monthul\u00e9 h\u00e4lt die Produkte dann f\u00fcr 2 Monate ab dem Datum des Eingangs des nicht beanspruchten Pakets zur Verf\u00fcgung des Kunden. W\u00fcnscht der Kunde w\u00e4hrend dieser zwei Monate die R\u00fccksendung der Produkte, muss er zun\u00e4chst die von der Post berechneten Versandkosten f\u00fcr die R\u00fccksendung des Pakets bezahlen. Nach Ablauf dieser Frist wird Sylvie Monthul\u00e9, die R\u00fcckerstattung der Bestellung abz\u00fcglich der Verpackungskosten und eventuell der Versandkostenpauschale vornehmen, wenn die Bestellung von einem Angebot f\u00fcr kostenlosen Versand profitiert hat. Pakete, die von einem K\u00e4ufer von au\u00dferhalb der Europ\u00e4ischen Union abgelehnt werden: Der K\u00e4ufer, der eine Bestellung auf der Website von Sylvie Monthul\u00e9 aufgibt, unterliegt nicht der franz\u00f6sischen Mehrwertsteuer. Nach Erhalt der Bestellung muss der K\u00e4ufer die Zollgeb\u00fchren seines Landes bezahlen. Wenn der K\u00e4ufer sich weigert, die Steuer zu zahlen und das Paket zur\u00fcckweist, wird Sylvie Monthul\u00e9, sobald das Paket\u00a0zur\u00fcckerhalten wurde, den Betrag der Bestellung des K\u00e4ufers zur\u00fcckerstatten, indem sie den Betrag der Transportkosten, die f\u00fcr den Versand des Pakets angefallen sind, und auch die Kosten, die der Zoll Sylvie Monthul\u00e9 nach der Weigerung des Kunden in Rechnung stellt, abzieht.<\/p>\n<h2>Artikel 7.\u00a0Eigentumsvorbehalt<\/h2>\n<p style=\"text-align: justify;\">Die Produkte bleiben bis zur vollst\u00e4ndigen Bezahlung der Bestellung bei Sylvie Monthul\u00e9 Eigentum von Sylvie Monthul\u00e9. Ab dem Moment, in dem die Bestellung beim K\u00e4ufer eingeht, gehen jedoch die Risiken der gelieferten Waren auf den K\u00e4ufer \u00fcber.<\/p>\n<h2>Artikel 8.\u00a0Pers\u00f6nliche Informationen<\/h2>\n<p style=\"text-align: justify;\">Die im Rahmen des Fernabsatzes erhobenen personenbezogenen Daten sind zwingend erforderlich, da diese Daten f\u00fcr die Abwicklung und Lieferung von Bestellungen sowie f\u00fcr die Erstellung von Rechnungen notwendig sind. Die von Ose cr\u00e9ations \/ Sylvie monthul\u00e9 erhaltenen Kundeninformationen bleiben streng vertraulich und werden in keinem Fall an dritte Unternehmen oder Privatpersonen weitergegeben. In \u00dcbereinstimmung mit dem Gesetz Nr. 78-17 vom 6. Januar 1978 \u00fcber Datenverarbeitung, Dateien und Freiheiten wurde die Verarbeitung der auf der Website gesammelten pers\u00f6nlichen Daten bei der Commission Nationale de l&#8217;Informatique et des Libert\u00e9s angemeldet. Der Benutzer hat das Recht auf Zugang, \u00c4nderung, Berichtigung und L\u00f6schung der ihn betreffenden Daten. Um dieses Recht auszu\u00fcben, sollte der Benutzer einen Brief an den Kundenservice von Sylvie Monthul\u00e9 schicken. Der Benutzer muss unbedingt seinen Namen,\u00a0Vornamen und seine Adresse angeben. Je nach den bei der Bestellung getroffenen Auswahlen kann der Benutzer Angebote von Sylvie Monthul\u00e9 erhalten.<\/p>\n<h2>Artikel 9.\u00a0Lizenz zum Zugriff auf die Website und Web Beacons<\/h2>\n<h3>9.1.\u00a0Lizenz zum Zugriff auf die Website<\/h3>\n<p style=\"text-align: justify;\">ylvie Monthul\u00e9 gew\u00e4hrt eine eingeschr\u00e4nkte Lizenz f\u00fcr den Zugriff und die Nutzung der Website f\u00fcr den pers\u00f6nlichen Gebrauch. Unter keinen Umst\u00e4nden ist es dem Nutzer gestattet, diese Website ohne die ausdr\u00fcckliche schriftliche Genehmigung von Sylvie Monthul\u00e9 ganz oder teilweise herunterzuladen oder zu ver\u00e4ndern. Diese Lizenz berechtigt in keinem Fall zur Nutzung der Website oder ihres Inhalts (auf der Website aufgef\u00fchrte Produkte, d. h. Schmuck, Zeichnungen und Gem\u00e4lde, Beschreibungen, Preise, Herunterladen oder Kopieren von Informationen f\u00fcr einen anderen H\u00e4ndler, Nutzung von Daten, Software, Tonausschnitten, Grafiken, Bildern, Texten, Fotografien, Tools) zum Verkauf oder f\u00fcr andere kommerzielle Zwecke.<\/p>\n<p>Die Website oder Teile davon d\u00fcrfen ohne ausdr\u00fcckliche schriftliche Genehmigung von Sylvie Monthul\u00e9 unter keinen Umst\u00e4nden reproduziert, kopiert, verkauft oder f\u00fcr kommerzielle Zwecke genutzt werden. Der Nutzer darf ohne die ausdr\u00fcckliche schriftliche Genehmigung von Sylvie Monthul\u00e9 keine Techniken verwenden, die es erm\u00f6glichen, eine Marke, ein Logo oder andere Informationen (insbesondere Bilder, Texte, Modelle), deren Eigent\u00fcmerin Sylvie Monthul\u00e9 ist, zu kopieren. Der Nutzer darf ohne die ausdr\u00fcckliche schriftliche Zustimmung von Sylvie Monthul\u00e9 keine Meta-Tags oder andere \u201eversteckte\u201d Texte verwenden, die Namen oder Marken von Sylvie Monthul\u00e9 enthalten. Jede unbefugte Nutzung f\u00fchrt zur Beendigung der von Sylvie Monthul\u00e9 erteilten Lizenz.<\/p>\n<p>Sylvie Monthul\u00e9 gestattet dem Nutzer auf nicht exklusiver und widerruflicher Basis, einen Hyperlink zur Startseite der Website zu erstellen, sofern dieser Link Sylvie Monthul\u00e9 oder ihren Produkten oder Dienstleistungen keinen falschen, irref\u00fchrenden oder abwertenden Charakter verleiht oder ihr Schaden zuf\u00fcgt. In keinem Fall kann Sylvie Monthul\u00e9 durch die Erstellung dieses Hyperlinks in irgendeiner Weise f\u00fcr den Inhalt der Website haftbar gemacht werden. Jede Verwendung des Logos von Sylvie Monthul\u00e9, ihrer Marke oder ihrer Grafiken in einem Link bedarf der ausdr\u00fccklichen schriftlichen Genehmigung von Sylvie Monthul\u00e9. In jedem Fall sind die \u00fcber diese Tags erhaltenen Informationen streng anonym und dienen lediglich dazu, Statistiken \u00fcber die Nutzung bestimmter Seiten der Website zu erstellen, um den Nutzern der Website einen besseren Service bieten zu k\u00f6nnen.<\/p>\n<h2>Artikel 10.\u00a0Anwendbares Recht, Gerichtsstand und h\u00f6here Gewalt<\/h2>\n<h3>10.1.\u00a0Anwendbares Recht, zust\u00e4ndige Gerichtsbarkeit<\/h3>\n<p style=\"text-align: justify;\">Diese Allgemeinen Verkaufsbedingungen und die dem K\u00e4ufer zugesandte Bestellzusammenfassung bilden eine vertragliche Einheit und stellen das gesamte Vertragsverh\u00e4ltnis zwischen den Parteien dar. Im Falle von Widerspr\u00fcchen zwischen diesen Dokumenten haben die Allgemeinen Verkaufsbedingungen Vorrang. Die vorliegenden Allgemeinen Verkaufsbedingungen und die vertraglichen Beziehungen zwischen Sylvie Monthul\u00e9 und dem K\u00e4ufer unterliegen dem franz\u00f6sischen\u00a0Recht. Im Falle von Streitigkeiten wird eine g\u00fctliche L\u00f6sung angestrebt, bevor rechtliche Schritte eingeleitet werden. Wenn der Streit fortbesteht, wird er dem zust\u00e4ndigen Gericht vorgelegt.<\/p>\n<h3>10.2.\u00a0H\u00f6here Gewalt<\/h3>\n<p style=\"text-align: justify;\">Sylvie Monthul\u00e9 haftet nicht f\u00fcr die vollst\u00e4ndige oder teilweise Nichterf\u00fcllung ihrer Verpflichtungen aus diesem Vertrag, wenn diese Nichterf\u00fcllung durch ein Ereignis verursacht wird, das h\u00f6here Gewalt darstellt, einschlie\u00dflich, aber nicht beschr\u00e4nkt auf, Unterbrechung oder vollst\u00e4ndiger oder teilweiser Streik der Postdienste und Transport- und\/oder Kommunikationsmittel, \u00dcberschwemmung, Feuer. Die Parteien vereinbaren, sich so schnell wie m\u00f6glich zu konsultieren, um gemeinsam die Bedingungen f\u00fcr die Ausf\u00fchrung des Auftrags f\u00fcr die Dauer des Falls h\u00f6herer Gewalt festzulegen. Jede Partei hat das Recht auf eine zus\u00e4tzliche Ausf\u00fchrungsfrist. Dauert eine solche Situation l\u00e4nger als 60 Tage an, kann der Vertrag von beiden Parteien schriftlich und entsch\u00e4digungslos gek\u00fcndigt werden.<\/p>\n","protected":false},"excerpt":{"rendered":"<p>TECHNISCHE UND ADMINISTRATIVE INFORMATIONEN \u00dcBER UNSERE WEBSITE Die Website www.sylvie-monthule.com ist eine \u00fcber das Internet-Netzwerk zug\u00e4ngliche E-Commerce-Website, die jedem Nutzer dieses Netzwerks offen steht. Sie wird von der Gesellschaft Ose Creations, SARL mit einem Kapital von 8000 Euro herausgegeben, deren Sitz sich in 269 Avenue du G\u00e9n\u00e9ral de Gaulle &#8211; 94500 Champigny sur Marne &#8211; [&hellip;]<\/p>\n","protected":false},"author":9379,"featured_media":0,"parent":0,"menu_order":0,"comment_status":"closed","ping_status":"closed","template":"","meta":{"_acf_changed":false,"footnotes":""},"class_list":["post-56534","page","type-page","status-publish","hentry"],"acf":[],"_links":{"self":[{"href":"https:\/\/www.sylvie-monthule.com\/de\/wp-json\/wp\/v2\/pages\/56534","targetHints":{"allow":["GET"]}}],"collection":[{"href":"https:\/\/www.sylvie-monthule.com\/de\/wp-json\/wp\/v2\/pages"}],"about":[{"href":"https:\/\/www.sylvie-monthule.com\/de\/wp-json\/wp\/v2\/types\/page"}],"author":[{"embeddable":true,"href":"https:\/\/www.sylvie-monthule.com\/de\/wp-json\/wp\/v2\/users\/9379"}],"replies":[{"embeddable":true,"href":"https:\/\/www.sylvie-monthule.com\/de\/wp-json\/wp\/v2\/comments?post=56534"}],"version-history":[{"count":13,"href":"https:\/\/www.sylvie-monthule.com\/de\/wp-json\/wp\/v2\/pages\/56534\/revisions"}],"predecessor-version":[{"id":150185,"href":"https:\/\/www.sylvie-monthule.com\/de\/wp-json\/wp\/v2\/pages\/56534\/revisions\/150185"}],"wp:attachment":[{"href":"https:\/\/www.sylvie-monthule.com\/de\/wp-json\/wp\/v2\/media?parent=56534"}],"curies":[{"name":"wp","href":"https:\/\/api.w.org\/{rel}","templated":true}]}}