{"id":56532,"date":"2018-09-11T14:55:29","date_gmt":"2018-09-11T13:55:29","guid":{"rendered":"https:\/\/www.sylvie-monthule.com\/?page_id=56532\/"},"modified":"2021-04-09T14:39:23","modified_gmt":"2021-04-09T13:39:23","slug":"kollektionen","status":"publish","type":"page","link":"https:\/\/www.sylvie-monthule.com\/de\/kollektionen\/","title":{"rendered":"Kollektionen"},"content":{"rendered":"<h2 style=\"text-align: center;\">Entdecken Sie die intimen Juwelen nach Kollektion<\/h2>\n<p class=\"romantic\" style=\"text-align: justify;\">Sylvie Monthul\u00e9 stellt jedes Jahr eine neue Kollektion von Intimschmuck f\u00fcr Frauen und M\u00e4nner vor. Die Designerin sch\u00f6pft ihre Inspiration aus der Blumen- oder Pflanzenwelt, aber auch aus den Symbolen der Sexualit\u00e4t und der Sch\u00f6nheit des K\u00f6rpers. Sie stellt sich auch Sammlungen mit einem Thema vor; die Pracht venezianischer Feste, \u00e4gyptische Kunst, etc.<\/p>\n","protected":false},"excerpt":{"rendered":"<p>Entdecken Sie die intimen Juwelen nach Kollektion Sylvie Monthul\u00e9 stellt jedes Jahr eine neue Kollektion von Intimschmuck f\u00fcr Frauen und M\u00e4nner vor. Die Designerin sch\u00f6pft ihre Inspiration aus der Blumen- oder Pflanzenwelt, aber auch aus den Symbolen der Sexualit\u00e4t und der Sch\u00f6nheit des K\u00f6rpers. Sie stellt sich auch Sammlungen mit einem Thema vor; die Pracht [&hellip;]<\/p>\n","protected":false},"author":9379,"featured_media":0,"parent":0,"menu_order":0,"comment_status":"closed","ping_status":"closed","template":"page-templates\/collections.php","meta":{"_acf_changed":false,"footnotes":""},"class_list":["post-56532","page","type-page","status-publish","hentry"],"acf":[],"_links":{"self":[{"href":"https:\/\/www.sylvie-monthule.com\/de\/wp-json\/wp\/v2\/pages\/56532","targetHints":{"allow":["GET"]}}],"collection":[{"href":"https:\/\/www.sylvie-monthule.com\/de\/wp-json\/wp\/v2\/pages"}],"about":[{"href":"https:\/\/www.sylvie-monthule.com\/de\/wp-json\/wp\/v2\/types\/page"}],"author":[{"embeddable":true,"href":"https:\/\/www.sylvie-monthule.com\/de\/wp-json\/wp\/v2\/users\/9379"}],"replies":[{"embeddable":true,"href":"https:\/\/www.sylvie-monthule.com\/de\/wp-json\/wp\/v2\/comments?post=56532"}],"version-history":[{"count":9,"href":"https:\/\/www.sylvie-monthule.com\/de\/wp-json\/wp\/v2\/pages\/56532\/revisions"}],"predecessor-version":[{"id":109074,"href":"https:\/\/www.sylvie-monthule.com\/de\/wp-json\/wp\/v2\/pages\/56532\/revisions\/109074"}],"wp:attachment":[{"href":"https:\/\/www.sylvie-monthule.com\/de\/wp-json\/wp\/v2\/media?parent=56532"}],"curies":[{"name":"wp","href":"https:\/\/api.w.org\/{rel}","templated":true}]}}