{"id":126325,"date":"2022-03-23T10:50:52","date_gmt":"2022-03-23T09:50:52","guid":{"rendered":"https:\/\/www.sylvie-monthule.com\/?page_id=126325"},"modified":"2022-03-23T10:50:52","modified_gmt":"2022-03-23T09:50:52","slug":"newsletter","status":"publish","type":"page","link":"https:\/\/www.sylvie-monthule.com\/de\/newsletter\/","title":{"rendered":"Newsletter"},"content":{"rendered":"<p>Melden Sie sich f\u00fcr unseren Newsletter an, um exklusive Angebote zu erhalten,<br \/>\n\u00fcber Neuheiten und unsere Neuigkeiten informiert zu werden.<\/p>\n<p>Nat\u00fcrlich k\u00f6nnen Sie den Newsletter jederzeit und ganz einfach wieder abbestellen.<\/p>\n","protected":false},"excerpt":{"rendered":"<p>Melden Sie sich f\u00fcr unseren Newsletter an, um exklusive Angebote zu erhalten, \u00fcber Neuheiten und unsere Neuigkeiten informiert zu werden. Nat\u00fcrlich k\u00f6nnen Sie den Newsletter jederzeit und ganz einfach wieder abbestellen.<\/p>\n","protected":false},"author":9379,"featured_media":0,"parent":0,"menu_order":0,"comment_status":"closed","ping_status":"closed","template":"page-templates\/newsletter.php","meta":{"_acf_changed":false,"footnotes":""},"class_list":["post-126325","page","type-page","status-publish","hentry"],"acf":[],"_links":{"self":[{"href":"https:\/\/www.sylvie-monthule.com\/de\/wp-json\/wp\/v2\/pages\/126325","targetHints":{"allow":["GET"]}}],"collection":[{"href":"https:\/\/www.sylvie-monthule.com\/de\/wp-json\/wp\/v2\/pages"}],"about":[{"href":"https:\/\/www.sylvie-monthule.com\/de\/wp-json\/wp\/v2\/types\/page"}],"author":[{"embeddable":true,"href":"https:\/\/www.sylvie-monthule.com\/de\/wp-json\/wp\/v2\/users\/9379"}],"replies":[{"embeddable":true,"href":"https:\/\/www.sylvie-monthule.com\/de\/wp-json\/wp\/v2\/comments?post=126325"}],"version-history":[{"count":1,"href":"https:\/\/www.sylvie-monthule.com\/de\/wp-json\/wp\/v2\/pages\/126325\/revisions"}],"predecessor-version":[{"id":126326,"href":"https:\/\/www.sylvie-monthule.com\/de\/wp-json\/wp\/v2\/pages\/126325\/revisions\/126326"}],"wp:attachment":[{"href":"https:\/\/www.sylvie-monthule.com\/de\/wp-json\/wp\/v2\/media?parent=126325"}],"curies":[{"name":"wp","href":"https:\/\/api.w.org\/{rel}","templated":true}]}}